{"id":981,"date":"2024-03-13T19:20:16","date_gmt":"2024-03-13T22:20:16","guid":{"rendered":"https:\/\/meuherba.com\/?page_id=981"},"modified":"2024-03-21T17:58:39","modified_gmt":"2024-03-21T20:58:39","slug":"skin-beauty-booster-frutas-vermelhas-240g-colageno-verisol","status":"publish","type":"page","link":"https:\/\/meuherba.com\/index.php\/skin-beauty-booster-frutas-vermelhas-240g-colageno-verisol\/","title":{"rendered":"Skin Beauty Booster Frutas Vermelhas 240g Col\u00e1geno Verisol \u00ae"},"content":{"rendered":"\t\t<div data-elementor-type=\"wp-page\" data-elementor-id=\"981\" class=\"elementor elementor-981\" data-elementor-post-type=\"page\">\n\t\t\t\t<div class=\"elementor-element elementor-element-df1e310 e-flex e-con-boxed e-con e-parent\" data-id=\"df1e310\" data-element_type=\"container\" data-settings=\"{&quot;content_width&quot;:&quot;boxed&quot;}\" data-core-v316-plus=\"true\">\n\t\t\t\t\t<div class=\"e-con-inner\">\n\t\t<div class=\"elementor-element elementor-element-639599b e-con-full e-flex e-con e-child\" data-id=\"639599b\" data-element_type=\"container\" data-settings=\"{&quot;content_width&quot;:&quot;full&quot;}\">\n\t\t\t\t<div class=\"elementor-element elementor-element-bcaea60 elementor-widget elementor-widget-image\" data-id=\"bcaea60\" data-element_type=\"widget\" data-widget_type=\"image.default\">\n\t\t\t\t<div class=\"elementor-widget-container\">\n\t\t\t<style>\/*! elementor - v3.19.0 - 28-02-2024 *\/\n.elementor-widget-image{text-align:center}.elementor-widget-image a{display:inline-block}.elementor-widget-image a img[src$=\".svg\"]{width:48px}.elementor-widget-image img{vertical-align:middle;display:inline-block}<\/style>\t\t\t\t\t\t\t\t\t\t<img fetchpriority=\"high\" decoding=\"async\" width=\"550\" height=\"580\" src=\"https:\/\/meuherba.com\/wp-content\/uploads\/2024\/03\/1w-6671-skin-bea.png\" class=\"attachment-large size-large wp-image-986\" alt=\"\" srcset=\"https:\/\/meuherba.com\/wp-content\/uploads\/2024\/03\/1w-6671-skin-bea.png 550w, https:\/\/meuherba.com\/wp-content\/uploads\/2024\/03\/1w-6671-skin-bea-284x300.png 284w\" sizes=\"(max-width: 550px) 100vw, 550px\" \/>\t\t\t\t\t\t\t\t\t\t\t\t\t<\/div>\n\t\t\t\t<\/div>\n\t\t\t\t<\/div>\n\t\t<div class=\"elementor-element elementor-element-dfe2ac0 e-con-full e-flex e-con e-child\" data-id=\"dfe2ac0\" data-element_type=\"container\" data-settings=\"{&quot;content_width&quot;:&quot;full&quot;}\">\n\t\t\t\t<div class=\"elementor-element elementor-element-1e1966f elementor-widget elementor-widget-heading\" data-id=\"1e1966f\" data-element_type=\"widget\" data-widget_type=\"heading.default\">\n\t\t\t\t<div class=\"elementor-widget-container\">\n\t\t\t<style>\/*! elementor - v3.19.0 - 28-02-2024 *\/\n.elementor-heading-title{padding:0;margin:0;line-height:1}.elementor-widget-heading .elementor-heading-title[class*=elementor-size-]>a{color:inherit;font-size:inherit;line-height:inherit}.elementor-widget-heading .elementor-heading-title.elementor-size-small{font-size:15px}.elementor-widget-heading .elementor-heading-title.elementor-size-medium{font-size:19px}.elementor-widget-heading .elementor-heading-title.elementor-size-large{font-size:29px}.elementor-widget-heading .elementor-heading-title.elementor-size-xl{font-size:39px}.elementor-widget-heading .elementor-heading-title.elementor-size-xxl{font-size:59px}<\/style><h2 class=\"elementor-heading-title elementor-size-default\">Skin Beauty Booster Frutas Vermelhas 240g Col\u00e1geno Verisol \u00ae\n<\/h2>\t\t<\/div>\n\t\t\t\t<\/div>\n\t\t\t\t<div class=\"elementor-element elementor-element-371da7e elementor-align-left elementor-mobile-align-center elementor-widget elementor-widget-button\" data-id=\"371da7e\" data-element_type=\"widget\" data-widget_type=\"button.default\">\n\t\t\t\t<div class=\"elementor-widget-container\">\n\t\t\t\t\t<div class=\"elementor-button-wrapper\">\n\t\t\t<a class=\"elementor-button elementor-button-link elementor-size-sm\" href=\"https:\/\/api.whatsapp.com\/send?phone=5511971829371&#038;text=Ol%C3%A1,%20gostaria%20de%20adquirir%20Skin%20Beauty%20Booster%20Frutas%20Vermelhas\">\n\t\t\t\t\t\t<span class=\"elementor-button-content-wrapper\">\n\t\t\t\t\t\t<span class=\"elementor-button-text\">Quero adiquirir<\/span>\n\t\t<\/span>\n\t\t\t\t\t<\/a>\n\t\t<\/div>\n\t\t\t\t<\/div>\n\t\t\t\t<\/div>\n\t\t\t\t<\/div>\n\t\t\t\t\t<\/div>\n\t\t\t\t<\/div>\n\t\t<div class=\"elementor-element elementor-element-df5082b e-flex e-con-boxed e-con e-parent\" data-id=\"df5082b\" data-element_type=\"container\" data-settings=\"{&quot;background_background&quot;:&quot;classic&quot;,&quot;content_width&quot;:&quot;boxed&quot;}\" data-core-v316-plus=\"true\">\n\t\t\t\t\t<div class=\"e-con-inner\">\n\t\t\t\t\t<\/div>\n\t\t\t\t<\/div>\n\t\t<div class=\"elementor-element elementor-element-6580c9c e-flex e-con-boxed e-con e-parent\" data-id=\"6580c9c\" data-element_type=\"container\" data-settings=\"{&quot;content_width&quot;:&quot;boxed&quot;}\" data-core-v316-plus=\"true\">\n\t\t\t\t\t<div class=\"e-con-inner\">\n\t\t<div class=\"elementor-element elementor-element-513648d e-con-full e-flex e-con e-child\" data-id=\"513648d\" data-element_type=\"container\" data-settings=\"{&quot;content_width&quot;:&quot;full&quot;}\">\n\t\t\t\t<div class=\"elementor-element elementor-element-7e954c9 elementor-widget elementor-widget-heading\" data-id=\"7e954c9\" data-element_type=\"widget\" data-widget_type=\"heading.default\">\n\t\t\t\t<div class=\"elementor-widget-container\">\n\t\t\t<h2 class=\"elementor-heading-title elementor-size-default\">BEAUTY BOOSTER | COL\u00c1GENO VERISOL\u00ae NUTRA A SUA BELEZA<\/h2>\t\t<\/div>\n\t\t\t\t<\/div>\n\t\t\t\t<div class=\"elementor-element elementor-element-477acad elementor-widget elementor-widget-text-editor\" data-id=\"477acad\" data-element_type=\"widget\" data-widget_type=\"text-editor.default\">\n\t\t\t\t<div class=\"elementor-widget-container\">\n\t\t\t<style>\/*! elementor - v3.19.0 - 28-02-2024 *\/\n.elementor-widget-text-editor.elementor-drop-cap-view-stacked .elementor-drop-cap{background-color:#69727d;color:#fff}.elementor-widget-text-editor.elementor-drop-cap-view-framed .elementor-drop-cap{color:#69727d;border:3px solid;background-color:transparent}.elementor-widget-text-editor:not(.elementor-drop-cap-view-default) .elementor-drop-cap{margin-top:8px}.elementor-widget-text-editor:not(.elementor-drop-cap-view-default) .elementor-drop-cap-letter{width:1em;height:1em}.elementor-widget-text-editor .elementor-drop-cap{float:left;text-align:center;line-height:1;font-size:50px}.elementor-widget-text-editor .elementor-drop-cap-letter{display:inline-block}<\/style>\t\t\t\t<p>O Beauty Booster \u00e9 a op\u00e7\u00e3o\u00a0perfeita para quem busca uma pele saud\u00e1vel, bonita, jovem e radiante e al\u00e9m disso, atende aqueles que buscam um estilo de vida saud\u00e1vel, pois \u00e9 fonte de prote\u00ednas, vitaminas e minerais.<\/p><p>Herbalife Beauty Booster foi formulado com col\u00e1geno Verisol \u2122 *, testado para dar elasticidade a pele e agir na redu\u00e7\u00e3o das rugas (dentro de 4 a 8 semanas*), ajuda tamb\u00e9m no fortalecimento das unhas e na diminui\u00e7\u00e3o da celulite (dentro de 8 a 12 semanas).<\/p><p>A associa\u00e7\u00e3o do Col\u00e1geno Verisol \u2122 * com o whey protein (ambos fonte de prote\u00ednas) tamb\u00e9m ajuda a controlar a saciedade entre as principais refei\u00e7\u00f5es, \u00f3tima op\u00e7\u00e3o de lanche com 43 kcal.\u00a0Todos esses benef\u00edcios no delicioso sabor de Frutas Vermelhas.\u00a0\u00a0<\/p>\t\t\t\t\t\t<\/div>\n\t\t\t\t<\/div>\n\t\t\t\t<\/div>\n\t\t<div class=\"elementor-element elementor-element-f0dd259 e-con-full e-flex e-con e-child\" data-id=\"f0dd259\" data-element_type=\"container\" data-settings=\"{&quot;content_width&quot;:&quot;full&quot;}\">\n\t\t\t\t<div class=\"elementor-element elementor-element-0e86dd7 elementor-widget elementor-widget-heading\" data-id=\"0e86dd7\" data-element_type=\"widget\" data-widget_type=\"heading.default\">\n\t\t\t\t<div class=\"elementor-widget-container\">\n\t\t\t<h2 class=\"elementor-heading-title elementor-size-default\">COMO FUNCIONA\n\n<\/h2>\t\t<\/div>\n\t\t\t\t<\/div>\n\t\t\t\t<div class=\"elementor-element elementor-element-711f391 elementor-widget elementor-widget-text-editor\" data-id=\"711f391\" data-element_type=\"widget\" data-widget_type=\"text-editor.default\">\n\t\t\t\t<div class=\"elementor-widget-container\">\n\t\t\t\t\t\t\t<p>O Beauty Booster\u00b9 \u00e9 formulado com Col\u00e1geno Verisol\u00ae e Whey Protein e enriquecido com vitaminas e minerais.<\/p><p>Contribui na melhora da elasticidade da pele, age na redu\u00e7\u00e3o das rugas finas, auxilia na redu\u00e7\u00e3o da celulite, auxilia no controle da saciedade entre as principais refei\u00e7\u00f5es, promove o crescimento e beleza das unhas e auxilia na forma\u00e7\u00e3o de massa muscular.<\/p><p><strong>3 em 1: Cuidados para pele, cabelo e unha! | Formulado com COL\u00c1GENO VERISOL\u00ae | Menos de 45 calorias por por\u00e7\u00e3o | Vitamina C: auxilia na forma\u00e7\u00e3o do col\u00e1geno.\u00a0<\/strong><\/p><p><strong>Vitaminas A e B3, biotina e zinco: contribuem para a manuten\u00e7\u00e3o da pele | Vitamina E, cobre, sel\u00eanio: auxiliam na prote\u00e7\u00e3o dos danos causados pelos radicais livres |<\/strong><strong>\u00a0COM 8,4 G DE PROTE\u00cdNA POR POR\u00c7\u00c3O (COL\u00c1GENO + WHEY)<\/strong><\/p>\t\t\t\t\t\t<\/div>\n\t\t\t\t<\/div>\n\t\t\t\t<\/div>\n\t\t\t\t\t<\/div>\n\t\t\t\t<\/div>\n\t\t<div class=\"elementor-element elementor-element-aca0c9c e-flex e-con-boxed e-con e-parent\" data-id=\"aca0c9c\" data-element_type=\"container\" data-settings=\"{&quot;background_background&quot;:&quot;classic&quot;,&quot;content_width&quot;:&quot;boxed&quot;}\" data-core-v316-plus=\"true\">\n\t\t\t\t\t<div class=\"e-con-inner\">\n\t\t<div class=\"elementor-element elementor-element-4f663bb e-con-full e-flex e-con e-child\" data-id=\"4f663bb\" data-element_type=\"container\" data-settings=\"{&quot;content_width&quot;:&quot;full&quot;}\">\n\t\t\t\t<div class=\"elementor-element elementor-element-39040bb elementor-widget elementor-widget-image\" data-id=\"39040bb\" data-element_type=\"widget\" data-widget_type=\"image.default\">\n\t\t\t\t<div class=\"elementor-widget-container\">\n\t\t\t\t\t\t\t\t\t\t\t\t\t<img decoding=\"async\" width=\"690\" height=\"510\" src=\"https:\/\/meuherba.com\/wp-content\/uploads\/2024\/03\/68-3306c-skin-beauty-booster.png\" class=\"attachment-large size-large wp-image-991\" alt=\"\" srcset=\"https:\/\/meuherba.com\/wp-content\/uploads\/2024\/03\/68-3306c-skin-beauty-booster.png 690w, https:\/\/meuherba.com\/wp-content\/uploads\/2024\/03\/68-3306c-skin-beauty-booster-300x222.png 300w\" sizes=\"(max-width: 690px) 100vw, 690px\" \/>\t\t\t\t\t\t\t\t\t\t\t\t\t<\/div>\n\t\t\t\t<\/div>\n\t\t\t\t<\/div>\n\t\t<div class=\"elementor-element elementor-element-a2a071a e-con-full e-flex e-con e-child\" data-id=\"a2a071a\" data-element_type=\"container\" data-settings=\"{&quot;content_width&quot;:&quot;full&quot;}\">\n\t\t\t\t<div class=\"elementor-element elementor-element-f19b72d elementor-widget elementor-widget-image\" data-id=\"f19b72d\" data-element_type=\"widget\" data-widget_type=\"image.default\">\n\t\t\t\t<div class=\"elementor-widget-container\">\n\t\t\t\t\t\t\t\t\t\t\t\t\t<img decoding=\"async\" width=\"530\" height=\"300\" src=\"https:\/\/meuherba.com\/wp-content\/uploads\/2024\/03\/68-5630b-skin-beauty-booster.png\" class=\"attachment-large size-large wp-image-992\" alt=\"\" srcset=\"https:\/\/meuherba.com\/wp-content\/uploads\/2024\/03\/68-5630b-skin-beauty-booster.png 530w, https:\/\/meuherba.com\/wp-content\/uploads\/2024\/03\/68-5630b-skin-beauty-booster-300x170.png 300w\" sizes=\"(max-width: 530px) 100vw, 530px\" \/>\t\t\t\t\t\t\t\t\t\t\t\t\t<\/div>\n\t\t\t\t<\/div>\n\t\t\t\t<\/div>\n\t\t\t\t\t<\/div>\n\t\t\t\t<\/div>\n\t\t<div class=\"elementor-element elementor-element-77d5131 e-flex e-con-boxed e-con e-parent\" data-id=\"77d5131\" data-element_type=\"container\" data-settings=\"{&quot;content_width&quot;:&quot;boxed&quot;}\" data-core-v316-plus=\"true\">\n\t\t\t\t\t<div class=\"e-con-inner\">\n\t\t\t\t<div class=\"elementor-element elementor-element-c951796 elementor-widget elementor-widget-heading\" data-id=\"c951796\" data-element_type=\"widget\" data-widget_type=\"heading.default\">\n\t\t\t\t<div class=\"elementor-widget-container\">\n\t\t\t<h2 class=\"elementor-heading-title elementor-size-default\">INFORMA\u00c7\u00c3O NUTRICIONAL\n<\/h2>\t\t<\/div>\n\t\t\t\t<\/div>\n\t\t\t\t<div class=\"elementor-element elementor-element-7e5f9f8 elementor-widget elementor-widget-image\" data-id=\"7e5f9f8\" data-element_type=\"widget\" data-widget_type=\"image.default\">\n\t\t\t\t<div class=\"elementor-widget-container\">\n\t\t\t\t\t\t\t\t\t\t\t\t\t<img loading=\"lazy\" decoding=\"async\" width=\"800\" height=\"496\" src=\"https:\/\/meuherba.com\/wp-content\/uploads\/2024\/03\/68-5938d-skin-beauty-booster-1024x635.png\" class=\"attachment-large size-large wp-image-996\" alt=\"\" srcset=\"https:\/\/meuherba.com\/wp-content\/uploads\/2024\/03\/68-5938d-skin-beauty-booster-1024x635.png 1024w, https:\/\/meuherba.com\/wp-content\/uploads\/2024\/03\/68-5938d-skin-beauty-booster-300x186.png 300w, https:\/\/meuherba.com\/wp-content\/uploads\/2024\/03\/68-5938d-skin-beauty-booster-768x476.png 768w, https:\/\/meuherba.com\/wp-content\/uploads\/2024\/03\/68-5938d-skin-beauty-booster-1536x952.png 1536w, https:\/\/meuherba.com\/wp-content\/uploads\/2024\/03\/68-5938d-skin-beauty-booster-1320x818.png 1320w, https:\/\/meuherba.com\/wp-content\/uploads\/2024\/03\/68-5938d-skin-beauty-booster.png 1920w\" sizes=\"(max-width: 800px) 100vw, 800px\" \/>\t\t\t\t\t\t\t\t\t\t\t\t\t<\/div>\n\t\t\t\t<\/div>\n\t\t\t\t\t<\/div>\n\t\t\t\t<\/div>\n\t\t\t\t<\/div>\n\t\t","protected":false},"excerpt":{"rendered":"<p>Skin Beauty Booster Frutas Vermelhas 240g Col\u00e1geno Verisol \u00ae Quero adiquirir BEAUTY BOOSTER | COL\u00c1GENO VERISOL\u00ae NUTRA A SUA BELEZA O Beauty Booster \u00e9 a op\u00e7\u00e3o\u00a0perfeita para quem busca uma pele saud\u00e1vel, bonita, jovem e radiante e al\u00e9m disso, atende aqueles que buscam um estilo de vida saud\u00e1vel, pois \u00e9 fonte de prote\u00ednas, vitaminas e [&hellip;]<\/p>\n","protected":false},"author":1,"featured_media":0,"parent":0,"menu_order":0,"comment_status":"closed","ping_status":"closed","template":"elementor_header_footer","meta":{"footnotes":""},"_links":{"self":[{"href":"https:\/\/meuherba.com\/index.php\/wp-json\/wp\/v2\/pages\/981"}],"collection":[{"href":"https:\/\/meuherba.com\/index.php\/wp-json\/wp\/v2\/pages"}],"about":[{"href":"https:\/\/meuherba.com\/index.php\/wp-json\/wp\/v2\/types\/page"}],"author":[{"embeddable":true,"href":"https:\/\/meuherba.com\/index.php\/wp-json\/wp\/v2\/users\/1"}],"replies":[{"embeddable":true,"href":"https:\/\/meuherba.com\/index.php\/wp-json\/wp\/v2\/comments?post=981"}],"version-history":[{"count":28,"href":"https:\/\/meuherba.com\/index.php\/wp-json\/wp\/v2\/pages\/981\/revisions"}],"predecessor-version":[{"id":2146,"href":"https:\/\/meuherba.com\/index.php\/wp-json\/wp\/v2\/pages\/981\/revisions\/2146"}],"wp:attachment":[{"href":"https:\/\/meuherba.com\/index.php\/wp-json\/wp\/v2\/media?parent=981"}],"curies":[{"name":"wp","href":"https:\/\/api.w.org\/{rel}","templated":true}]}}