{"id":943,"date":"2024-03-13T19:10:38","date_gmt":"2024-03-13T22:10:38","guid":{"rendered":"https:\/\/meuherba.com\/?page_id=943"},"modified":"2024-03-21T17:56:26","modified_gmt":"2024-03-21T20:56:26","slug":"mascara-purificante-de-argila-120-ml","status":"publish","type":"page","link":"https:\/\/meuherba.com\/index.php\/mascara-purificante-de-argila-120-ml\/","title":{"rendered":"M\u00e1scara Purificante de Argila 120 ml"},"content":{"rendered":"\t\t<div data-elementor-type=\"wp-page\" data-elementor-id=\"943\" class=\"elementor elementor-943\" data-elementor-post-type=\"page\">\n\t\t\t\t<div class=\"elementor-element elementor-element-bb6b94d e-flex e-con-boxed e-con e-parent\" data-id=\"bb6b94d\" data-element_type=\"container\" data-settings=\"{&quot;content_width&quot;:&quot;boxed&quot;}\" data-core-v316-plus=\"true\">\n\t\t\t\t\t<div class=\"e-con-inner\">\n\t\t<div class=\"elementor-element elementor-element-a849f04 e-con-full e-flex e-con e-child\" data-id=\"a849f04\" data-element_type=\"container\" data-settings=\"{&quot;content_width&quot;:&quot;full&quot;}\">\n\t\t\t\t<div class=\"elementor-element elementor-element-3812825 elementor-widget elementor-widget-image\" data-id=\"3812825\" data-element_type=\"widget\" data-widget_type=\"image.default\">\n\t\t\t\t<div class=\"elementor-widget-container\">\n\t\t\t<style>\/*! elementor - v3.19.0 - 28-02-2024 *\/\n.elementor-widget-image{text-align:center}.elementor-widget-image a{display:inline-block}.elementor-widget-image a img[src$=\".svg\"]{width:48px}.elementor-widget-image img{vertical-align:middle;display:inline-block}<\/style>\t\t\t\t\t\t\t\t\t\t<img fetchpriority=\"high\" decoding=\"async\" width=\"303\" height=\"320\" src=\"https:\/\/meuherba.com\/wp-content\/uploads\/2024\/03\/2a-5719-mascara-.webp\" class=\"attachment-large size-large wp-image-551\" alt=\"\" srcset=\"https:\/\/meuherba.com\/wp-content\/uploads\/2024\/03\/2a-5719-mascara-.webp 303w, https:\/\/meuherba.com\/wp-content\/uploads\/2024\/03\/2a-5719-mascara--284x300.webp 284w, https:\/\/meuherba.com\/wp-content\/uploads\/2024\/03\/2a-5719-mascara--64x68.webp 64w\" sizes=\"(max-width: 303px) 100vw, 303px\" \/>\t\t\t\t\t\t\t\t\t\t\t\t\t<\/div>\n\t\t\t\t<\/div>\n\t\t\t\t<\/div>\n\t\t<div class=\"elementor-element elementor-element-a7508a6 e-con-full e-flex e-con e-child\" data-id=\"a7508a6\" data-element_type=\"container\" data-settings=\"{&quot;content_width&quot;:&quot;full&quot;}\">\n\t\t\t\t<div class=\"elementor-element elementor-element-647365f elementor-widget elementor-widget-heading\" data-id=\"647365f\" data-element_type=\"widget\" data-widget_type=\"heading.default\">\n\t\t\t\t<div class=\"elementor-widget-container\">\n\t\t\t<style>\/*! elementor - v3.19.0 - 28-02-2024 *\/\n.elementor-heading-title{padding:0;margin:0;line-height:1}.elementor-widget-heading .elementor-heading-title[class*=elementor-size-]>a{color:inherit;font-size:inherit;line-height:inherit}.elementor-widget-heading .elementor-heading-title.elementor-size-small{font-size:15px}.elementor-widget-heading .elementor-heading-title.elementor-size-medium{font-size:19px}.elementor-widget-heading .elementor-heading-title.elementor-size-large{font-size:29px}.elementor-widget-heading .elementor-heading-title.elementor-size-xl{font-size:39px}.elementor-widget-heading .elementor-heading-title.elementor-size-xxl{font-size:59px}<\/style><h2 class=\"elementor-heading-title elementor-size-default\">M\u00e1scara Purificante de Argila 120 ml\n<\/h2>\t\t<\/div>\n\t\t\t\t<\/div>\n\t\t\t\t<div class=\"elementor-element elementor-element-8956749 elementor-align-left elementor-mobile-align-center elementor-widget elementor-widget-button\" data-id=\"8956749\" data-element_type=\"widget\" data-widget_type=\"button.default\">\n\t\t\t\t<div class=\"elementor-widget-container\">\n\t\t\t\t\t<div class=\"elementor-button-wrapper\">\n\t\t\t<a class=\"elementor-button elementor-button-link elementor-size-sm\" href=\"https:\/\/api.whatsapp.com\/send?phone=5511971829371&#038;text=Ol%C3%A1,%20gostaria%20de%20adquirir%20M%C3%A1scara%20Purificante%20de%20Argila%20120%20ml\">\n\t\t\t\t\t\t<span class=\"elementor-button-content-wrapper\">\n\t\t\t\t\t\t<span class=\"elementor-button-text\">Quero adiquirir<\/span>\n\t\t<\/span>\n\t\t\t\t\t<\/a>\n\t\t<\/div>\n\t\t\t\t<\/div>\n\t\t\t\t<\/div>\n\t\t\t\t<\/div>\n\t\t\t\t\t<\/div>\n\t\t\t\t<\/div>\n\t\t<div class=\"elementor-element elementor-element-3e3bbf1 e-flex e-con-boxed e-con e-parent\" data-id=\"3e3bbf1\" data-element_type=\"container\" data-settings=\"{&quot;background_background&quot;:&quot;classic&quot;,&quot;content_width&quot;:&quot;boxed&quot;}\" data-core-v316-plus=\"true\">\n\t\t\t\t\t<div class=\"e-con-inner\">\n\t\t\t\t\t<\/div>\n\t\t\t\t<\/div>\n\t\t<div class=\"elementor-element elementor-element-79145f2 e-flex e-con-boxed e-con e-parent\" data-id=\"79145f2\" data-element_type=\"container\" data-settings=\"{&quot;content_width&quot;:&quot;boxed&quot;}\" data-core-v316-plus=\"true\">\n\t\t\t\t\t<div class=\"e-con-inner\">\n\t\t<div class=\"elementor-element elementor-element-dd53167 e-con-full e-flex e-con e-child\" data-id=\"dd53167\" data-element_type=\"container\" data-settings=\"{&quot;content_width&quot;:&quot;full&quot;}\">\n\t\t\t\t<div class=\"elementor-element elementor-element-65a5118 elementor-widget elementor-widget-heading\" data-id=\"65a5118\" data-element_type=\"widget\" data-widget_type=\"heading.default\">\n\t\t\t\t<div class=\"elementor-widget-container\">\n\t\t\t<h2 class=\"elementor-heading-title elementor-size-default\">M\u00c1SCARA PURIFICANTE DE ARGILA 120ML<\/h2>\t\t<\/div>\n\t\t\t\t<\/div>\n\t\t\t\t<div class=\"elementor-element elementor-element-1abda54 elementor-widget elementor-widget-text-editor\" data-id=\"1abda54\" data-element_type=\"widget\" data-widget_type=\"text-editor.default\">\n\t\t\t\t<div class=\"elementor-widget-container\">\n\t\t\t<style>\/*! elementor - v3.19.0 - 28-02-2024 *\/\n.elementor-widget-text-editor.elementor-drop-cap-view-stacked .elementor-drop-cap{background-color:#69727d;color:#fff}.elementor-widget-text-editor.elementor-drop-cap-view-framed .elementor-drop-cap{color:#69727d;border:3px solid;background-color:transparent}.elementor-widget-text-editor:not(.elementor-drop-cap-view-default) .elementor-drop-cap{margin-top:8px}.elementor-widget-text-editor:not(.elementor-drop-cap-view-default) .elementor-drop-cap-letter{width:1em;height:1em}.elementor-widget-text-editor .elementor-drop-cap{float:left;text-align:center;line-height:1;font-size:50px}.elementor-widget-text-editor .elementor-drop-cap-letter{display:inline-block}<\/style>\t\t\t\t<p>M\u00e1scara purificante de argila com textura cremosa e refrescante para estimular os seus sentidos!<\/p><p>Formulado exclusivamente com: Vitamina B3, vitaminas antioxidantes C e E, Aloe Vera, argila bentonita, \u00f3leo da folha de alecrim e \u00f3leo da folha de hortel\u00e3.<\/p>\t\t\t\t\t\t<\/div>\n\t\t\t\t<\/div>\n\t\t\t\t<\/div>\n\t\t<div class=\"elementor-element elementor-element-3079189 e-con-full e-flex e-con e-child\" data-id=\"3079189\" data-element_type=\"container\" data-settings=\"{&quot;content_width&quot;:&quot;full&quot;}\">\n\t\t\t\t<div class=\"elementor-element elementor-element-fffe0ba elementor-widget elementor-widget-heading\" data-id=\"fffe0ba\" data-element_type=\"widget\" data-widget_type=\"heading.default\">\n\t\t\t\t<div class=\"elementor-widget-container\">\n\t\t\t<h2 class=\"elementor-heading-title elementor-size-default\">PASSO 2 | PELE PURIFICADA\n\n<\/h2>\t\t<\/div>\n\t\t\t\t<\/div>\n\t\t\t\t<div class=\"elementor-element elementor-element-69a1f74 elementor-widget elementor-widget-text-editor\" data-id=\"69a1f74\" data-element_type=\"widget\" data-widget_type=\"text-editor.default\">\n\t\t\t\t<div class=\"elementor-widget-container\">\n\t\t\t\t\t\t\t<section id=\"bannerprod1\"><div class=\"container py-5\"><div class=\"row mob-remove-br\"><div class=\"col-lg-6\"><p>Aplicar no rosto de 1 a 3 vezes por semana, conforme julgar necess\u00e1rio, pela manh\u00e3 ou \u00e0 noite.<\/p><p>\u00a0<\/p><\/div><\/div><\/div><\/section><section id=\"bannerprod2\" class=\"bg-green\"><div class=\"container\"><div class=\"row d-flex align-items-center\"><div class=\"col-lg-6 align-self-stretch\">\u00a0<\/div><\/div><\/div><\/section>\t\t\t\t\t\t<\/div>\n\t\t\t\t<\/div>\n\t\t\t\t<\/div>\n\t\t\t\t\t<\/div>\n\t\t\t\t<\/div>\n\t\t<div class=\"elementor-element elementor-element-5672be2 e-flex e-con-boxed e-con e-parent\" data-id=\"5672be2\" data-element_type=\"container\" data-settings=\"{&quot;background_background&quot;:&quot;classic&quot;,&quot;content_width&quot;:&quot;boxed&quot;}\" data-core-v316-plus=\"true\">\n\t\t\t\t\t<div class=\"e-con-inner\">\n\t\t<div class=\"elementor-element elementor-element-3808242 e-con-full e-flex e-con e-child\" data-id=\"3808242\" data-element_type=\"container\" data-settings=\"{&quot;content_width&quot;:&quot;full&quot;}\">\n\t\t\t\t<div class=\"elementor-element elementor-element-311314b elementor-widget elementor-widget-image\" data-id=\"311314b\" data-element_type=\"widget\" data-widget_type=\"image.default\">\n\t\t\t\t<div class=\"elementor-widget-container\">\n\t\t\t\t\t\t\t\t\t\t\t\t\t<img decoding=\"async\" width=\"690\" height=\"510\" src=\"https:\/\/meuherba.com\/wp-content\/uploads\/2024\/03\/82-8544c-mascara-purificante.png\" class=\"attachment-large size-large wp-image-960\" alt=\"\" srcset=\"https:\/\/meuherba.com\/wp-content\/uploads\/2024\/03\/82-8544c-mascara-purificante.png 690w, https:\/\/meuherba.com\/wp-content\/uploads\/2024\/03\/82-8544c-mascara-purificante-300x222.png 300w\" sizes=\"(max-width: 690px) 100vw, 690px\" \/>\t\t\t\t\t\t\t\t\t\t\t\t\t<\/div>\n\t\t\t\t<\/div>\n\t\t\t\t<\/div>\n\t\t<div class=\"elementor-element elementor-element-12772e3 e-con-full e-flex e-con e-child\" data-id=\"12772e3\" data-element_type=\"container\" data-settings=\"{&quot;content_width&quot;:&quot;full&quot;}\">\n\t\t\t\t<div class=\"elementor-element elementor-element-5f9a62f elementor-widget elementor-widget-image\" data-id=\"5f9a62f\" data-element_type=\"widget\" data-widget_type=\"image.default\">\n\t\t\t\t<div class=\"elementor-widget-container\">\n\t\t\t\t\t\t\t\t\t\t\t\t\t<img decoding=\"async\" width=\"530\" height=\"300\" src=\"https:\/\/meuherba.com\/wp-content\/uploads\/2024\/03\/82-3829b-mascara-purificante.png\" class=\"attachment-large size-large wp-image-961\" alt=\"\" srcset=\"https:\/\/meuherba.com\/wp-content\/uploads\/2024\/03\/82-3829b-mascara-purificante.png 530w, https:\/\/meuherba.com\/wp-content\/uploads\/2024\/03\/82-3829b-mascara-purificante-300x170.png 300w\" sizes=\"(max-width: 530px) 100vw, 530px\" \/>\t\t\t\t\t\t\t\t\t\t\t\t\t<\/div>\n\t\t\t\t<\/div>\n\t\t\t\t<\/div>\n\t\t\t\t\t<\/div>\n\t\t\t\t<\/div>\n\t\t<div class=\"elementor-element elementor-element-3b4c469 e-flex e-con-boxed e-con e-parent\" data-id=\"3b4c469\" data-element_type=\"container\" data-settings=\"{&quot;background_background&quot;:&quot;classic&quot;,&quot;content_width&quot;:&quot;boxed&quot;}\" data-core-v316-plus=\"true\">\n\t\t\t\t\t<div class=\"e-con-inner\">\n\t\t<div class=\"elementor-element elementor-element-95010c9 e-con-full e-flex e-con e-child\" data-id=\"95010c9\" data-element_type=\"container\" data-settings=\"{&quot;content_width&quot;:&quot;full&quot;}\">\n\t\t\t\t<div class=\"elementor-element elementor-element-69610b8 elementor-widget elementor-widget-heading\" data-id=\"69610b8\" data-element_type=\"widget\" data-widget_type=\"heading.default\">\n\t\t\t\t<div class=\"elementor-widget-container\">\n\t\t\t<h2 class=\"elementor-heading-title elementor-size-default\">PASSO A PASSO SPA CASEIRO<\/h2>\t\t<\/div>\n\t\t\t\t<\/div>\n\t\t\t\t<div class=\"elementor-element elementor-element-3653cf9 elementor-widget elementor-widget-text-editor\" data-id=\"3653cf9\" data-element_type=\"widget\" data-widget_type=\"text-editor.default\">\n\t\t\t\t<div class=\"elementor-widget-container\">\n\t\t\t\t\t\t\t<p><strong>Tudo que voc\u00ea vai precisar:<\/strong>\u00a0Linha Herbalife SKIN Completa, espelho, tigela com \u00e1gua, bolas de algod\u00e3o, toalha, copo com \u00e1gua pot\u00e1vel, colher.<\/p><p><strong>Passo 1:<\/strong>\u00a0Lave o rosto com Cleanser Facial C\u00edtrico.<\/p><p><strong>Passo 2:\u00a0<\/strong>Aplique a m\u00e1scara purificante de argila. Enquanto a m\u00e1scara estiver agindo, aproveite para preparar e beber o Beauty Booster!<\/p><p><strong>Passo 3:<\/strong>\u00a0Aplique o S\u00e9rum Facil Redutor de Linhas<\/p><p><strong>Passo 4:\u00a0<\/strong>\u00a0Finalize com o Gel Firmador para os olhos.<\/p>\t\t\t\t\t\t<\/div>\n\t\t\t\t<\/div>\n\t\t\t\t<\/div>\n\t\t<div class=\"elementor-element elementor-element-aae0d1e e-con-full e-flex e-con e-child\" data-id=\"aae0d1e\" data-element_type=\"container\" data-settings=\"{&quot;content_width&quot;:&quot;full&quot;}\">\n\t\t\t\t<div class=\"elementor-element elementor-element-7b54c5c elementor-widget elementor-widget-image\" data-id=\"7b54c5c\" data-element_type=\"widget\" data-widget_type=\"image.default\">\n\t\t\t\t<div class=\"elementor-widget-container\">\n\t\t\t\t\t\t\t\t\t\t\t\t\t<img loading=\"lazy\" decoding=\"async\" width=\"690\" height=\"510\" src=\"https:\/\/meuherba.com\/wp-content\/uploads\/2024\/03\/81-2422f-cleanser-facial-cit.png\" class=\"attachment-large size-large wp-image-917\" alt=\"\" srcset=\"https:\/\/meuherba.com\/wp-content\/uploads\/2024\/03\/81-2422f-cleanser-facial-cit.png 690w, https:\/\/meuherba.com\/wp-content\/uploads\/2024\/03\/81-2422f-cleanser-facial-cit-300x222.png 300w\" sizes=\"(max-width: 690px) 100vw, 690px\" \/>\t\t\t\t\t\t\t\t\t\t\t\t\t<\/div>\n\t\t\t\t<\/div>\n\t\t\t\t<\/div>\n\t\t\t\t\t<\/div>\n\t\t\t\t<\/div>\n\t\t\t\t<\/div>\n\t\t","protected":false},"excerpt":{"rendered":"<p>M\u00e1scara Purificante de Argila 120 ml Quero adiquirir M\u00c1SCARA PURIFICANTE DE ARGILA 120ML M\u00e1scara purificante de argila com textura cremosa e refrescante para estimular os seus sentidos! Formulado exclusivamente com: Vitamina B3, vitaminas antioxidantes C e E, Aloe Vera, argila bentonita, \u00f3leo da folha de alecrim e \u00f3leo da folha de hortel\u00e3. PASSO 2 | [&hellip;]<\/p>\n","protected":false},"author":1,"featured_media":0,"parent":0,"menu_order":0,"comment_status":"closed","ping_status":"closed","template":"elementor_header_footer","meta":{"footnotes":""},"_links":{"self":[{"href":"https:\/\/meuherba.com\/index.php\/wp-json\/wp\/v2\/pages\/943"}],"collection":[{"href":"https:\/\/meuherba.com\/index.php\/wp-json\/wp\/v2\/pages"}],"about":[{"href":"https:\/\/meuherba.com\/index.php\/wp-json\/wp\/v2\/types\/page"}],"author":[{"embeddable":true,"href":"https:\/\/meuherba.com\/index.php\/wp-json\/wp\/v2\/users\/1"}],"replies":[{"embeddable":true,"href":"https:\/\/meuherba.com\/index.php\/wp-json\/wp\/v2\/comments?post=943"}],"version-history":[{"count":40,"href":"https:\/\/meuherba.com\/index.php\/wp-json\/wp\/v2\/pages\/943\/revisions"}],"predecessor-version":[{"id":2140,"href":"https:\/\/meuherba.com\/index.php\/wp-json\/wp\/v2\/pages\/943\/revisions\/2140"}],"wp:attachment":[{"href":"https:\/\/meuherba.com\/index.php\/wp-json\/wp\/v2\/media?parent=943"}],"curies":[{"name":"wp","href":"https:\/\/api.w.org\/{rel}","templated":true}]}}