{"id":924,"date":"2024-03-13T19:05:33","date_gmt":"2024-03-13T22:05:33","guid":{"rendered":"https:\/\/meuherba.com\/?page_id=924"},"modified":"2024-03-21T17:55:26","modified_gmt":"2024-03-21T20:55:26","slug":"gel-firmador-para-os-olhos-15-ml","status":"publish","type":"page","link":"https:\/\/meuherba.com\/index.php\/gel-firmador-para-os-olhos-15-ml\/","title":{"rendered":"Gel Firmador para os Olhos 15 ml"},"content":{"rendered":"\t\t<div data-elementor-type=\"wp-page\" data-elementor-id=\"924\" class=\"elementor elementor-924\" data-elementor-post-type=\"page\">\n\t\t\t\t<div class=\"elementor-element elementor-element-aae8ade e-flex e-con-boxed e-con e-parent\" data-id=\"aae8ade\" data-element_type=\"container\" data-settings=\"{&quot;content_width&quot;:&quot;boxed&quot;}\" data-core-v316-plus=\"true\">\n\t\t\t\t\t<div class=\"e-con-inner\">\n\t\t<div class=\"elementor-element elementor-element-fb3b7bb e-con-full e-flex e-con e-child\" data-id=\"fb3b7bb\" data-element_type=\"container\" data-settings=\"{&quot;content_width&quot;:&quot;full&quot;}\">\n\t\t\t\t<div class=\"elementor-element elementor-element-f16add4 elementor-widget elementor-widget-image\" data-id=\"f16add4\" data-element_type=\"widget\" data-widget_type=\"image.default\">\n\t\t\t\t<div class=\"elementor-widget-container\">\n\t\t\t<style>\/*! elementor - v3.19.0 - 28-02-2024 *\/\n.elementor-widget-image{text-align:center}.elementor-widget-image a{display:inline-block}.elementor-widget-image a img[src$=\".svg\"]{width:48px}.elementor-widget-image img{vertical-align:middle;display:inline-block}<\/style>\t\t\t\t\t\t\t\t\t\t<img fetchpriority=\"high\" decoding=\"async\" width=\"303\" height=\"320\" src=\"https:\/\/meuherba.com\/wp-content\/uploads\/2024\/03\/2c-5582-gel-firm.webp\" class=\"attachment-large size-large wp-image-550\" alt=\"\" srcset=\"https:\/\/meuherba.com\/wp-content\/uploads\/2024\/03\/2c-5582-gel-firm.webp 303w, https:\/\/meuherba.com\/wp-content\/uploads\/2024\/03\/2c-5582-gel-firm-284x300.webp 284w, https:\/\/meuherba.com\/wp-content\/uploads\/2024\/03\/2c-5582-gel-firm-64x68.webp 64w\" sizes=\"(max-width: 303px) 100vw, 303px\" \/>\t\t\t\t\t\t\t\t\t\t\t\t\t<\/div>\n\t\t\t\t<\/div>\n\t\t\t\t<\/div>\n\t\t<div class=\"elementor-element elementor-element-c88b198 e-con-full e-flex e-con e-child\" data-id=\"c88b198\" data-element_type=\"container\" data-settings=\"{&quot;content_width&quot;:&quot;full&quot;}\">\n\t\t\t\t<div class=\"elementor-element elementor-element-b7ff631 elementor-widget elementor-widget-heading\" data-id=\"b7ff631\" data-element_type=\"widget\" data-widget_type=\"heading.default\">\n\t\t\t\t<div class=\"elementor-widget-container\">\n\t\t\t<style>\/*! elementor - v3.19.0 - 28-02-2024 *\/\n.elementor-heading-title{padding:0;margin:0;line-height:1}.elementor-widget-heading .elementor-heading-title[class*=elementor-size-]>a{color:inherit;font-size:inherit;line-height:inherit}.elementor-widget-heading .elementor-heading-title.elementor-size-small{font-size:15px}.elementor-widget-heading .elementor-heading-title.elementor-size-medium{font-size:19px}.elementor-widget-heading .elementor-heading-title.elementor-size-large{font-size:29px}.elementor-widget-heading .elementor-heading-title.elementor-size-xl{font-size:39px}.elementor-widget-heading .elementor-heading-title.elementor-size-xxl{font-size:59px}<\/style><h2 class=\"elementor-heading-title elementor-size-default\">Gel Firmador para os Olhos 15 ml\n<\/h2>\t\t<\/div>\n\t\t\t\t<\/div>\n\t\t\t\t<div class=\"elementor-element elementor-element-bdb6ab8 elementor-align-left elementor-mobile-align-center elementor-widget elementor-widget-button\" data-id=\"bdb6ab8\" data-element_type=\"widget\" data-widget_type=\"button.default\">\n\t\t\t\t<div class=\"elementor-widget-container\">\n\t\t\t\t\t<div class=\"elementor-button-wrapper\">\n\t\t\t<a class=\"elementor-button elementor-button-link elementor-size-sm\" href=\"https:\/\/api.whatsapp.com\/send?phone=5511971829371&#038;text=Ol%C3%A1,%20gostaria%20de%20adquirir%20Gel%20Firmador%20para%20os%20Olhos\">\n\t\t\t\t\t\t<span class=\"elementor-button-content-wrapper\">\n\t\t\t\t\t\t<span class=\"elementor-button-text\">Quero adiquirir<\/span>\n\t\t<\/span>\n\t\t\t\t\t<\/a>\n\t\t<\/div>\n\t\t\t\t<\/div>\n\t\t\t\t<\/div>\n\t\t\t\t<\/div>\n\t\t\t\t\t<\/div>\n\t\t\t\t<\/div>\n\t\t<div class=\"elementor-element elementor-element-34da9b1 e-flex e-con-boxed e-con e-parent\" data-id=\"34da9b1\" data-element_type=\"container\" data-settings=\"{&quot;background_background&quot;:&quot;classic&quot;,&quot;content_width&quot;:&quot;boxed&quot;}\" data-core-v316-plus=\"true\">\n\t\t\t\t\t<div class=\"e-con-inner\">\n\t\t\t\t\t<\/div>\n\t\t\t\t<\/div>\n\t\t<div class=\"elementor-element elementor-element-1e20e71 e-flex e-con-boxed e-con e-parent\" data-id=\"1e20e71\" data-element_type=\"container\" data-settings=\"{&quot;content_width&quot;:&quot;boxed&quot;}\" data-core-v316-plus=\"true\">\n\t\t\t\t\t<div class=\"e-con-inner\">\n\t\t<div class=\"elementor-element elementor-element-622463b e-con-full e-flex e-con e-child\" data-id=\"622463b\" data-element_type=\"container\" data-settings=\"{&quot;content_width&quot;:&quot;full&quot;}\">\n\t\t\t\t<div class=\"elementor-element elementor-element-008bb6f elementor-widget elementor-widget-heading\" data-id=\"008bb6f\" data-element_type=\"widget\" data-widget_type=\"heading.default\">\n\t\t\t\t<div class=\"elementor-widget-container\">\n\t\t\t<h2 class=\"elementor-heading-title elementor-size-default\">GEL FIRMADOR PARA OS OLHOS 15ML<\/h2>\t\t<\/div>\n\t\t\t\t<\/div>\n\t\t\t\t<div class=\"elementor-element elementor-element-188aecf elementor-widget elementor-widget-text-editor\" data-id=\"188aecf\" data-element_type=\"widget\" data-widget_type=\"text-editor.default\">\n\t\t\t\t<div class=\"elementor-widget-container\">\n\t\t\t<style>\/*! elementor - v3.19.0 - 28-02-2024 *\/\n.elementor-widget-text-editor.elementor-drop-cap-view-stacked .elementor-drop-cap{background-color:#69727d;color:#fff}.elementor-widget-text-editor.elementor-drop-cap-view-framed .elementor-drop-cap{color:#69727d;border:3px solid;background-color:transparent}.elementor-widget-text-editor:not(.elementor-drop-cap-view-default) .elementor-drop-cap{margin-top:8px}.elementor-widget-text-editor:not(.elementor-drop-cap-view-default) .elementor-drop-cap-letter{width:1em;height:1em}.elementor-widget-text-editor .elementor-drop-cap{float:left;text-align:center;line-height:1;font-size:50px}.elementor-widget-text-editor .elementor-drop-cap-letter{display:inline-block}<\/style>\t\t\t\t<p>Gel firmador para os olhos aumenta a elasticidade da pele e ajuda a melhorar a apar\u00eancia de firmeza ao redor dos olhos.<\/p><p>Formulado exclusivamente com: Vitamina B3, vitaminas antioxidantes C e E, Aloe Vera e extrato de pepino.<\/p>\t\t\t\t\t\t<\/div>\n\t\t\t\t<\/div>\n\t\t\t\t<\/div>\n\t\t<div class=\"elementor-element elementor-element-f9e10dc e-con-full e-flex e-con e-child\" data-id=\"f9e10dc\" data-element_type=\"container\" data-settings=\"{&quot;content_width&quot;:&quot;full&quot;}\">\n\t\t\t\t<div class=\"elementor-element elementor-element-f7e44c2 elementor-widget elementor-widget-heading\" data-id=\"f7e44c2\" data-element_type=\"widget\" data-widget_type=\"heading.default\">\n\t\t\t\t<div class=\"elementor-widget-container\">\n\t\t\t<h2 class=\"elementor-heading-title elementor-size-default\">PASSO 4 | FIRMEZA NA \u00c1REA DOS OLHOS\n<\/h2>\t\t<\/div>\n\t\t\t\t<\/div>\n\t\t\t\t<div class=\"elementor-element elementor-element-b824bd6 elementor-widget elementor-widget-text-editor\" data-id=\"b824bd6\" data-element_type=\"widget\" data-widget_type=\"text-editor.default\">\n\t\t\t\t<div class=\"elementor-widget-container\">\n\t\t\t\t\t\t\t<p>Aplique na \u00e1rea dos olhos 2 vezes ao dia, pela manh\u00e3 e \u00e0 noite. Ajuda a melhorar a apar\u00eancia de firmeza da pele ao redor dos olhos em at\u00e9 42 dias* e o extrato de pepino promove uma sensa\u00e7\u00e3o revitalizante.<\/p><p>* Testado clinicamente em indiv\u00edduos para avaliar a firmeza e elasticidade da pele por avalia\u00e7\u00e3o visual de especialistas em intervalos de 7 e 42 dias. Uma melhora na firmeza\/elasticidade da pele sob os olhos foi observada em 85% dos indiv\u00edduos ap\u00f3s 42 dias de uso.<\/p>\t\t\t\t\t\t<\/div>\n\t\t\t\t<\/div>\n\t\t\t\t<\/div>\n\t\t\t\t\t<\/div>\n\t\t\t\t<\/div>\n\t\t<div class=\"elementor-element elementor-element-5a8d4b9 e-flex e-con-boxed e-con e-parent\" data-id=\"5a8d4b9\" data-element_type=\"container\" data-settings=\"{&quot;background_background&quot;:&quot;classic&quot;,&quot;content_width&quot;:&quot;boxed&quot;}\" data-core-v316-plus=\"true\">\n\t\t\t\t\t<div class=\"e-con-inner\">\n\t\t<div class=\"elementor-element elementor-element-4cff507 e-con-full e-flex e-con e-child\" data-id=\"4cff507\" data-element_type=\"container\" data-settings=\"{&quot;content_width&quot;:&quot;full&quot;}\">\n\t\t\t\t<div class=\"elementor-element elementor-element-2b20d67 elementor-widget elementor-widget-image\" data-id=\"2b20d67\" data-element_type=\"widget\" data-widget_type=\"image.default\">\n\t\t\t\t<div class=\"elementor-widget-container\">\n\t\t\t\t\t\t\t\t\t\t\t\t\t<img decoding=\"async\" width=\"690\" height=\"510\" src=\"https:\/\/meuherba.com\/wp-content\/uploads\/2024\/03\/84-7345c-gel-firmador-para-o.png\" class=\"attachment-large size-large wp-image-932\" alt=\"\" srcset=\"https:\/\/meuherba.com\/wp-content\/uploads\/2024\/03\/84-7345c-gel-firmador-para-o.png 690w, https:\/\/meuherba.com\/wp-content\/uploads\/2024\/03\/84-7345c-gel-firmador-para-o-300x222.png 300w\" sizes=\"(max-width: 690px) 100vw, 690px\" \/>\t\t\t\t\t\t\t\t\t\t\t\t\t<\/div>\n\t\t\t\t<\/div>\n\t\t\t\t<\/div>\n\t\t<div class=\"elementor-element elementor-element-fc39f73 e-con-full e-flex e-con e-child\" data-id=\"fc39f73\" data-element_type=\"container\" data-settings=\"{&quot;content_width&quot;:&quot;full&quot;}\">\n\t\t\t\t<div class=\"elementor-element elementor-element-32b64fc elementor-widget elementor-widget-image\" data-id=\"32b64fc\" data-element_type=\"widget\" data-widget_type=\"image.default\">\n\t\t\t\t<div class=\"elementor-widget-container\">\n\t\t\t\t\t\t\t\t\t\t\t\t\t<img decoding=\"async\" width=\"530\" height=\"300\" src=\"https:\/\/meuherba.com\/wp-content\/uploads\/2024\/03\/84-3882b-gel-firmador-para-o.png\" class=\"attachment-large size-large wp-image-933\" alt=\"\" srcset=\"https:\/\/meuherba.com\/wp-content\/uploads\/2024\/03\/84-3882b-gel-firmador-para-o.png 530w, https:\/\/meuherba.com\/wp-content\/uploads\/2024\/03\/84-3882b-gel-firmador-para-o-300x170.png 300w\" sizes=\"(max-width: 530px) 100vw, 530px\" \/>\t\t\t\t\t\t\t\t\t\t\t\t\t<\/div>\n\t\t\t\t<\/div>\n\t\t\t\t<\/div>\n\t\t\t\t\t<\/div>\n\t\t\t\t<\/div>\n\t\t<div class=\"elementor-element elementor-element-ef57951 e-flex e-con-boxed e-con e-parent\" data-id=\"ef57951\" data-element_type=\"container\" data-settings=\"{&quot;background_background&quot;:&quot;classic&quot;,&quot;content_width&quot;:&quot;boxed&quot;}\" data-core-v316-plus=\"true\">\n\t\t\t\t\t<div class=\"e-con-inner\">\n\t\t<div class=\"elementor-element elementor-element-5e4a3b6 e-con-full e-flex e-con e-child\" data-id=\"5e4a3b6\" data-element_type=\"container\" data-settings=\"{&quot;content_width&quot;:&quot;full&quot;}\">\n\t\t\t\t<div class=\"elementor-element elementor-element-40f153e elementor-widget elementor-widget-heading\" data-id=\"40f153e\" data-element_type=\"widget\" data-widget_type=\"heading.default\">\n\t\t\t\t<div class=\"elementor-widget-container\">\n\t\t\t<h2 class=\"elementor-heading-title elementor-size-default\">PASSO A PASSO SPA CASEIRO<\/h2>\t\t<\/div>\n\t\t\t\t<\/div>\n\t\t\t\t<div class=\"elementor-element elementor-element-e4a9d7f elementor-widget elementor-widget-text-editor\" data-id=\"e4a9d7f\" data-element_type=\"widget\" data-widget_type=\"text-editor.default\">\n\t\t\t\t<div class=\"elementor-widget-container\">\n\t\t\t\t\t\t\t<p><strong>Tudo que voc\u00ea vai precisar:<\/strong>\u00a0Linha Herbalife SKIN Completa, espelho, tigela com \u00e1gua, bolas de algod\u00e3o, toalha, copo com \u00e1gua pot\u00e1vel, colher.<\/p><p><strong>Passo 1:<\/strong>\u00a0Lave o rosto com Cleanser Facial C\u00edtrico.<\/p><p><strong>Passo 2:\u00a0<\/strong>Aplique a m\u00e1scara purificante de argila. Enquanto a m\u00e1scara estiver agindo, aproveite para preparar e beber o Beauty Booster!<\/p><p><strong>Passo 3:<\/strong>\u00a0Aplique o S\u00e9rum Facil Redutor de Linhas<\/p><p><strong>Passo 4:\u00a0<\/strong>\u00a0Finalize com o Gel Firmador para os olhos.<\/p>\t\t\t\t\t\t<\/div>\n\t\t\t\t<\/div>\n\t\t\t\t<\/div>\n\t\t<div class=\"elementor-element elementor-element-146e796 e-con-full e-flex e-con e-child\" data-id=\"146e796\" data-element_type=\"container\" data-settings=\"{&quot;content_width&quot;:&quot;full&quot;}\">\n\t\t\t\t<div class=\"elementor-element elementor-element-e6d87a2 elementor-widget elementor-widget-image\" data-id=\"e6d87a2\" data-element_type=\"widget\" data-widget_type=\"image.default\">\n\t\t\t\t<div class=\"elementor-widget-container\">\n\t\t\t\t\t\t\t\t\t\t\t\t\t<img loading=\"lazy\" decoding=\"async\" width=\"690\" height=\"510\" src=\"https:\/\/meuherba.com\/wp-content\/uploads\/2024\/03\/81-2422f-cleanser-facial-cit.png\" class=\"attachment-large size-large wp-image-917\" alt=\"\" srcset=\"https:\/\/meuherba.com\/wp-content\/uploads\/2024\/03\/81-2422f-cleanser-facial-cit.png 690w, https:\/\/meuherba.com\/wp-content\/uploads\/2024\/03\/81-2422f-cleanser-facial-cit-300x222.png 300w\" sizes=\"(max-width: 690px) 100vw, 690px\" \/>\t\t\t\t\t\t\t\t\t\t\t\t\t<\/div>\n\t\t\t\t<\/div>\n\t\t\t\t<\/div>\n\t\t\t\t\t<\/div>\n\t\t\t\t<\/div>\n\t\t\t\t<\/div>\n\t\t","protected":false},"excerpt":{"rendered":"<p>Gel Firmador para os Olhos 15 ml Quero adiquirir GEL FIRMADOR PARA OS OLHOS 15ML Gel firmador para os olhos aumenta a elasticidade da pele e ajuda a melhorar a apar\u00eancia de firmeza ao redor dos olhos. Formulado exclusivamente com: Vitamina B3, vitaminas antioxidantes C e E, Aloe Vera e extrato de pepino. PASSO 4 [&hellip;]<\/p>\n","protected":false},"author":1,"featured_media":0,"parent":0,"menu_order":0,"comment_status":"closed","ping_status":"closed","template":"elementor_header_footer","meta":{"footnotes":""},"_links":{"self":[{"href":"https:\/\/meuherba.com\/index.php\/wp-json\/wp\/v2\/pages\/924"}],"collection":[{"href":"https:\/\/meuherba.com\/index.php\/wp-json\/wp\/v2\/pages"}],"about":[{"href":"https:\/\/meuherba.com\/index.php\/wp-json\/wp\/v2\/types\/page"}],"author":[{"embeddable":true,"href":"https:\/\/meuherba.com\/index.php\/wp-json\/wp\/v2\/users\/1"}],"replies":[{"embeddable":true,"href":"https:\/\/meuherba.com\/index.php\/wp-json\/wp\/v2\/comments?post=924"}],"version-history":[{"count":25,"href":"https:\/\/meuherba.com\/index.php\/wp-json\/wp\/v2\/pages\/924\/revisions"}],"predecessor-version":[{"id":2137,"href":"https:\/\/meuherba.com\/index.php\/wp-json\/wp\/v2\/pages\/924\/revisions\/2137"}],"wp:attachment":[{"href":"https:\/\/meuherba.com\/index.php\/wp-json\/wp\/v2\/media?parent=924"}],"curies":[{"name":"wp","href":"https:\/\/api.w.org\/{rel}","templated":true}]}}