{"id":891,"date":"2024-03-13T18:55:50","date_gmt":"2024-03-13T21:55:50","guid":{"rendered":"https:\/\/meuherba.com\/?page_id=891"},"modified":"2024-03-21T17:54:31","modified_gmt":"2024-03-21T20:54:31","slug":"cleanser-facial-citrico-150-ml","status":"publish","type":"page","link":"https:\/\/meuherba.com\/index.php\/cleanser-facial-citrico-150-ml\/","title":{"rendered":"Cleanser Facial C\u00edtrico 150 ml"},"content":{"rendered":"\t\t<div data-elementor-type=\"wp-page\" data-elementor-id=\"891\" class=\"elementor elementor-891\" data-elementor-post-type=\"page\">\n\t\t\t\t<div class=\"elementor-element elementor-element-d48be04 e-flex e-con-boxed e-con e-parent\" data-id=\"d48be04\" data-element_type=\"container\" data-settings=\"{&quot;content_width&quot;:&quot;boxed&quot;}\" data-core-v316-plus=\"true\">\n\t\t\t\t\t<div class=\"e-con-inner\">\n\t\t<div class=\"elementor-element elementor-element-27d118c e-con-full e-flex e-con e-child\" data-id=\"27d118c\" data-element_type=\"container\" data-settings=\"{&quot;content_width&quot;:&quot;full&quot;}\">\n\t\t\t\t<div class=\"elementor-element elementor-element-81739ae elementor-widget elementor-widget-image\" data-id=\"81739ae\" data-element_type=\"widget\" data-widget_type=\"image.default\">\n\t\t\t\t<div class=\"elementor-widget-container\">\n\t\t\t<style>\/*! elementor - v3.19.0 - 28-02-2024 *\/\n.elementor-widget-image{text-align:center}.elementor-widget-image a{display:inline-block}.elementor-widget-image a img[src$=\".svg\"]{width:48px}.elementor-widget-image img{vertical-align:middle;display:inline-block}<\/style>\t\t\t\t\t\t\t\t\t\t<img fetchpriority=\"high\" decoding=\"async\" width=\"303\" height=\"320\" src=\"https:\/\/meuherba.com\/wp-content\/uploads\/2024\/03\/29-4169-cleanser-1.webp\" class=\"attachment-large size-large wp-image-549\" alt=\"\" srcset=\"https:\/\/meuherba.com\/wp-content\/uploads\/2024\/03\/29-4169-cleanser-1.webp 303w, https:\/\/meuherba.com\/wp-content\/uploads\/2024\/03\/29-4169-cleanser-1-284x300.webp 284w, https:\/\/meuherba.com\/wp-content\/uploads\/2024\/03\/29-4169-cleanser-1-64x68.webp 64w\" sizes=\"(max-width: 303px) 100vw, 303px\" \/>\t\t\t\t\t\t\t\t\t\t\t\t\t<\/div>\n\t\t\t\t<\/div>\n\t\t\t\t<\/div>\n\t\t<div class=\"elementor-element elementor-element-c0ac32c e-con-full e-flex e-con e-child\" data-id=\"c0ac32c\" data-element_type=\"container\" data-settings=\"{&quot;content_width&quot;:&quot;full&quot;}\">\n\t\t\t\t<div class=\"elementor-element elementor-element-cbc84b1 elementor-widget elementor-widget-heading\" data-id=\"cbc84b1\" data-element_type=\"widget\" data-widget_type=\"heading.default\">\n\t\t\t\t<div class=\"elementor-widget-container\">\n\t\t\t<style>\/*! elementor - v3.19.0 - 28-02-2024 *\/\n.elementor-heading-title{padding:0;margin:0;line-height:1}.elementor-widget-heading .elementor-heading-title[class*=elementor-size-]>a{color:inherit;font-size:inherit;line-height:inherit}.elementor-widget-heading .elementor-heading-title.elementor-size-small{font-size:15px}.elementor-widget-heading .elementor-heading-title.elementor-size-medium{font-size:19px}.elementor-widget-heading .elementor-heading-title.elementor-size-large{font-size:29px}.elementor-widget-heading .elementor-heading-title.elementor-size-xl{font-size:39px}.elementor-widget-heading .elementor-heading-title.elementor-size-xxl{font-size:59px}<\/style><h2 class=\"elementor-heading-title elementor-size-default\">Cleanser Facial C\u00edtrico 150 ml\n\n<\/h2>\t\t<\/div>\n\t\t\t\t<\/div>\n\t\t\t\t<div class=\"elementor-element elementor-element-b117c37 elementor-align-left elementor-mobile-align-center elementor-widget elementor-widget-button\" data-id=\"b117c37\" data-element_type=\"widget\" data-widget_type=\"button.default\">\n\t\t\t\t<div class=\"elementor-widget-container\">\n\t\t\t\t\t<div class=\"elementor-button-wrapper\">\n\t\t\t<a class=\"elementor-button elementor-button-link elementor-size-sm\" href=\"https:\/\/api.whatsapp.com\/send?phone=5511971829371&#038;text=Ol%C3%A1,%20gostaria%20de%20adquirir%20Cleanser%20Facial\">\n\t\t\t\t\t\t<span class=\"elementor-button-content-wrapper\">\n\t\t\t\t\t\t<span class=\"elementor-button-text\">Quero adiquirir<\/span>\n\t\t<\/span>\n\t\t\t\t\t<\/a>\n\t\t<\/div>\n\t\t\t\t<\/div>\n\t\t\t\t<\/div>\n\t\t\t\t<\/div>\n\t\t\t\t\t<\/div>\n\t\t\t\t<\/div>\n\t\t<div class=\"elementor-element elementor-element-f18339e e-flex e-con-boxed e-con e-parent\" data-id=\"f18339e\" data-element_type=\"container\" data-settings=\"{&quot;background_background&quot;:&quot;classic&quot;,&quot;content_width&quot;:&quot;boxed&quot;}\" data-core-v316-plus=\"true\">\n\t\t\t\t\t<div class=\"e-con-inner\">\n\t\t\t\t\t<\/div>\n\t\t\t\t<\/div>\n\t\t<div class=\"elementor-element elementor-element-2d442b6 e-flex e-con-boxed e-con e-parent\" data-id=\"2d442b6\" data-element_type=\"container\" data-settings=\"{&quot;content_width&quot;:&quot;boxed&quot;}\" data-core-v316-plus=\"true\">\n\t\t\t\t\t<div class=\"e-con-inner\">\n\t\t<div class=\"elementor-element elementor-element-7a7492c e-con-full e-flex e-con e-child\" data-id=\"7a7492c\" data-element_type=\"container\" data-settings=\"{&quot;content_width&quot;:&quot;full&quot;}\">\n\t\t\t\t<div class=\"elementor-element elementor-element-9eab2b9 elementor-widget elementor-widget-heading\" data-id=\"9eab2b9\" data-element_type=\"widget\" data-widget_type=\"heading.default\">\n\t\t\t\t<div class=\"elementor-widget-container\">\n\t\t\t<h2 class=\"elementor-heading-title elementor-size-default\">CLEANSER FACIAL C\u00cdTRICO 150ML<\/h2>\t\t<\/div>\n\t\t\t\t<\/div>\n\t\t\t\t<div class=\"elementor-element elementor-element-146123e elementor-widget elementor-widget-text-editor\" data-id=\"146123e\" data-element_type=\"widget\" data-widget_type=\"text-editor.default\">\n\t\t\t\t<div class=\"elementor-widget-container\">\n\t\t\t<style>\/*! elementor - v3.19.0 - 28-02-2024 *\/\n.elementor-widget-text-editor.elementor-drop-cap-view-stacked .elementor-drop-cap{background-color:#69727d;color:#fff}.elementor-widget-text-editor.elementor-drop-cap-view-framed .elementor-drop-cap{color:#69727d;border:3px solid;background-color:transparent}.elementor-widget-text-editor:not(.elementor-drop-cap-view-default) .elementor-drop-cap{margin-top:8px}.elementor-widget-text-editor:not(.elementor-drop-cap-view-default) .elementor-drop-cap-letter{width:1em;height:1em}.elementor-widget-text-editor .elementor-drop-cap{float:left;text-align:center;line-height:1;font-size:50px}.elementor-widget-text-editor .elementor-drop-cap-letter{display:inline-block}<\/style>\t\t\t\t<p>Cleanser facial com esferas de jojoba e refrescante infus\u00e3o de frutas c\u00edtricas.<\/p><p>Formulado exclusivamente com: Vitamina B3, vitaminas antioxidantes C e E, Aloe Vera, \u00f3leo de laranja, \u00f3leo de toranja e agentes produtos de limpeza derivados da ma\u00e7\u00e3 e esferas de jojoba<\/p>\t\t\t\t\t\t<\/div>\n\t\t\t\t<\/div>\n\t\t\t\t<\/div>\n\t\t<div class=\"elementor-element elementor-element-d513bcb e-con-full e-flex e-con e-child\" data-id=\"d513bcb\" data-element_type=\"container\" data-settings=\"{&quot;content_width&quot;:&quot;full&quot;}\">\n\t\t\t\t<div class=\"elementor-element elementor-element-1302a5a elementor-widget elementor-widget-heading\" data-id=\"1302a5a\" data-element_type=\"widget\" data-widget_type=\"heading.default\">\n\t\t\t\t<div class=\"elementor-widget-container\">\n\t\t\t<h2 class=\"elementor-heading-title elementor-size-default\">PASSO 1 | PELE LIMPA E FRESCA\n\n<\/h2>\t\t<\/div>\n\t\t\t\t<\/div>\n\t\t\t\t<div class=\"elementor-element elementor-element-9fff80b elementor-widget elementor-widget-text-editor\" data-id=\"9fff80b\" data-element_type=\"widget\" data-widget_type=\"text-editor.default\">\n\t\t\t\t<div class=\"elementor-widget-container\">\n\t\t\t\t\t\t\t<p>Lavar o rosto 2 vezes ao dia, pela manh\u00e3 e \u00e0 noite<\/p><p>Limpa suavemente as impurezas e mant\u00e9m o equil\u00edbrio natural da pele;<\/p><p>Remove maquiagem;<\/p><p>Excelente para a hora de barbear.<\/p>\t\t\t\t\t\t<\/div>\n\t\t\t\t<\/div>\n\t\t\t\t<\/div>\n\t\t\t\t\t<\/div>\n\t\t\t\t<\/div>\n\t\t<div class=\"elementor-element elementor-element-f347540 e-flex e-con-boxed e-con e-parent\" data-id=\"f347540\" data-element_type=\"container\" data-settings=\"{&quot;background_background&quot;:&quot;classic&quot;,&quot;content_width&quot;:&quot;boxed&quot;}\" data-core-v316-plus=\"true\">\n\t\t\t\t\t<div class=\"e-con-inner\">\n\t\t<div class=\"elementor-element elementor-element-d7ffd8a e-con-full e-flex e-con e-child\" data-id=\"d7ffd8a\" data-element_type=\"container\" data-settings=\"{&quot;content_width&quot;:&quot;full&quot;}\">\n\t\t\t\t<div class=\"elementor-element elementor-element-9ea8d57 elementor-widget elementor-widget-image\" data-id=\"9ea8d57\" data-element_type=\"widget\" data-widget_type=\"image.default\">\n\t\t\t\t<div class=\"elementor-widget-container\">\n\t\t\t\t\t\t\t\t\t\t\t\t\t<img decoding=\"async\" width=\"690\" height=\"510\" src=\"https:\/\/meuherba.com\/wp-content\/uploads\/2024\/03\/81-5308c-cleanser-facial-cit.png\" class=\"attachment-large size-large wp-image-909\" alt=\"\" srcset=\"https:\/\/meuherba.com\/wp-content\/uploads\/2024\/03\/81-5308c-cleanser-facial-cit.png 690w, https:\/\/meuherba.com\/wp-content\/uploads\/2024\/03\/81-5308c-cleanser-facial-cit-300x222.png 300w\" sizes=\"(max-width: 690px) 100vw, 690px\" \/>\t\t\t\t\t\t\t\t\t\t\t\t\t<\/div>\n\t\t\t\t<\/div>\n\t\t\t\t<\/div>\n\t\t<div class=\"elementor-element elementor-element-b22003f e-con-full e-flex e-con e-child\" data-id=\"b22003f\" data-element_type=\"container\" data-settings=\"{&quot;content_width&quot;:&quot;full&quot;}\">\n\t\t\t\t<div class=\"elementor-element elementor-element-ac82db0 elementor-widget elementor-widget-image\" data-id=\"ac82db0\" data-element_type=\"widget\" data-widget_type=\"image.default\">\n\t\t\t\t<div class=\"elementor-widget-container\">\n\t\t\t\t\t\t\t\t\t\t\t\t\t<img decoding=\"async\" width=\"530\" height=\"300\" src=\"https:\/\/meuherba.com\/wp-content\/uploads\/2024\/03\/81-1956b-cleanser-facial-cit.png\" class=\"attachment-large size-large wp-image-910\" alt=\"\" srcset=\"https:\/\/meuherba.com\/wp-content\/uploads\/2024\/03\/81-1956b-cleanser-facial-cit.png 530w, https:\/\/meuherba.com\/wp-content\/uploads\/2024\/03\/81-1956b-cleanser-facial-cit-300x170.png 300w\" sizes=\"(max-width: 530px) 100vw, 530px\" \/>\t\t\t\t\t\t\t\t\t\t\t\t\t<\/div>\n\t\t\t\t<\/div>\n\t\t\t\t<\/div>\n\t\t\t\t\t<\/div>\n\t\t\t\t<\/div>\n\t\t<div class=\"elementor-element elementor-element-11f75d5 e-flex e-con-boxed e-con e-parent\" data-id=\"11f75d5\" data-element_type=\"container\" data-settings=\"{&quot;background_background&quot;:&quot;classic&quot;,&quot;content_width&quot;:&quot;boxed&quot;}\" data-core-v316-plus=\"true\">\n\t\t\t\t\t<div class=\"e-con-inner\">\n\t\t<div class=\"elementor-element elementor-element-b8c820a e-con-full e-flex e-con e-child\" data-id=\"b8c820a\" data-element_type=\"container\" data-settings=\"{&quot;content_width&quot;:&quot;full&quot;}\">\n\t\t\t\t<div class=\"elementor-element elementor-element-f7655ab elementor-widget elementor-widget-heading\" data-id=\"f7655ab\" data-element_type=\"widget\" data-widget_type=\"heading.default\">\n\t\t\t\t<div class=\"elementor-widget-container\">\n\t\t\t<h2 class=\"elementor-heading-title elementor-size-default\">PASSO A PASSO SPA CASEIRO<\/h2>\t\t<\/div>\n\t\t\t\t<\/div>\n\t\t\t\t<div class=\"elementor-element elementor-element-e2266f5 elementor-widget elementor-widget-text-editor\" data-id=\"e2266f5\" data-element_type=\"widget\" data-widget_type=\"text-editor.default\">\n\t\t\t\t<div class=\"elementor-widget-container\">\n\t\t\t\t\t\t\t<p><strong>Tudo que voc\u00ea vai precisar:<\/strong>\u00a0Linha Herbalife SKIN Completa, espelho, tigela com \u00e1gua, bolas de algod\u00e3o, toalha, copo com \u00e1gua pot\u00e1vel, colher.<\/p><p><strong>Passo 1:<\/strong>\u00a0Lave o rosto com Cleanser Facial C\u00edtrico.<\/p><p><strong>Passo 2:\u00a0<\/strong>Aplique a m\u00e1scara purificante de argila. Enquanto a m\u00e1scara estiver agindo, aproveite para preparar e beber o Beauty Booster!<\/p><p><strong>Passo 3:<\/strong>\u00a0Aplique o S\u00e9rum Facil Redutor de Linhas<\/p><p><strong>Passo 4:\u00a0<\/strong>\u00a0Finalize com o Gel Firmador para os olhos.<\/p>\t\t\t\t\t\t<\/div>\n\t\t\t\t<\/div>\n\t\t\t\t<\/div>\n\t\t<div class=\"elementor-element elementor-element-220c6c6 e-con-full e-flex e-con e-child\" data-id=\"220c6c6\" data-element_type=\"container\" data-settings=\"{&quot;content_width&quot;:&quot;full&quot;}\">\n\t\t\t\t<div class=\"elementor-element elementor-element-8cfdf06 elementor-widget elementor-widget-image\" data-id=\"8cfdf06\" data-element_type=\"widget\" data-widget_type=\"image.default\">\n\t\t\t\t<div class=\"elementor-widget-container\">\n\t\t\t\t\t\t\t\t\t\t\t\t\t<img loading=\"lazy\" decoding=\"async\" width=\"690\" height=\"510\" src=\"https:\/\/meuherba.com\/wp-content\/uploads\/2024\/03\/81-2422f-cleanser-facial-cit.png\" class=\"attachment-large size-large wp-image-917\" alt=\"\" srcset=\"https:\/\/meuherba.com\/wp-content\/uploads\/2024\/03\/81-2422f-cleanser-facial-cit.png 690w, https:\/\/meuherba.com\/wp-content\/uploads\/2024\/03\/81-2422f-cleanser-facial-cit-300x222.png 300w\" sizes=\"(max-width: 690px) 100vw, 690px\" \/>\t\t\t\t\t\t\t\t\t\t\t\t\t<\/div>\n\t\t\t\t<\/div>\n\t\t\t\t<\/div>\n\t\t\t\t\t<\/div>\n\t\t\t\t<\/div>\n\t\t\t\t<\/div>\n\t\t","protected":false},"excerpt":{"rendered":"<p>Cleanser Facial C\u00edtrico 150 ml Quero adiquirir CLEANSER FACIAL C\u00cdTRICO 150ML Cleanser facial com esferas de jojoba e refrescante infus\u00e3o de frutas c\u00edtricas. Formulado exclusivamente com: Vitamina B3, vitaminas antioxidantes C e E, Aloe Vera, \u00f3leo de laranja, \u00f3leo de toranja e agentes produtos de limpeza derivados da ma\u00e7\u00e3 e esferas de jojoba PASSO 1 [&hellip;]<\/p>\n","protected":false},"author":1,"featured_media":0,"parent":0,"menu_order":0,"comment_status":"closed","ping_status":"closed","template":"elementor_header_footer","meta":{"footnotes":""},"_links":{"self":[{"href":"https:\/\/meuherba.com\/index.php\/wp-json\/wp\/v2\/pages\/891"}],"collection":[{"href":"https:\/\/meuherba.com\/index.php\/wp-json\/wp\/v2\/pages"}],"about":[{"href":"https:\/\/meuherba.com\/index.php\/wp-json\/wp\/v2\/types\/page"}],"author":[{"embeddable":true,"href":"https:\/\/meuherba.com\/index.php\/wp-json\/wp\/v2\/users\/1"}],"replies":[{"embeddable":true,"href":"https:\/\/meuherba.com\/index.php\/wp-json\/wp\/v2\/comments?post=891"}],"version-history":[{"count":37,"href":"https:\/\/meuherba.com\/index.php\/wp-json\/wp\/v2\/pages\/891\/revisions"}],"predecessor-version":[{"id":2134,"href":"https:\/\/meuherba.com\/index.php\/wp-json\/wp\/v2\/pages\/891\/revisions\/2134"}],"wp:attachment":[{"href":"https:\/\/meuherba.com\/index.php\/wp-json\/wp\/v2\/media?parent=891"}],"curies":[{"name":"wp","href":"https:\/\/api.w.org\/{rel}","templated":true}]}}