{"id":825,"date":"2024-03-13T17:32:23","date_gmt":"2024-03-13T20:32:23","guid":{"rendered":"https:\/\/meuherba.com\/?page_id=825"},"modified":"2024-03-21T17:44:27","modified_gmt":"2024-03-21T20:44:27","slug":"xtra-cal-60-tabletes","status":"publish","type":"page","link":"https:\/\/meuherba.com\/index.php\/xtra-cal-60-tabletes\/","title":{"rendered":"Xtra-Cal 60 Tabletes"},"content":{"rendered":"\t\t<div data-elementor-type=\"wp-page\" data-elementor-id=\"825\" class=\"elementor elementor-825\" data-elementor-post-type=\"page\">\n\t\t\t\t<div class=\"elementor-element elementor-element-6af56d6 e-flex e-con-boxed e-con e-parent\" data-id=\"6af56d6\" data-element_type=\"container\" data-settings=\"{&quot;content_width&quot;:&quot;boxed&quot;}\" data-core-v316-plus=\"true\">\n\t\t\t\t\t<div class=\"e-con-inner\">\n\t\t<div class=\"elementor-element elementor-element-090f76b e-con-full e-flex e-con e-child\" data-id=\"090f76b\" data-element_type=\"container\" data-settings=\"{&quot;content_width&quot;:&quot;full&quot;}\">\n\t\t\t\t<div class=\"elementor-element elementor-element-f00f592 elementor-widget elementor-widget-image\" data-id=\"f00f592\" data-element_type=\"widget\" data-widget_type=\"image.default\">\n\t\t\t\t<div class=\"elementor-widget-container\">\n\t\t\t<style>\/*! elementor - v3.19.0 - 28-02-2024 *\/\n.elementor-widget-image{text-align:center}.elementor-widget-image a{display:inline-block}.elementor-widget-image a img[src$=\".svg\"]{width:48px}.elementor-widget-image img{vertical-align:middle;display:inline-block}<\/style>\t\t\t\t\t\t\t\t\t\t<img fetchpriority=\"high\" decoding=\"async\" width=\"303\" height=\"320\" src=\"https:\/\/meuherba.com\/wp-content\/uploads\/2024\/03\/2-4842-xtra-cal-.webp\" class=\"attachment-large size-large wp-image-512\" alt=\"\" srcset=\"https:\/\/meuherba.com\/wp-content\/uploads\/2024\/03\/2-4842-xtra-cal-.webp 303w, https:\/\/meuherba.com\/wp-content\/uploads\/2024\/03\/2-4842-xtra-cal--284x300.webp 284w, https:\/\/meuherba.com\/wp-content\/uploads\/2024\/03\/2-4842-xtra-cal--64x68.webp 64w\" sizes=\"(max-width: 303px) 100vw, 303px\" \/>\t\t\t\t\t\t\t\t\t\t\t\t\t<\/div>\n\t\t\t\t<\/div>\n\t\t\t\t<\/div>\n\t\t<div class=\"elementor-element elementor-element-bf5c888 e-con-full e-flex e-con e-child\" data-id=\"bf5c888\" data-element_type=\"container\" data-settings=\"{&quot;content_width&quot;:&quot;full&quot;}\">\n\t\t\t\t<div class=\"elementor-element elementor-element-2fed04c elementor-widget elementor-widget-heading\" data-id=\"2fed04c\" data-element_type=\"widget\" data-widget_type=\"heading.default\">\n\t\t\t\t<div class=\"elementor-widget-container\">\n\t\t\t<style>\/*! elementor - v3.19.0 - 28-02-2024 *\/\n.elementor-heading-title{padding:0;margin:0;line-height:1}.elementor-widget-heading .elementor-heading-title[class*=elementor-size-]>a{color:inherit;font-size:inherit;line-height:inherit}.elementor-widget-heading .elementor-heading-title.elementor-size-small{font-size:15px}.elementor-widget-heading .elementor-heading-title.elementor-size-medium{font-size:19px}.elementor-widget-heading .elementor-heading-title.elementor-size-large{font-size:29px}.elementor-widget-heading .elementor-heading-title.elementor-size-xl{font-size:39px}.elementor-widget-heading .elementor-heading-title.elementor-size-xxl{font-size:59px}<\/style><h2 class=\"elementor-heading-title elementor-size-default\">Xtra-Cal 60 Tabletes\n\n<\/h2>\t\t<\/div>\n\t\t\t\t<\/div>\n\t\t\t\t<div class=\"elementor-element elementor-element-a9920a7 elementor-align-left elementor-mobile-align-center elementor-widget elementor-widget-button\" data-id=\"a9920a7\" data-element_type=\"widget\" data-widget_type=\"button.default\">\n\t\t\t\t<div class=\"elementor-widget-container\">\n\t\t\t\t\t<div class=\"elementor-button-wrapper\">\n\t\t\t<a class=\"elementor-button elementor-button-link elementor-size-sm\" href=\"https:\/\/api.whatsapp.com\/send?phone=5511971829371&#038;text=Ol%C3%A1,%20gostaria%20de%20adquirir%20Xtra-Cal\">\n\t\t\t\t\t\t<span class=\"elementor-button-content-wrapper\">\n\t\t\t\t\t\t<span class=\"elementor-button-text\">Quero adiquirir<\/span>\n\t\t<\/span>\n\t\t\t\t\t<\/a>\n\t\t<\/div>\n\t\t\t\t<\/div>\n\t\t\t\t<\/div>\n\t\t\t\t<\/div>\n\t\t\t\t\t<\/div>\n\t\t\t\t<\/div>\n\t\t<div class=\"elementor-element elementor-element-5d1d01d e-flex e-con-boxed e-con e-parent\" data-id=\"5d1d01d\" data-element_type=\"container\" data-settings=\"{&quot;background_background&quot;:&quot;classic&quot;,&quot;content_width&quot;:&quot;boxed&quot;}\" data-core-v316-plus=\"true\">\n\t\t\t\t\t<div class=\"e-con-inner\">\n\t\t\t\t\t<\/div>\n\t\t\t\t<\/div>\n\t\t<div class=\"elementor-element elementor-element-106b796 e-flex e-con-boxed e-con e-parent\" data-id=\"106b796\" data-element_type=\"container\" data-settings=\"{&quot;content_width&quot;:&quot;boxed&quot;}\" data-core-v316-plus=\"true\">\n\t\t\t\t\t<div class=\"e-con-inner\">\n\t\t<div class=\"elementor-element elementor-element-9454b69 e-con-full e-flex e-con e-child\" data-id=\"9454b69\" data-element_type=\"container\" data-settings=\"{&quot;content_width&quot;:&quot;full&quot;}\">\n\t\t\t\t<div class=\"elementor-element elementor-element-4ab11a0 elementor-widget elementor-widget-heading\" data-id=\"4ab11a0\" data-element_type=\"widget\" data-widget_type=\"heading.default\">\n\t\t\t\t<div class=\"elementor-widget-container\">\n\t\t\t<h2 class=\"elementor-heading-title elementor-size-default\">XTRA-CAL* | A FOR\u00c7A DO C\u00c1LCIO<\/h2>\t\t<\/div>\n\t\t\t\t<\/div>\n\t\t\t\t<div class=\"elementor-element elementor-element-074656d elementor-widget elementor-widget-text-editor\" data-id=\"074656d\" data-element_type=\"widget\" data-widget_type=\"text-editor.default\">\n\t\t\t\t<div class=\"elementor-widget-container\">\n\t\t\t<style>\/*! elementor - v3.19.0 - 28-02-2024 *\/\n.elementor-widget-text-editor.elementor-drop-cap-view-stacked .elementor-drop-cap{background-color:#69727d;color:#fff}.elementor-widget-text-editor.elementor-drop-cap-view-framed .elementor-drop-cap{color:#69727d;border:3px solid;background-color:transparent}.elementor-widget-text-editor:not(.elementor-drop-cap-view-default) .elementor-drop-cap{margin-top:8px}.elementor-widget-text-editor:not(.elementor-drop-cap-view-default) .elementor-drop-cap-letter{width:1em;height:1em}.elementor-widget-text-editor .elementor-drop-cap{float:left;text-align:center;line-height:1;font-size:50px}.elementor-widget-text-editor .elementor-drop-cap-letter{display:inline-block}<\/style>\t\t\t\t<p>Xtra-Cal suporta a manuten\u00e7\u00e3o da densidade \u00f3ssea e dentes saud\u00e1veis, pelo seu teor de c\u00e1lcio, vitamina D e magn\u00e9sio;<\/p><div>Esta f\u00f3rmula \u00fanica de vitaminas e minerais cont\u00e9m vitamina D emagn\u00e9sio para melhor absor\u00e7\u00e3o do c\u00e1lcio;<\/div><div>\u00a0<\/div><div>Um tablete de Xtra-Cal fornece 398 mg de c\u00e1lcio, mais de um copo de leite ou iogurte, em forma de tabletes f\u00e1ceis de digerir.<\/div><div>\u00a0<\/div>\t\t\t\t\t\t<\/div>\n\t\t\t\t<\/div>\n\t\t\t\t<\/div>\n\t\t<div class=\"elementor-element elementor-element-6faff04 e-con-full e-flex e-con e-child\" data-id=\"6faff04\" data-element_type=\"container\" data-settings=\"{&quot;content_width&quot;:&quot;full&quot;}\">\n\t\t\t\t<div class=\"elementor-element elementor-element-d89a5b6 elementor-widget elementor-widget-heading\" data-id=\"d89a5b6\" data-element_type=\"widget\" data-widget_type=\"heading.default\">\n\t\t\t\t<div class=\"elementor-widget-container\">\n\t\t\t<h2 class=\"elementor-heading-title elementor-size-default\">COMO FUNCIONA\n<\/h2>\t\t<\/div>\n\t\t\t\t<\/div>\n\t\t\t\t<div class=\"elementor-element elementor-element-afd24a3 elementor-widget elementor-widget-text-editor\" data-id=\"afd24a3\" data-element_type=\"widget\" data-widget_type=\"text-editor.default\">\n\t\t\t\t<div class=\"elementor-widget-container\">\n\t\t\t\t\t\t\t<p>O Xtra-Cal* \u00e9 um suplemento alimentar para complementar as necessidades di\u00e1rias de c\u00e1lcio.<\/p><p>Cont\u00e9m vitamina D e magn\u00e9sio, conhecidos por ajudarem na absor\u00e7\u00e3o e fixa\u00e7\u00e3o do c\u00e1lcio no organismo.<\/p>\t\t\t\t\t\t<\/div>\n\t\t\t\t<\/div>\n\t\t\t\t<\/div>\n\t\t\t\t\t<\/div>\n\t\t\t\t<\/div>\n\t\t<div class=\"elementor-element elementor-element-6af1eff e-flex e-con-boxed e-con e-parent\" data-id=\"6af1eff\" data-element_type=\"container\" data-settings=\"{&quot;background_background&quot;:&quot;classic&quot;,&quot;content_width&quot;:&quot;boxed&quot;}\" data-core-v316-plus=\"true\">\n\t\t\t\t\t<div class=\"e-con-inner\">\n\t\t<div class=\"elementor-element elementor-element-322c4e7 e-con-full e-flex e-con e-child\" data-id=\"322c4e7\" data-element_type=\"container\" data-settings=\"{&quot;content_width&quot;:&quot;full&quot;}\">\n\t\t\t\t<div class=\"elementor-element elementor-element-8e1899a elementor-widget elementor-widget-image\" data-id=\"8e1899a\" data-element_type=\"widget\" data-widget_type=\"image.default\">\n\t\t\t\t<div class=\"elementor-widget-container\">\n\t\t\t\t\t\t\t\t\t\t\t\t\t<img decoding=\"async\" width=\"690\" height=\"510\" src=\"https:\/\/meuherba.com\/wp-content\/uploads\/2024\/03\/4-7351c-herbalifeline-90-cap.png\" class=\"attachment-large size-large wp-image-786\" alt=\"\" srcset=\"https:\/\/meuherba.com\/wp-content\/uploads\/2024\/03\/4-7351c-herbalifeline-90-cap.png 690w, https:\/\/meuherba.com\/wp-content\/uploads\/2024\/03\/4-7351c-herbalifeline-90-cap-300x222.png 300w\" sizes=\"(max-width: 690px) 100vw, 690px\" \/>\t\t\t\t\t\t\t\t\t\t\t\t\t<\/div>\n\t\t\t\t<\/div>\n\t\t\t\t<\/div>\n\t\t<div class=\"elementor-element elementor-element-0628eb7 e-con-full e-flex e-con e-child\" data-id=\"0628eb7\" data-element_type=\"container\" data-settings=\"{&quot;content_width&quot;:&quot;full&quot;}\">\n\t\t\t\t<div class=\"elementor-element elementor-element-31ab2d7 elementor-widget elementor-widget-image\" data-id=\"31ab2d7\" data-element_type=\"widget\" data-widget_type=\"image.default\">\n\t\t\t\t<div class=\"elementor-widget-container\">\n\t\t\t\t\t\t\t\t\t\t\t\t\t<img decoding=\"async\" width=\"530\" height=\"300\" src=\"https:\/\/meuherba.com\/wp-content\/uploads\/2024\/03\/2-9974b-xtra-cal-60-tabletes.png\" class=\"attachment-large size-large wp-image-831\" alt=\"\" srcset=\"https:\/\/meuherba.com\/wp-content\/uploads\/2024\/03\/2-9974b-xtra-cal-60-tabletes.png 530w, https:\/\/meuherba.com\/wp-content\/uploads\/2024\/03\/2-9974b-xtra-cal-60-tabletes-300x170.png 300w\" sizes=\"(max-width: 530px) 100vw, 530px\" \/>\t\t\t\t\t\t\t\t\t\t\t\t\t<\/div>\n\t\t\t\t<\/div>\n\t\t\t\t<\/div>\n\t\t\t\t\t<\/div>\n\t\t\t\t<\/div>\n\t\t<div class=\"elementor-element elementor-element-20c6e23 e-flex e-con-boxed e-con e-parent\" data-id=\"20c6e23\" data-element_type=\"container\" data-settings=\"{&quot;content_width&quot;:&quot;boxed&quot;}\" data-core-v316-plus=\"true\">\n\t\t\t\t\t<div class=\"e-con-inner\">\n\t\t\t\t<div class=\"elementor-element elementor-element-2c7451e elementor-widget elementor-widget-heading\" data-id=\"2c7451e\" data-element_type=\"widget\" data-widget_type=\"heading.default\">\n\t\t\t\t<div class=\"elementor-widget-container\">\n\t\t\t<h2 class=\"elementor-heading-title elementor-size-default\">INFORMA\u00c7\u00c3O NUTRICIONAL\n<\/h2>\t\t<\/div>\n\t\t\t\t<\/div>\n\t\t\t\t<div class=\"elementor-element elementor-element-cd90718 elementor-widget elementor-widget-image\" data-id=\"cd90718\" data-element_type=\"widget\" data-widget_type=\"image.default\">\n\t\t\t\t<div class=\"elementor-widget-container\">\n\t\t\t\t\t\t\t\t\t\t\t\t\t<img loading=\"lazy\" decoding=\"async\" width=\"800\" height=\"186\" src=\"https:\/\/meuherba.com\/wp-content\/uploads\/2024\/03\/2-2301d-xtra-cal-60-tabletes-1024x238.png\" class=\"attachment-large size-large wp-image-832\" alt=\"\" srcset=\"https:\/\/meuherba.com\/wp-content\/uploads\/2024\/03\/2-2301d-xtra-cal-60-tabletes-1024x238.png 1024w, https:\/\/meuherba.com\/wp-content\/uploads\/2024\/03\/2-2301d-xtra-cal-60-tabletes-300x70.png 300w, https:\/\/meuherba.com\/wp-content\/uploads\/2024\/03\/2-2301d-xtra-cal-60-tabletes-768x179.png 768w, https:\/\/meuherba.com\/wp-content\/uploads\/2024\/03\/2-2301d-xtra-cal-60-tabletes-1536x358.png 1536w, https:\/\/meuherba.com\/wp-content\/uploads\/2024\/03\/2-2301d-xtra-cal-60-tabletes-1320x307.png 1320w, https:\/\/meuherba.com\/wp-content\/uploads\/2024\/03\/2-2301d-xtra-cal-60-tabletes.png 1920w\" sizes=\"(max-width: 800px) 100vw, 800px\" \/>\t\t\t\t\t\t\t\t\t\t\t\t\t<\/div>\n\t\t\t\t<\/div>\n\t\t\t\t\t<\/div>\n\t\t\t\t<\/div>\n\t\t\t\t<\/div>\n\t\t","protected":false},"excerpt":{"rendered":"<p>Xtra-Cal 60 Tabletes Quero adiquirir XTRA-CAL* | A FOR\u00c7A DO C\u00c1LCIO Xtra-Cal suporta a manuten\u00e7\u00e3o da densidade \u00f3ssea e dentes saud\u00e1veis, pelo seu teor de c\u00e1lcio, vitamina D e magn\u00e9sio; Esta f\u00f3rmula \u00fanica de vitaminas e minerais cont\u00e9m vitamina D emagn\u00e9sio para melhor absor\u00e7\u00e3o do c\u00e1lcio;\u00a0Um tablete de Xtra-Cal fornece 398 mg de c\u00e1lcio, mais [&hellip;]<\/p>\n","protected":false},"author":1,"featured_media":0,"parent":0,"menu_order":0,"comment_status":"closed","ping_status":"closed","template":"elementor_header_footer","meta":{"footnotes":""},"_links":{"self":[{"href":"https:\/\/meuherba.com\/index.php\/wp-json\/wp\/v2\/pages\/825"}],"collection":[{"href":"https:\/\/meuherba.com\/index.php\/wp-json\/wp\/v2\/pages"}],"about":[{"href":"https:\/\/meuherba.com\/index.php\/wp-json\/wp\/v2\/types\/page"}],"author":[{"embeddable":true,"href":"https:\/\/meuherba.com\/index.php\/wp-json\/wp\/v2\/users\/1"}],"replies":[{"embeddable":true,"href":"https:\/\/meuherba.com\/index.php\/wp-json\/wp\/v2\/comments?post=825"}],"version-history":[{"count":25,"href":"https:\/\/meuherba.com\/index.php\/wp-json\/wp\/v2\/pages\/825\/revisions"}],"predecessor-version":[{"id":2124,"href":"https:\/\/meuherba.com\/index.php\/wp-json\/wp\/v2\/pages\/825\/revisions\/2124"}],"wp:attachment":[{"href":"https:\/\/meuherba.com\/index.php\/wp-json\/wp\/v2\/media?parent=825"}],"curies":[{"name":"wp","href":"https:\/\/api.w.org\/{rel}","templated":true}]}}