{"id":807,"date":"2024-03-13T17:13:59","date_gmt":"2024-03-13T20:13:59","guid":{"rendered":"https:\/\/meuherba.com\/?page_id=807"},"modified":"2024-03-21T17:42:26","modified_gmt":"2024-03-21T20:42:26","slug":"shape-control","status":"publish","type":"page","link":"https:\/\/meuherba.com\/index.php\/shape-control\/","title":{"rendered":"Shape Control"},"content":{"rendered":"\t\t<div data-elementor-type=\"wp-page\" data-elementor-id=\"807\" class=\"elementor elementor-807\" data-elementor-post-type=\"page\">\n\t\t\t\t<div class=\"elementor-element elementor-element-fc5597e e-flex e-con-boxed e-con e-parent\" data-id=\"fc5597e\" data-element_type=\"container\" data-settings=\"{&quot;content_width&quot;:&quot;boxed&quot;}\" data-core-v316-plus=\"true\">\n\t\t\t\t\t<div class=\"e-con-inner\">\n\t\t<div class=\"elementor-element elementor-element-36dc125 e-con-full e-flex e-con e-child\" data-id=\"36dc125\" data-element_type=\"container\" data-settings=\"{&quot;content_width&quot;:&quot;full&quot;}\">\n\t\t\t\t<div class=\"elementor-element elementor-element-acd734c elementor-widget elementor-widget-image\" data-id=\"acd734c\" data-element_type=\"widget\" data-widget_type=\"image.default\">\n\t\t\t\t<div class=\"elementor-widget-container\">\n\t\t\t<style>\/*! elementor - v3.19.0 - 28-02-2024 *\/\n.elementor-widget-image{text-align:center}.elementor-widget-image a{display:inline-block}.elementor-widget-image a img[src$=\".svg\"]{width:48px}.elementor-widget-image img{vertical-align:middle;display:inline-block}<\/style>\t\t\t\t\t\t\t\t\t\t<img fetchpriority=\"high\" decoding=\"async\" width=\"303\" height=\"320\" src=\"https:\/\/meuherba.com\/wp-content\/uploads\/2024\/03\/2j-3947-shape-co.webp\" class=\"attachment-large size-large wp-image-511\" alt=\"\" srcset=\"https:\/\/meuherba.com\/wp-content\/uploads\/2024\/03\/2j-3947-shape-co.webp 303w, https:\/\/meuherba.com\/wp-content\/uploads\/2024\/03\/2j-3947-shape-co-284x300.webp 284w, https:\/\/meuherba.com\/wp-content\/uploads\/2024\/03\/2j-3947-shape-co-64x68.webp 64w\" sizes=\"(max-width: 303px) 100vw, 303px\" \/>\t\t\t\t\t\t\t\t\t\t\t\t\t<\/div>\n\t\t\t\t<\/div>\n\t\t\t\t<\/div>\n\t\t<div class=\"elementor-element elementor-element-e549faf e-con-full e-flex e-con e-child\" data-id=\"e549faf\" data-element_type=\"container\" data-settings=\"{&quot;content_width&quot;:&quot;full&quot;}\">\n\t\t\t\t<div class=\"elementor-element elementor-element-bef461e elementor-widget elementor-widget-heading\" data-id=\"bef461e\" data-element_type=\"widget\" data-widget_type=\"heading.default\">\n\t\t\t\t<div class=\"elementor-widget-container\">\n\t\t\t<style>\/*! elementor - v3.19.0 - 28-02-2024 *\/\n.elementor-heading-title{padding:0;margin:0;line-height:1}.elementor-widget-heading .elementor-heading-title[class*=elementor-size-]>a{color:inherit;font-size:inherit;line-height:inherit}.elementor-widget-heading .elementor-heading-title.elementor-size-small{font-size:15px}.elementor-widget-heading .elementor-heading-title.elementor-size-medium{font-size:19px}.elementor-widget-heading .elementor-heading-title.elementor-size-large{font-size:29px}.elementor-widget-heading .elementor-heading-title.elementor-size-xl{font-size:39px}.elementor-widget-heading .elementor-heading-title.elementor-size-xxl{font-size:59px}<\/style><h2 class=\"elementor-heading-title elementor-size-default\">Shape Control\n<\/h2>\t\t<\/div>\n\t\t\t\t<\/div>\n\t\t\t\t<div class=\"elementor-element elementor-element-24e718f elementor-align-left elementor-mobile-align-center elementor-widget elementor-widget-button\" data-id=\"24e718f\" data-element_type=\"widget\" data-widget_type=\"button.default\">\n\t\t\t\t<div class=\"elementor-widget-container\">\n\t\t\t\t\t<div class=\"elementor-button-wrapper\">\n\t\t\t<a class=\"elementor-button elementor-button-link elementor-size-sm\" href=\"https:\/\/api.whatsapp.com\/send?phone=5511971829371&#038;text=Ol%C3%A1,%20gostaria%20de%20adquirir%20Shape%20Control\">\n\t\t\t\t\t\t<span class=\"elementor-button-content-wrapper\">\n\t\t\t\t\t\t<span class=\"elementor-button-text\">Quero adiquirir<\/span>\n\t\t<\/span>\n\t\t\t\t\t<\/a>\n\t\t<\/div>\n\t\t\t\t<\/div>\n\t\t\t\t<\/div>\n\t\t\t\t<\/div>\n\t\t\t\t\t<\/div>\n\t\t\t\t<\/div>\n\t\t<div class=\"elementor-element elementor-element-41f6972 e-flex e-con-boxed e-con e-parent\" data-id=\"41f6972\" data-element_type=\"container\" data-settings=\"{&quot;background_background&quot;:&quot;classic&quot;,&quot;content_width&quot;:&quot;boxed&quot;}\" data-core-v316-plus=\"true\">\n\t\t\t\t\t<div class=\"e-con-inner\">\n\t\t\t\t\t<\/div>\n\t\t\t\t<\/div>\n\t\t<div class=\"elementor-element elementor-element-d1d9eeb e-flex e-con-boxed e-con e-parent\" data-id=\"d1d9eeb\" data-element_type=\"container\" data-settings=\"{&quot;content_width&quot;:&quot;boxed&quot;}\" data-core-v316-plus=\"true\">\n\t\t\t\t\t<div class=\"e-con-inner\">\n\t\t<div class=\"elementor-element elementor-element-bf57554 e-con-full e-flex e-con e-child\" data-id=\"bf57554\" data-element_type=\"container\" data-settings=\"{&quot;content_width&quot;:&quot;full&quot;}\">\n\t\t\t\t<div class=\"elementor-element elementor-element-5875be6 elementor-widget elementor-widget-heading\" data-id=\"5875be6\" data-element_type=\"widget\" data-widget_type=\"heading.default\">\n\t\t\t\t<div class=\"elementor-widget-container\">\n\t\t\t<h2 class=\"elementor-heading-title elementor-size-default\">CONQUISTE A SUA MELHOR FORMA!\n<\/h2>\t\t<\/div>\n\t\t\t\t<\/div>\n\t\t\t\t<div class=\"elementor-element elementor-element-60069f0 elementor-widget elementor-widget-text-editor\" data-id=\"60069f0\" data-element_type=\"widget\" data-widget_type=\"text-editor.default\">\n\t\t\t\t<div class=\"elementor-widget-container\">\n\t\t\t<style>\/*! elementor - v3.19.0 - 28-02-2024 *\/\n.elementor-widget-text-editor.elementor-drop-cap-view-stacked .elementor-drop-cap{background-color:#69727d;color:#fff}.elementor-widget-text-editor.elementor-drop-cap-view-framed .elementor-drop-cap{color:#69727d;border:3px solid;background-color:transparent}.elementor-widget-text-editor:not(.elementor-drop-cap-view-default) .elementor-drop-cap{margin-top:8px}.elementor-widget-text-editor:not(.elementor-drop-cap-view-default) .elementor-drop-cap-letter{width:1em;height:1em}.elementor-widget-text-editor .elementor-drop-cap{float:left;text-align:center;line-height:1;font-size:50px}.elementor-widget-text-editor .elementor-drop-cap-letter{display:inline-block}<\/style>\t\t\t\t<p>Um suplemento alimentar que combina dois ativos, a laranja moro que favorece a quebra de gordura e a redu\u00e7\u00e3o de medidas\u00b9 e o cromo, que auxilia no metabolismo de prote\u00ednas, carboidratos e gorduras e contribui para a manuten\u00e7\u00e3o dos n\u00edveis de glicose e insulina no sangue. N\u00edveis normais de insulina colaboram para o controle do apetite.<\/p><p><br \/>Shape Control foi inteiramente pensado em voc\u00ea e elaborado com Morosil\u00ae, marca patenteada para comercializar o ativo natural obtido do suco das Laranjas Vermelhas Moro, cultivadas ao redor do vulcao Etna na Sicilia, Italia, o que garante seguran\u00e7a, proced\u00eancia e efic\u00e1cia.<\/p>\t\t\t\t\t\t<\/div>\n\t\t\t\t<\/div>\n\t\t\t\t<\/div>\n\t\t<div class=\"elementor-element elementor-element-87514b7 e-con-full e-flex e-con e-child\" data-id=\"87514b7\" data-element_type=\"container\" data-settings=\"{&quot;content_width&quot;:&quot;full&quot;}\">\n\t\t\t\t<div class=\"elementor-element elementor-element-2259818 elementor-widget elementor-widget-heading\" data-id=\"2259818\" data-element_type=\"widget\" data-widget_type=\"heading.default\">\n\t\t\t\t<div class=\"elementor-widget-container\">\n\t\t\t<h2 class=\"elementor-heading-title elementor-size-default\">COMO FUNCIONA?\n<\/h2>\t\t<\/div>\n\t\t\t\t<\/div>\n\t\t\t\t<div class=\"elementor-element elementor-element-b78ee62 elementor-widget elementor-widget-text-editor\" data-id=\"b78ee62\" data-element_type=\"widget\" data-widget_type=\"text-editor.default\">\n\t\t\t\t<div class=\"elementor-widget-container\">\n\t\t\t\t\t\t\t<p>Morosil \u00e9 um extrato bot\u00e2nico natural fonte de antocianinas e flavononas, fitonutrientes antioxidantes com efeitos comprovados por estudo\u00b2, que pode ajudar a reduzir o estresse oxidativo, favorecer a quebra de gordura e evitar a forma\u00e7\u00e3o de novas c\u00e9lulas de gorduras. Clinicamente testado para auxiliar na redu\u00e7\u00e3o da circunfer\u00eancia da cintura, quadril e da gordura abdominal.<br \/>\u00a0<br \/>\u00a0Agora n\u00e3o tem mais desculpa para furar a meta de emagrecer.<br \/>\u00a0Est\u00e1 na hora de ganhar velocidade e alcan\u00e7ar os resultados desejados.<br \/><br \/>\u00a0Emagre\u00e7a de forma natural!<br \/>Conhe\u00e7a o Shape Control e fa\u00e7a seu esfor\u00e7o e suor valerem muito mais!\u00a0<\/p>\t\t\t\t\t\t<\/div>\n\t\t\t\t<\/div>\n\t\t\t\t<\/div>\n\t\t\t\t\t<\/div>\n\t\t\t\t<\/div>\n\t\t<div class=\"elementor-element elementor-element-8224f49 e-flex e-con-boxed e-con e-parent\" data-id=\"8224f49\" data-element_type=\"container\" data-settings=\"{&quot;background_background&quot;:&quot;classic&quot;,&quot;content_width&quot;:&quot;boxed&quot;}\" data-core-v316-plus=\"true\">\n\t\t\t\t\t<div class=\"e-con-inner\">\n\t\t<div class=\"elementor-element elementor-element-286809a e-con-full e-flex e-con e-child\" data-id=\"286809a\" data-element_type=\"container\" data-settings=\"{&quot;content_width&quot;:&quot;full&quot;}\">\n\t\t\t\t<div class=\"elementor-element elementor-element-fdfa98a elementor-widget elementor-widget-image\" data-id=\"fdfa98a\" data-element_type=\"widget\" data-widget_type=\"image.default\">\n\t\t\t\t<div class=\"elementor-widget-container\">\n\t\t\t\t\t\t\t\t\t\t\t\t\t<img decoding=\"async\" width=\"690\" height=\"510\" src=\"https:\/\/meuherba.com\/wp-content\/uploads\/2024\/03\/91-7169c-shape-control.png\" class=\"attachment-large size-large wp-image-813\" alt=\"\" srcset=\"https:\/\/meuherba.com\/wp-content\/uploads\/2024\/03\/91-7169c-shape-control.png 690w, https:\/\/meuherba.com\/wp-content\/uploads\/2024\/03\/91-7169c-shape-control-300x222.png 300w\" sizes=\"(max-width: 690px) 100vw, 690px\" \/>\t\t\t\t\t\t\t\t\t\t\t\t\t<\/div>\n\t\t\t\t<\/div>\n\t\t\t\t<\/div>\n\t\t<div class=\"elementor-element elementor-element-aa78d4f e-con-full e-flex e-con e-child\" data-id=\"aa78d4f\" data-element_type=\"container\" data-settings=\"{&quot;content_width&quot;:&quot;full&quot;}\">\n\t\t\t\t<div class=\"elementor-element elementor-element-7967cc5 elementor-widget elementor-widget-image\" data-id=\"7967cc5\" data-element_type=\"widget\" data-widget_type=\"image.default\">\n\t\t\t\t<div class=\"elementor-widget-container\">\n\t\t\t\t\t\t\t\t\t\t\t\t\t<img decoding=\"async\" width=\"530\" height=\"300\" src=\"https:\/\/meuherba.com\/wp-content\/uploads\/2024\/03\/91-4461b-shape-control.png\" class=\"attachment-large size-large wp-image-814\" alt=\"\" srcset=\"https:\/\/meuherba.com\/wp-content\/uploads\/2024\/03\/91-4461b-shape-control.png 530w, https:\/\/meuherba.com\/wp-content\/uploads\/2024\/03\/91-4461b-shape-control-300x170.png 300w\" sizes=\"(max-width: 530px) 100vw, 530px\" \/>\t\t\t\t\t\t\t\t\t\t\t\t\t<\/div>\n\t\t\t\t<\/div>\n\t\t\t\t<\/div>\n\t\t\t\t\t<\/div>\n\t\t\t\t<\/div>\n\t\t<div class=\"elementor-element elementor-element-f38a4ce e-flex e-con-boxed e-con e-parent\" data-id=\"f38a4ce\" data-element_type=\"container\" data-settings=\"{&quot;content_width&quot;:&quot;boxed&quot;}\" data-core-v316-plus=\"true\">\n\t\t\t\t\t<div class=\"e-con-inner\">\n\t\t\t\t<div class=\"elementor-element elementor-element-6c3570e elementor-widget elementor-widget-heading\" data-id=\"6c3570e\" data-element_type=\"widget\" data-widget_type=\"heading.default\">\n\t\t\t\t<div class=\"elementor-widget-container\">\n\t\t\t<h2 class=\"elementor-heading-title elementor-size-default\">INFORMA\u00c7\u00c3O NUTRICIONAL\n<\/h2>\t\t<\/div>\n\t\t\t\t<\/div>\n\t\t\t\t<div class=\"elementor-element elementor-element-a6b2b87 elementor-widget elementor-widget-image\" data-id=\"a6b2b87\" data-element_type=\"widget\" data-widget_type=\"image.default\">\n\t\t\t\t<div class=\"elementor-widget-container\">\n\t\t\t\t\t\t\t\t\t\t\t\t\t<img loading=\"lazy\" decoding=\"async\" width=\"800\" height=\"412\" src=\"https:\/\/meuherba.com\/wp-content\/uploads\/2024\/03\/91-9673d-shape-control-1024x527.png\" class=\"attachment-large size-large wp-image-815\" alt=\"\" srcset=\"https:\/\/meuherba.com\/wp-content\/uploads\/2024\/03\/91-9673d-shape-control-1024x527.png 1024w, https:\/\/meuherba.com\/wp-content\/uploads\/2024\/03\/91-9673d-shape-control-300x155.png 300w, https:\/\/meuherba.com\/wp-content\/uploads\/2024\/03\/91-9673d-shape-control-768x396.png 768w, https:\/\/meuherba.com\/wp-content\/uploads\/2024\/03\/91-9673d-shape-control-1536x791.png 1536w, https:\/\/meuherba.com\/wp-content\/uploads\/2024\/03\/91-9673d-shape-control-1320x680.png 1320w, https:\/\/meuherba.com\/wp-content\/uploads\/2024\/03\/91-9673d-shape-control.png 1920w\" sizes=\"(max-width: 800px) 100vw, 800px\" \/>\t\t\t\t\t\t\t\t\t\t\t\t\t<\/div>\n\t\t\t\t<\/div>\n\t\t\t\t\t<\/div>\n\t\t\t\t<\/div>\n\t\t\t\t<\/div>\n\t\t","protected":false},"excerpt":{"rendered":"<p>Shape Control Quero adiquirir CONQUISTE A SUA MELHOR FORMA! Um suplemento alimentar que combina dois ativos, a laranja moro que favorece a quebra de gordura e a redu\u00e7\u00e3o de medidas\u00b9 e o cromo, que auxilia no metabolismo de prote\u00ednas, carboidratos e gorduras e contribui para a manuten\u00e7\u00e3o dos n\u00edveis de glicose e insulina no sangue. [&hellip;]<\/p>\n","protected":false},"author":1,"featured_media":0,"parent":0,"menu_order":0,"comment_status":"closed","ping_status":"closed","template":"elementor_header_footer","meta":{"footnotes":""},"_links":{"self":[{"href":"https:\/\/meuherba.com\/index.php\/wp-json\/wp\/v2\/pages\/807"}],"collection":[{"href":"https:\/\/meuherba.com\/index.php\/wp-json\/wp\/v2\/pages"}],"about":[{"href":"https:\/\/meuherba.com\/index.php\/wp-json\/wp\/v2\/types\/page"}],"author":[{"embeddable":true,"href":"https:\/\/meuherba.com\/index.php\/wp-json\/wp\/v2\/users\/1"}],"replies":[{"embeddable":true,"href":"https:\/\/meuherba.com\/index.php\/wp-json\/wp\/v2\/comments?post=807"}],"version-history":[{"count":19,"href":"https:\/\/meuherba.com\/index.php\/wp-json\/wp\/v2\/pages\/807\/revisions"}],"predecessor-version":[{"id":2121,"href":"https:\/\/meuherba.com\/index.php\/wp-json\/wp\/v2\/pages\/807\/revisions\/2121"}],"wp:attachment":[{"href":"https:\/\/meuherba.com\/index.php\/wp-json\/wp\/v2\/media?parent=807"}],"curies":[{"name":"wp","href":"https:\/\/api.w.org\/{rel}","templated":true}]}}