{"id":777,"date":"2024-03-13T17:04:46","date_gmt":"2024-03-13T20:04:46","guid":{"rendered":"https:\/\/meuherba.com\/?page_id=777"},"modified":"2024-03-21T17:37:48","modified_gmt":"2024-03-21T20:37:48","slug":"herbalifeline-90-capsulas","status":"publish","type":"page","link":"https:\/\/meuherba.com\/index.php\/herbalifeline-90-capsulas\/","title":{"rendered":"Herbalifeline 90 C\u00e1psulas"},"content":{"rendered":"\t\t<div data-elementor-type=\"wp-page\" data-elementor-id=\"777\" class=\"elementor elementor-777\" data-elementor-post-type=\"page\">\n\t\t\t\t<div class=\"elementor-element elementor-element-ae9c686 e-flex e-con-boxed e-con e-parent\" data-id=\"ae9c686\" data-element_type=\"container\" data-settings=\"{&quot;content_width&quot;:&quot;boxed&quot;}\" data-core-v316-plus=\"true\">\n\t\t\t\t\t<div class=\"e-con-inner\">\n\t\t<div class=\"elementor-element elementor-element-a1914f5 e-con-full e-flex e-con e-child\" data-id=\"a1914f5\" data-element_type=\"container\" data-settings=\"{&quot;content_width&quot;:&quot;full&quot;}\">\n\t\t\t\t<div class=\"elementor-element elementor-element-d9bac9a elementor-widget elementor-widget-image\" data-id=\"d9bac9a\" data-element_type=\"widget\" data-widget_type=\"image.default\">\n\t\t\t\t<div class=\"elementor-widget-container\">\n\t\t\t<style>\/*! elementor - v3.19.0 - 28-02-2024 *\/\n.elementor-widget-image{text-align:center}.elementor-widget-image a{display:inline-block}.elementor-widget-image a img[src$=\".svg\"]{width:48px}.elementor-widget-image img{vertical-align:middle;display:inline-block}<\/style>\t\t\t\t\t\t\t\t\t\t<img fetchpriority=\"high\" decoding=\"async\" width=\"303\" height=\"320\" src=\"https:\/\/meuherba.com\/wp-content\/uploads\/2024\/03\/4-4994-herbalife.webp\" class=\"attachment-large size-large wp-image-509\" alt=\"\" srcset=\"https:\/\/meuherba.com\/wp-content\/uploads\/2024\/03\/4-4994-herbalife.webp 303w, https:\/\/meuherba.com\/wp-content\/uploads\/2024\/03\/4-4994-herbalife-284x300.webp 284w, https:\/\/meuherba.com\/wp-content\/uploads\/2024\/03\/4-4994-herbalife-64x68.webp 64w\" sizes=\"(max-width: 303px) 100vw, 303px\" \/>\t\t\t\t\t\t\t\t\t\t\t\t\t<\/div>\n\t\t\t\t<\/div>\n\t\t\t\t<\/div>\n\t\t<div class=\"elementor-element elementor-element-0f77c0e e-con-full e-flex e-con e-child\" data-id=\"0f77c0e\" data-element_type=\"container\" data-settings=\"{&quot;content_width&quot;:&quot;full&quot;}\">\n\t\t\t\t<div class=\"elementor-element elementor-element-999f409 elementor-widget elementor-widget-heading\" data-id=\"999f409\" data-element_type=\"widget\" data-widget_type=\"heading.default\">\n\t\t\t\t<div class=\"elementor-widget-container\">\n\t\t\t<style>\/*! elementor - v3.19.0 - 28-02-2024 *\/\n.elementor-heading-title{padding:0;margin:0;line-height:1}.elementor-widget-heading .elementor-heading-title[class*=elementor-size-]>a{color:inherit;font-size:inherit;line-height:inherit}.elementor-widget-heading .elementor-heading-title.elementor-size-small{font-size:15px}.elementor-widget-heading .elementor-heading-title.elementor-size-medium{font-size:19px}.elementor-widget-heading .elementor-heading-title.elementor-size-large{font-size:29px}.elementor-widget-heading .elementor-heading-title.elementor-size-xl{font-size:39px}.elementor-widget-heading .elementor-heading-title.elementor-size-xxl{font-size:59px}<\/style><h2 class=\"elementor-heading-title elementor-size-default\">Herbalifeline 90 C\u00e1psulas\n<\/h2>\t\t<\/div>\n\t\t\t\t<\/div>\n\t\t\t\t<div class=\"elementor-element elementor-element-0b80733 elementor-align-left elementor-mobile-align-center elementor-widget elementor-widget-button\" data-id=\"0b80733\" data-element_type=\"widget\" data-widget_type=\"button.default\">\n\t\t\t\t<div class=\"elementor-widget-container\">\n\t\t\t\t\t<div class=\"elementor-button-wrapper\">\n\t\t\t<a class=\"elementor-button elementor-button-link elementor-size-sm\" href=\"https:\/\/api.whatsapp.com\/send?phone=5511971829371&#038;text=Ol%C3%A1,%20gostaria%20de%20adquirir%20Herbalifeline\">\n\t\t\t\t\t\t<span class=\"elementor-button-content-wrapper\">\n\t\t\t\t\t\t<span class=\"elementor-button-text\">Quero adiquirir<\/span>\n\t\t<\/span>\n\t\t\t\t\t<\/a>\n\t\t<\/div>\n\t\t\t\t<\/div>\n\t\t\t\t<\/div>\n\t\t\t\t<\/div>\n\t\t\t\t\t<\/div>\n\t\t\t\t<\/div>\n\t\t<div class=\"elementor-element elementor-element-006b102 e-flex e-con-boxed e-con e-parent\" data-id=\"006b102\" data-element_type=\"container\" data-settings=\"{&quot;background_background&quot;:&quot;classic&quot;,&quot;content_width&quot;:&quot;boxed&quot;}\" data-core-v316-plus=\"true\">\n\t\t\t\t\t<div class=\"e-con-inner\">\n\t\t\t\t\t<\/div>\n\t\t\t\t<\/div>\n\t\t<div class=\"elementor-element elementor-element-652786f e-flex e-con-boxed e-con e-parent\" data-id=\"652786f\" data-element_type=\"container\" data-settings=\"{&quot;content_width&quot;:&quot;boxed&quot;}\" data-core-v316-plus=\"true\">\n\t\t\t\t\t<div class=\"e-con-inner\">\n\t\t<div class=\"elementor-element elementor-element-0b996b4 e-con-full e-flex e-con e-child\" data-id=\"0b996b4\" data-element_type=\"container\" data-settings=\"{&quot;content_width&quot;:&quot;full&quot;}\">\n\t\t\t\t<div class=\"elementor-element elementor-element-d5baa57 elementor-widget elementor-widget-heading\" data-id=\"d5baa57\" data-element_type=\"widget\" data-widget_type=\"heading.default\">\n\t\t\t\t<div class=\"elementor-widget-container\">\n\t\t\t<h2 class=\"elementor-heading-title elementor-size-default\">HERBALIFELINE | \u00d3LEO DE PEIXE COM \u00d4MEGA 3 EM CAPSULAS<\/h2>\t\t<\/div>\n\t\t\t\t<\/div>\n\t\t\t\t<div class=\"elementor-element elementor-element-46ee0d3 elementor-widget elementor-widget-text-editor\" data-id=\"46ee0d3\" data-element_type=\"widget\" data-widget_type=\"text-editor.default\">\n\t\t\t\t<div class=\"elementor-widget-container\">\n\t\t\t<style>\/*! elementor - v3.19.0 - 28-02-2024 *\/\n.elementor-widget-text-editor.elementor-drop-cap-view-stacked .elementor-drop-cap{background-color:#69727d;color:#fff}.elementor-widget-text-editor.elementor-drop-cap-view-framed .elementor-drop-cap{color:#69727d;border:3px solid;background-color:transparent}.elementor-widget-text-editor:not(.elementor-drop-cap-view-default) .elementor-drop-cap{margin-top:8px}.elementor-widget-text-editor:not(.elementor-drop-cap-view-default) .elementor-drop-cap-letter{width:1em;height:1em}.elementor-widget-text-editor .elementor-drop-cap{float:left;text-align:center;line-height:1;font-size:50px}.elementor-widget-text-editor .elementor-drop-cap-letter{display:inline-block}<\/style>\t\t\t\t<p>C\u00e1psulas de \u00f3leo de peixe Herbalifeline fornecem uma fonte segura de \u00e1cidos graxos \u00d4mega-3 a serem consumidos como parte de uma dieta normal.<\/p><p>Herbalifeline tamb\u00e9m cont\u00e9m vitamina E, que ajuda a proteger as c\u00e9lulas contra o estresse oxidativo,<\/p><p>Cont\u00e9m aromas naturais de tomilho, hortel\u00e3 e cravo que ajudam a mascarar o sabor de peixe;<\/p><p>C\u00e1psulas de gel suaves de ingerir.<\/p>\t\t\t\t\t\t<\/div>\n\t\t\t\t<\/div>\n\t\t\t\t<\/div>\n\t\t<div class=\"elementor-element elementor-element-eb75ccf e-con-full e-flex e-con e-child\" data-id=\"eb75ccf\" data-element_type=\"container\" data-settings=\"{&quot;content_width&quot;:&quot;full&quot;}\">\n\t\t\t\t<div class=\"elementor-element elementor-element-b3d8623 elementor-widget elementor-widget-heading\" data-id=\"b3d8623\" data-element_type=\"widget\" data-widget_type=\"heading.default\">\n\t\t\t\t<div class=\"elementor-widget-container\">\n\t\t\t<h2 class=\"elementor-heading-title elementor-size-default\">COMO FUNCIONA<\/h2>\t\t<\/div>\n\t\t\t\t<\/div>\n\t\t\t\t<div class=\"elementor-element elementor-element-fd6bbb4 elementor-widget elementor-widget-text-editor\" data-id=\"fd6bbb4\" data-element_type=\"widget\" data-widget_type=\"text-editor.default\">\n\t\t\t\t<div class=\"elementor-widget-container\">\n\t\t\t\t\t\t\t<p>O Herbalifeline* \u00e9 um alimento funcional composto por uma combina\u00e7\u00e3o de \u00f3leos de peixe de origem marinha (fonte de \u00f4mega 3) e vitamina E.<\/p><p>O \u00f4mega-3 \u00e9 um \u00e1cido graxoessencial n\u00e3o produzido pelo corpo e deve ser obtido pela alimenta\u00e7\u00e3o.<\/p><p>Seu consumo adequado, aliado a uma alimenta\u00e7\u00e3o balanceada, pode trazer benef\u00edcios como auxiliar na manuten\u00e7\u00e3o de n\u00edveis saud\u00e1veis de triglicer\u00eddeos.<\/p><p>54% DAS NECESSIDADES DI\u00c1RIAS DE VITAMINA E POR C\u00c1PSULA 200MG DE \u00d4MEGA 3(EPA E DHA) POR C\u00c1PSULA.<\/p><p>\u00a0<\/p>\t\t\t\t\t\t<\/div>\n\t\t\t\t<\/div>\n\t\t\t\t<\/div>\n\t\t\t\t\t<\/div>\n\t\t\t\t<\/div>\n\t\t<div class=\"elementor-element elementor-element-49ef101 e-flex e-con-boxed e-con e-parent\" data-id=\"49ef101\" data-element_type=\"container\" data-settings=\"{&quot;background_background&quot;:&quot;classic&quot;,&quot;content_width&quot;:&quot;boxed&quot;}\" data-core-v316-plus=\"true\">\n\t\t\t\t\t<div class=\"e-con-inner\">\n\t\t<div class=\"elementor-element elementor-element-28cc29b e-con-full e-flex e-con e-child\" data-id=\"28cc29b\" data-element_type=\"container\" data-settings=\"{&quot;content_width&quot;:&quot;full&quot;}\">\n\t\t\t\t<div class=\"elementor-element elementor-element-3a1748b elementor-widget elementor-widget-image\" data-id=\"3a1748b\" data-element_type=\"widget\" data-widget_type=\"image.default\">\n\t\t\t\t<div class=\"elementor-widget-container\">\n\t\t\t\t\t\t\t\t\t\t\t\t\t<img decoding=\"async\" width=\"690\" height=\"510\" src=\"https:\/\/meuherba.com\/wp-content\/uploads\/2024\/03\/4-7351c-herbalifeline-90-cap.png\" class=\"attachment-large size-large wp-image-786\" alt=\"\" srcset=\"https:\/\/meuherba.com\/wp-content\/uploads\/2024\/03\/4-7351c-herbalifeline-90-cap.png 690w, https:\/\/meuherba.com\/wp-content\/uploads\/2024\/03\/4-7351c-herbalifeline-90-cap-300x222.png 300w\" sizes=\"(max-width: 690px) 100vw, 690px\" \/>\t\t\t\t\t\t\t\t\t\t\t\t\t<\/div>\n\t\t\t\t<\/div>\n\t\t\t\t<\/div>\n\t\t<div class=\"elementor-element elementor-element-db75199 e-con-full e-flex e-con e-child\" data-id=\"db75199\" data-element_type=\"container\" data-settings=\"{&quot;content_width&quot;:&quot;full&quot;}\">\n\t\t\t\t<div class=\"elementor-element elementor-element-cbf49a5 elementor-widget elementor-widget-image\" data-id=\"cbf49a5\" data-element_type=\"widget\" data-widget_type=\"image.default\">\n\t\t\t\t<div class=\"elementor-widget-container\">\n\t\t\t\t\t\t\t\t\t\t\t\t\t<img decoding=\"async\" width=\"530\" height=\"300\" src=\"https:\/\/meuherba.com\/wp-content\/uploads\/2024\/03\/4-9340b-herbalifeline-90-cap.png\" class=\"attachment-large size-large wp-image-787\" alt=\"\" srcset=\"https:\/\/meuherba.com\/wp-content\/uploads\/2024\/03\/4-9340b-herbalifeline-90-cap.png 530w, https:\/\/meuherba.com\/wp-content\/uploads\/2024\/03\/4-9340b-herbalifeline-90-cap-300x170.png 300w\" sizes=\"(max-width: 530px) 100vw, 530px\" \/>\t\t\t\t\t\t\t\t\t\t\t\t\t<\/div>\n\t\t\t\t<\/div>\n\t\t\t\t<\/div>\n\t\t\t\t\t<\/div>\n\t\t\t\t<\/div>\n\t\t<div class=\"elementor-element elementor-element-7e7ee11 e-flex e-con-boxed e-con e-parent\" data-id=\"7e7ee11\" data-element_type=\"container\" data-settings=\"{&quot;content_width&quot;:&quot;boxed&quot;}\" data-core-v316-plus=\"true\">\n\t\t\t\t\t<div class=\"e-con-inner\">\n\t\t\t\t<div class=\"elementor-element elementor-element-b1ca2e7 elementor-widget elementor-widget-heading\" data-id=\"b1ca2e7\" data-element_type=\"widget\" data-widget_type=\"heading.default\">\n\t\t\t\t<div class=\"elementor-widget-container\">\n\t\t\t<h2 class=\"elementor-heading-title elementor-size-default\">INFORMA\u00c7\u00c3O NUTRICIONAL\n<\/h2>\t\t<\/div>\n\t\t\t\t<\/div>\n\t\t\t\t<div class=\"elementor-element elementor-element-f7060c7 elementor-widget elementor-widget-image\" data-id=\"f7060c7\" data-element_type=\"widget\" data-widget_type=\"image.default\">\n\t\t\t\t<div class=\"elementor-widget-container\">\n\t\t\t\t\t\t\t\t\t\t\t\t\t<img loading=\"lazy\" decoding=\"async\" width=\"800\" height=\"302\" src=\"https:\/\/meuherba.com\/wp-content\/uploads\/2024\/03\/4mob-8170d-herbalifeline-90-.png\" class=\"attachment-large size-large wp-image-788\" alt=\"\" srcset=\"https:\/\/meuherba.com\/wp-content\/uploads\/2024\/03\/4mob-8170d-herbalifeline-90-.png 1000w, https:\/\/meuherba.com\/wp-content\/uploads\/2024\/03\/4mob-8170d-herbalifeline-90--300x113.png 300w, https:\/\/meuherba.com\/wp-content\/uploads\/2024\/03\/4mob-8170d-herbalifeline-90--768x290.png 768w\" sizes=\"(max-width: 800px) 100vw, 800px\" \/>\t\t\t\t\t\t\t\t\t\t\t\t\t<\/div>\n\t\t\t\t<\/div>\n\t\t\t\t\t<\/div>\n\t\t\t\t<\/div>\n\t\t\t\t<\/div>\n\t\t","protected":false},"excerpt":{"rendered":"<p>Herbalifeline 90 C\u00e1psulas Quero adiquirir HERBALIFELINE | \u00d3LEO DE PEIXE COM \u00d4MEGA 3 EM CAPSULAS C\u00e1psulas de \u00f3leo de peixe Herbalifeline fornecem uma fonte segura de \u00e1cidos graxos \u00d4mega-3 a serem consumidos como parte de uma dieta normal. Herbalifeline tamb\u00e9m cont\u00e9m vitamina E, que ajuda a proteger as c\u00e9lulas contra o estresse oxidativo, Cont\u00e9m aromas [&hellip;]<\/p>\n","protected":false},"author":1,"featured_media":0,"parent":0,"menu_order":0,"comment_status":"closed","ping_status":"closed","template":"elementor_header_footer","meta":{"footnotes":""},"_links":{"self":[{"href":"https:\/\/meuherba.com\/index.php\/wp-json\/wp\/v2\/pages\/777"}],"collection":[{"href":"https:\/\/meuherba.com\/index.php\/wp-json\/wp\/v2\/pages"}],"about":[{"href":"https:\/\/meuherba.com\/index.php\/wp-json\/wp\/v2\/types\/page"}],"author":[{"embeddable":true,"href":"https:\/\/meuherba.com\/index.php\/wp-json\/wp\/v2\/users\/1"}],"replies":[{"embeddable":true,"href":"https:\/\/meuherba.com\/index.php\/wp-json\/wp\/v2\/comments?post=777"}],"version-history":[{"count":19,"href":"https:\/\/meuherba.com\/index.php\/wp-json\/wp\/v2\/pages\/777\/revisions"}],"predecessor-version":[{"id":2114,"href":"https:\/\/meuherba.com\/index.php\/wp-json\/wp\/v2\/pages\/777\/revisions\/2114"}],"wp:attachment":[{"href":"https:\/\/meuherba.com\/index.php\/wp-json\/wp\/v2\/media?parent=777"}],"curies":[{"name":"wp","href":"https:\/\/api.w.org\/{rel}","templated":true}]}}