{"id":713,"date":"2024-03-13T12:55:53","date_gmt":"2024-03-13T15:55:53","guid":{"rendered":"https:\/\/meuherba.com\/?page_id=713"},"modified":"2024-03-21T17:33:41","modified_gmt":"2024-03-21T20:33:41","slug":"protein-crunch-sabor-chocolate-150g","status":"publish","type":"page","link":"https:\/\/meuherba.com\/index.php\/protein-crunch-sabor-chocolate-150g\/","title":{"rendered":"Protein Crunch Sabor Chocolate 150g"},"content":{"rendered":"\t\t<div data-elementor-type=\"wp-page\" data-elementor-id=\"713\" class=\"elementor elementor-713\" data-elementor-post-type=\"page\">\n\t\t\t\t<div class=\"elementor-element elementor-element-4cc3907 e-flex e-con-boxed e-con e-parent\" data-id=\"4cc3907\" data-element_type=\"container\" data-settings=\"{&quot;content_width&quot;:&quot;boxed&quot;}\" data-core-v316-plus=\"true\">\n\t\t\t\t\t<div class=\"e-con-inner\">\n\t\t<div class=\"elementor-element elementor-element-363d4b9 e-con-full e-flex e-con e-child\" data-id=\"363d4b9\" data-element_type=\"container\" data-settings=\"{&quot;content_width&quot;:&quot;full&quot;}\">\n\t\t\t\t<div class=\"elementor-element elementor-element-8243bff elementor-widget elementor-widget-image\" data-id=\"8243bff\" data-element_type=\"widget\" data-widget_type=\"image.default\">\n\t\t\t\t<div class=\"elementor-widget-container\">\n\t\t\t<style>\/*! elementor - v3.19.0 - 28-02-2024 *\/\n.elementor-widget-image{text-align:center}.elementor-widget-image a{display:inline-block}.elementor-widget-image a img[src$=\".svg\"]{width:48px}.elementor-widget-image img{vertical-align:middle;display:inline-block}<\/style>\t\t\t\t\t\t\t\t\t\t<img fetchpriority=\"high\" decoding=\"async\" width=\"303\" height=\"320\" src=\"https:\/\/meuherba.com\/wp-content\/uploads\/2024\/03\/j-8012-protein-c.webp\" class=\"attachment-large size-large wp-image-489\" alt=\"\" srcset=\"https:\/\/meuherba.com\/wp-content\/uploads\/2024\/03\/j-8012-protein-c.webp 303w, https:\/\/meuherba.com\/wp-content\/uploads\/2024\/03\/j-8012-protein-c-284x300.webp 284w, https:\/\/meuherba.com\/wp-content\/uploads\/2024\/03\/j-8012-protein-c-64x68.webp 64w\" sizes=\"(max-width: 303px) 100vw, 303px\" \/>\t\t\t\t\t\t\t\t\t\t\t\t\t<\/div>\n\t\t\t\t<\/div>\n\t\t\t\t<\/div>\n\t\t<div class=\"elementor-element elementor-element-ccc318f e-con-full e-flex e-con e-child\" data-id=\"ccc318f\" data-element_type=\"container\" data-settings=\"{&quot;content_width&quot;:&quot;full&quot;}\">\n\t\t\t\t<div class=\"elementor-element elementor-element-6499105 elementor-widget elementor-widget-heading\" data-id=\"6499105\" data-element_type=\"widget\" data-widget_type=\"heading.default\">\n\t\t\t\t<div class=\"elementor-widget-container\">\n\t\t\t<style>\/*! elementor - v3.19.0 - 28-02-2024 *\/\n.elementor-heading-title{padding:0;margin:0;line-height:1}.elementor-widget-heading .elementor-heading-title[class*=elementor-size-]>a{color:inherit;font-size:inherit;line-height:inherit}.elementor-widget-heading .elementor-heading-title.elementor-size-small{font-size:15px}.elementor-widget-heading .elementor-heading-title.elementor-size-medium{font-size:19px}.elementor-widget-heading .elementor-heading-title.elementor-size-large{font-size:29px}.elementor-widget-heading .elementor-heading-title.elementor-size-xl{font-size:39px}.elementor-widget-heading .elementor-heading-title.elementor-size-xxl{font-size:59px}<\/style><h2 class=\"elementor-heading-title elementor-size-default\">Protein Crunch Sabor Chocolate 150g\n\n\n<\/h2>\t\t<\/div>\n\t\t\t\t<\/div>\n\t\t\t\t<div class=\"elementor-element elementor-element-987e3c6 elementor-align-left elementor-mobile-align-center elementor-widget elementor-widget-button\" data-id=\"987e3c6\" data-element_type=\"widget\" data-widget_type=\"button.default\">\n\t\t\t\t<div class=\"elementor-widget-container\">\n\t\t\t\t\t<div class=\"elementor-button-wrapper\">\n\t\t\t<a class=\"elementor-button elementor-button-link elementor-size-sm\" href=\"https:\/\/api.whatsapp.com\/send?phone=5511971829371&#038;text=Ol%C3%A1,%20gostaria%20de%20adquirir%20Protein%20Crunch\">\n\t\t\t\t\t\t<span class=\"elementor-button-content-wrapper\">\n\t\t\t\t\t\t<span class=\"elementor-button-text\">Quero adiquirir<\/span>\n\t\t<\/span>\n\t\t\t\t\t<\/a>\n\t\t<\/div>\n\t\t\t\t<\/div>\n\t\t\t\t<\/div>\n\t\t\t\t<\/div>\n\t\t\t\t\t<\/div>\n\t\t\t\t<\/div>\n\t\t<div class=\"elementor-element elementor-element-8642f2c e-flex e-con-boxed e-con e-parent\" data-id=\"8642f2c\" data-element_type=\"container\" data-settings=\"{&quot;background_background&quot;:&quot;classic&quot;,&quot;content_width&quot;:&quot;boxed&quot;}\" data-core-v316-plus=\"true\">\n\t\t\t\t\t<div class=\"e-con-inner\">\n\t\t\t\t\t<\/div>\n\t\t\t\t<\/div>\n\t\t<div class=\"elementor-element elementor-element-0b5e2b9 e-flex e-con-boxed e-con e-parent\" data-id=\"0b5e2b9\" data-element_type=\"container\" data-settings=\"{&quot;content_width&quot;:&quot;boxed&quot;}\" data-core-v316-plus=\"true\">\n\t\t\t\t\t<div class=\"e-con-inner\">\n\t\t<div class=\"elementor-element elementor-element-2ab87ea e-con-full e-flex e-con e-child\" data-id=\"2ab87ea\" data-element_type=\"container\" data-settings=\"{&quot;content_width&quot;:&quot;full&quot;}\">\n\t\t\t\t<div class=\"elementor-element elementor-element-21f9ba0 elementor-widget elementor-widget-heading\" data-id=\"21f9ba0\" data-element_type=\"widget\" data-widget_type=\"heading.default\">\n\t\t\t\t<div class=\"elementor-widget-container\">\n\t\t\t<h2 class=\"elementor-heading-title elementor-size-default\">PROTEIN CRUNCH | DELICIOSO E CROCANTE!<\/h2>\t\t<\/div>\n\t\t\t\t<\/div>\n\t\t\t\t<div class=\"elementor-element elementor-element-e8de0bc elementor-widget elementor-widget-text-editor\" data-id=\"e8de0bc\" data-element_type=\"widget\" data-widget_type=\"text-editor.default\">\n\t\t\t\t<div class=\"elementor-widget-container\">\n\t\t\t<style>\/*! elementor - v3.19.0 - 28-02-2024 *\/\n.elementor-widget-text-editor.elementor-drop-cap-view-stacked .elementor-drop-cap{background-color:#69727d;color:#fff}.elementor-widget-text-editor.elementor-drop-cap-view-framed .elementor-drop-cap{color:#69727d;border:3px solid;background-color:transparent}.elementor-widget-text-editor:not(.elementor-drop-cap-view-default) .elementor-drop-cap{margin-top:8px}.elementor-widget-text-editor:not(.elementor-drop-cap-view-default) .elementor-drop-cap-letter{width:1em;height:1em}.elementor-widget-text-editor .elementor-drop-cap{float:left;text-align:center;line-height:1;font-size:50px}.elementor-widget-text-editor .elementor-drop-cap-letter{display:inline-block}<\/style>\t\t\t\t<p>Protein Crunch \u00e9 um gostoso e crocante alimento sabor chocolate;<\/p><p>Cont\u00e9m 7g de prote\u00edna vegetal a cada duas colheres de sopa (10g);<\/p><p>N\u00e3o cont\u00e9m a\u00e7\u00facares\u00b9 e \u00e9 baixo em gorduras totais\u00b9.<\/p><p>Perfeito para deixar todos os momentos mais deliciosos!<\/p>\t\t\t\t\t\t<\/div>\n\t\t\t\t<\/div>\n\t\t\t\t<\/div>\n\t\t<div class=\"elementor-element elementor-element-99757aa e-con-full e-flex e-con e-child\" data-id=\"99757aa\" data-element_type=\"container\" data-settings=\"{&quot;content_width&quot;:&quot;full&quot;}\">\n\t\t\t\t<div class=\"elementor-element elementor-element-1f13a6d elementor-widget elementor-widget-heading\" data-id=\"1f13a6d\" data-element_type=\"widget\" data-widget_type=\"heading.default\">\n\t\t\t\t<div class=\"elementor-widget-container\">\n\t\t\t<h2 class=\"elementor-heading-title elementor-size-default\">COMO FUNCIONA<\/h2>\t\t<\/div>\n\t\t\t\t<\/div>\n\t\t\t\t<div class=\"elementor-element elementor-element-2752b94 elementor-widget elementor-widget-text-editor\" data-id=\"2752b94\" data-element_type=\"widget\" data-widget_type=\"text-editor.default\">\n\t\t\t\t<div class=\"elementor-widget-container\">\n\t\t\t\t\t\t\t<p>Adicione o Protein Crunch onde quiser! No Shake Herbalife Nutrition, no iogurte, com NutreV, na salada de frutas&#8230; s\u00e3o muitas possibilidades para experimentar!<\/p><p>2 COLHERES DESOPA (10g) = 7g DE PROTE\u00cdNA DE ALTO VALOR BIOL\u00d3GICO CROCANTE E COM DELICIOSO SABOR DE CHOCOLATE BAIXO EM GORDURAS TOTAIS\u00b9. N\u00c3O CONT\u00c9M A\u00c7\u00daCARES\u00b9. Este n\u00e3o \u00e9 um alimento baixo ou reduzido em valor energ\u00e9tico.<\/p>\t\t\t\t\t\t<\/div>\n\t\t\t\t<\/div>\n\t\t\t\t<\/div>\n\t\t\t\t\t<\/div>\n\t\t\t\t<\/div>\n\t\t<div class=\"elementor-element elementor-element-e6d567b e-flex e-con-boxed e-con e-parent\" data-id=\"e6d567b\" data-element_type=\"container\" data-settings=\"{&quot;background_background&quot;:&quot;classic&quot;,&quot;content_width&quot;:&quot;boxed&quot;}\" data-core-v316-plus=\"true\">\n\t\t\t\t\t<div class=\"e-con-inner\">\n\t\t<div class=\"elementor-element elementor-element-4c2c976 e-con-full e-flex e-con e-child\" data-id=\"4c2c976\" data-element_type=\"container\" data-settings=\"{&quot;content_width&quot;:&quot;full&quot;}\">\n\t\t\t\t<div class=\"elementor-element elementor-element-4eaf97c elementor-widget elementor-widget-image\" data-id=\"4eaf97c\" data-element_type=\"widget\" data-widget_type=\"image.default\">\n\t\t\t\t<div class=\"elementor-widget-container\">\n\t\t\t\t\t\t\t\t\t\t\t\t\t<img decoding=\"async\" width=\"690\" height=\"510\" src=\"https:\/\/meuherba.com\/wp-content\/uploads\/2024\/03\/19-7543c-protein-crunch-sabo.png\" class=\"attachment-large size-large wp-image-726\" alt=\"\" srcset=\"https:\/\/meuherba.com\/wp-content\/uploads\/2024\/03\/19-7543c-protein-crunch-sabo.png 690w, https:\/\/meuherba.com\/wp-content\/uploads\/2024\/03\/19-7543c-protein-crunch-sabo-300x222.png 300w\" sizes=\"(max-width: 690px) 100vw, 690px\" \/>\t\t\t\t\t\t\t\t\t\t\t\t\t<\/div>\n\t\t\t\t<\/div>\n\t\t\t\t<\/div>\n\t\t<div class=\"elementor-element elementor-element-b558416 e-con-full e-flex e-con e-child\" data-id=\"b558416\" data-element_type=\"container\" data-settings=\"{&quot;content_width&quot;:&quot;full&quot;}\">\n\t\t\t\t<div class=\"elementor-element elementor-element-11838dd elementor-widget elementor-widget-image\" data-id=\"11838dd\" data-element_type=\"widget\" data-widget_type=\"image.default\">\n\t\t\t\t<div class=\"elementor-widget-container\">\n\t\t\t\t\t\t\t\t\t\t\t\t\t<img decoding=\"async\" width=\"530\" height=\"300\" src=\"https:\/\/meuherba.com\/wp-content\/uploads\/2024\/03\/19-6165b-protein-crunch-sabo.png\" class=\"attachment-large size-large wp-image-727\" alt=\"\" srcset=\"https:\/\/meuherba.com\/wp-content\/uploads\/2024\/03\/19-6165b-protein-crunch-sabo.png 530w, https:\/\/meuherba.com\/wp-content\/uploads\/2024\/03\/19-6165b-protein-crunch-sabo-300x170.png 300w\" sizes=\"(max-width: 530px) 100vw, 530px\" \/>\t\t\t\t\t\t\t\t\t\t\t\t\t<\/div>\n\t\t\t\t<\/div>\n\t\t\t\t<\/div>\n\t\t\t\t\t<\/div>\n\t\t\t\t<\/div>\n\t\t<div class=\"elementor-element elementor-element-f9d27d4 e-flex e-con-boxed e-con e-parent\" data-id=\"f9d27d4\" data-element_type=\"container\" data-settings=\"{&quot;content_width&quot;:&quot;boxed&quot;}\" data-core-v316-plus=\"true\">\n\t\t\t\t\t<div class=\"e-con-inner\">\n\t\t\t\t<div class=\"elementor-element elementor-element-9a6c97e elementor-widget elementor-widget-heading\" data-id=\"9a6c97e\" data-element_type=\"widget\" data-widget_type=\"heading.default\">\n\t\t\t\t<div class=\"elementor-widget-container\">\n\t\t\t<h2 class=\"elementor-heading-title elementor-size-default\">INFORMA\u00c7\u00c3O NUTRICIONAL\n<\/h2>\t\t<\/div>\n\t\t\t\t<\/div>\n\t\t\t\t<div class=\"elementor-element elementor-element-7d8bdfb elementor-widget elementor-widget-image\" data-id=\"7d8bdfb\" data-element_type=\"widget\" data-widget_type=\"image.default\">\n\t\t\t\t<div class=\"elementor-widget-container\">\n\t\t\t\t\t\t\t\t\t\t\t\t\t<img loading=\"lazy\" decoding=\"async\" width=\"800\" height=\"903\" src=\"https:\/\/meuherba.com\/wp-content\/uploads\/2024\/03\/19mob-6663d-protein-crunch-s-907x1024.png\" class=\"attachment-large size-large wp-image-728\" alt=\"\" srcset=\"https:\/\/meuherba.com\/wp-content\/uploads\/2024\/03\/19mob-6663d-protein-crunch-s-907x1024.png 907w, https:\/\/meuherba.com\/wp-content\/uploads\/2024\/03\/19mob-6663d-protein-crunch-s-266x300.png 266w, https:\/\/meuherba.com\/wp-content\/uploads\/2024\/03\/19mob-6663d-protein-crunch-s-768x867.png 768w, https:\/\/meuherba.com\/wp-content\/uploads\/2024\/03\/19mob-6663d-protein-crunch-s.png 1200w\" sizes=\"(max-width: 800px) 100vw, 800px\" \/>\t\t\t\t\t\t\t\t\t\t\t\t\t<\/div>\n\t\t\t\t<\/div>\n\t\t\t\t\t<\/div>\n\t\t\t\t<\/div>\n\t\t\t\t<\/div>\n\t\t","protected":false},"excerpt":{"rendered":"<p>Protein Crunch Sabor Chocolate 150g Quero adiquirir PROTEIN CRUNCH | DELICIOSO E CROCANTE! Protein Crunch \u00e9 um gostoso e crocante alimento sabor chocolate; Cont\u00e9m 7g de prote\u00edna vegetal a cada duas colheres de sopa (10g); N\u00e3o cont\u00e9m a\u00e7\u00facares\u00b9 e \u00e9 baixo em gorduras totais\u00b9. Perfeito para deixar todos os momentos mais deliciosos! COMO FUNCIONA Adicione [&hellip;]<\/p>\n","protected":false},"author":1,"featured_media":0,"parent":0,"menu_order":0,"comment_status":"closed","ping_status":"closed","template":"elementor_header_footer","meta":{"footnotes":""},"_links":{"self":[{"href":"https:\/\/meuherba.com\/index.php\/wp-json\/wp\/v2\/pages\/713"}],"collection":[{"href":"https:\/\/meuherba.com\/index.php\/wp-json\/wp\/v2\/pages"}],"about":[{"href":"https:\/\/meuherba.com\/index.php\/wp-json\/wp\/v2\/types\/page"}],"author":[{"embeddable":true,"href":"https:\/\/meuherba.com\/index.php\/wp-json\/wp\/v2\/users\/1"}],"replies":[{"embeddable":true,"href":"https:\/\/meuherba.com\/index.php\/wp-json\/wp\/v2\/comments?post=713"}],"version-history":[{"count":34,"href":"https:\/\/meuherba.com\/index.php\/wp-json\/wp\/v2\/pages\/713\/revisions"}],"predecessor-version":[{"id":2108,"href":"https:\/\/meuherba.com\/index.php\/wp-json\/wp\/v2\/pages\/713\/revisions\/2108"}],"wp:attachment":[{"href":"https:\/\/meuherba.com\/index.php\/wp-json\/wp\/v2\/media?parent=713"}],"curies":[{"name":"wp","href":"https:\/\/api.w.org\/{rel}","templated":true}]}}