{"id":694,"date":"2024-03-13T12:42:04","date_gmt":"2024-03-13T15:42:04","guid":{"rendered":"https:\/\/meuherba.com\/?page_id=694"},"modified":"2024-03-21T17:32:54","modified_gmt":"2024-03-21T20:32:54","slug":"onactive-drink","status":"publish","type":"page","link":"https:\/\/meuherba.com\/index.php\/onactive-drink\/","title":{"rendered":"OnActive Drink"},"content":{"rendered":"\t\t<div data-elementor-type=\"wp-page\" data-elementor-id=\"694\" class=\"elementor elementor-694\" data-elementor-post-type=\"page\">\n\t\t\t\t<div class=\"elementor-element elementor-element-23b10f3 e-flex e-con-boxed e-con e-parent\" data-id=\"23b10f3\" data-element_type=\"container\" data-settings=\"{&quot;content_width&quot;:&quot;boxed&quot;}\" data-core-v316-plus=\"true\">\n\t\t\t\t\t<div class=\"e-con-inner\">\n\t\t<div class=\"elementor-element elementor-element-a869063 e-con-full e-flex e-con e-child\" data-id=\"a869063\" data-element_type=\"container\" data-settings=\"{&quot;content_width&quot;:&quot;full&quot;}\">\n\t\t\t\t<div class=\"elementor-element elementor-element-ba44066 elementor-widget elementor-widget-image\" data-id=\"ba44066\" data-element_type=\"widget\" data-widget_type=\"image.default\">\n\t\t\t\t<div class=\"elementor-widget-container\">\n\t\t\t<style>\/*! elementor - v3.19.0 - 28-02-2024 *\/\n.elementor-widget-image{text-align:center}.elementor-widget-image a{display:inline-block}.elementor-widget-image a img[src$=\".svg\"]{width:48px}.elementor-widget-image img{vertical-align:middle;display:inline-block}<\/style>\t\t\t\t\t\t\t\t\t\t<img fetchpriority=\"high\" decoding=\"async\" width=\"303\" height=\"320\" src=\"https:\/\/meuherba.com\/wp-content\/uploads\/2024\/03\/2i-5931-onactive.webp\" class=\"attachment-large size-large wp-image-488\" alt=\"\" srcset=\"https:\/\/meuherba.com\/wp-content\/uploads\/2024\/03\/2i-5931-onactive.webp 303w, https:\/\/meuherba.com\/wp-content\/uploads\/2024\/03\/2i-5931-onactive-284x300.webp 284w, https:\/\/meuherba.com\/wp-content\/uploads\/2024\/03\/2i-5931-onactive-64x68.webp 64w\" sizes=\"(max-width: 303px) 100vw, 303px\" \/>\t\t\t\t\t\t\t\t\t\t\t\t\t<\/div>\n\t\t\t\t<\/div>\n\t\t\t\t<\/div>\n\t\t<div class=\"elementor-element elementor-element-522bc68 e-con-full e-flex e-con e-child\" data-id=\"522bc68\" data-element_type=\"container\" data-settings=\"{&quot;content_width&quot;:&quot;full&quot;}\">\n\t\t\t\t<div class=\"elementor-element elementor-element-4be4794 elementor-widget elementor-widget-heading\" data-id=\"4be4794\" data-element_type=\"widget\" data-widget_type=\"heading.default\">\n\t\t\t\t<div class=\"elementor-widget-container\">\n\t\t\t<style>\/*! elementor - v3.19.0 - 28-02-2024 *\/\n.elementor-heading-title{padding:0;margin:0;line-height:1}.elementor-widget-heading .elementor-heading-title[class*=elementor-size-]>a{color:inherit;font-size:inherit;line-height:inherit}.elementor-widget-heading .elementor-heading-title.elementor-size-small{font-size:15px}.elementor-widget-heading .elementor-heading-title.elementor-size-medium{font-size:19px}.elementor-widget-heading .elementor-heading-title.elementor-size-large{font-size:29px}.elementor-widget-heading .elementor-heading-title.elementor-size-xl{font-size:39px}.elementor-widget-heading .elementor-heading-title.elementor-size-xxl{font-size:59px}<\/style><h2 class=\"elementor-heading-title elementor-size-default\">OnActive Drink\n<\/h2>\t\t<\/div>\n\t\t\t\t<\/div>\n\t\t\t\t<div class=\"elementor-element elementor-element-63a3f2f elementor-align-left elementor-mobile-align-center elementor-widget elementor-widget-button\" data-id=\"63a3f2f\" data-element_type=\"widget\" data-widget_type=\"button.default\">\n\t\t\t\t<div class=\"elementor-widget-container\">\n\t\t\t\t\t<div class=\"elementor-button-wrapper\">\n\t\t\t<a class=\"elementor-button elementor-button-link elementor-size-sm\" href=\"https:\/\/api.whatsapp.com\/send?phone=5511971829371&#038;text=Ol%C3%A1,%20gostaria%20de%20adquirir%20OnActive\">\n\t\t\t\t\t\t<span class=\"elementor-button-content-wrapper\">\n\t\t\t\t\t\t<span class=\"elementor-button-text\">Quero adiquirir<\/span>\n\t\t<\/span>\n\t\t\t\t\t<\/a>\n\t\t<\/div>\n\t\t\t\t<\/div>\n\t\t\t\t<\/div>\n\t\t\t\t<\/div>\n\t\t\t\t\t<\/div>\n\t\t\t\t<\/div>\n\t\t<div class=\"elementor-element elementor-element-628bf0d e-flex e-con-boxed e-con e-parent\" data-id=\"628bf0d\" data-element_type=\"container\" data-settings=\"{&quot;background_background&quot;:&quot;classic&quot;,&quot;content_width&quot;:&quot;boxed&quot;}\" data-core-v316-plus=\"true\">\n\t\t\t\t\t<div class=\"e-con-inner\">\n\t\t\t\t\t<\/div>\n\t\t\t\t<\/div>\n\t\t<div class=\"elementor-element elementor-element-d169a43 e-flex e-con-boxed e-con e-parent\" data-id=\"d169a43\" data-element_type=\"container\" data-settings=\"{&quot;content_width&quot;:&quot;boxed&quot;}\" data-core-v316-plus=\"true\">\n\t\t\t\t\t<div class=\"e-con-inner\">\n\t\t<div class=\"elementor-element elementor-element-06b2be5 e-con-full e-flex e-con e-child\" data-id=\"06b2be5\" data-element_type=\"container\" data-settings=\"{&quot;content_width&quot;:&quot;full&quot;}\">\n\t\t\t\t<div class=\"elementor-element elementor-element-338a81c elementor-widget elementor-widget-heading\" data-id=\"338a81c\" data-element_type=\"widget\" data-widget_type=\"heading.default\">\n\t\t\t\t<div class=\"elementor-widget-container\">\n\t\t\t<h2 class=\"elementor-heading-title elementor-size-default\">NUTRI\u00c7\u00c3O INTELIGENTE PARA UMA VIDA ATIVA<\/h2>\t\t<\/div>\n\t\t\t\t<\/div>\n\t\t\t\t<div class=\"elementor-element elementor-element-79691e9 elementor-widget elementor-widget-text-editor\" data-id=\"79691e9\" data-element_type=\"widget\" data-widget_type=\"text-editor.default\">\n\t\t\t\t<div class=\"elementor-widget-container\">\n\t\t\t<style>\/*! elementor - v3.19.0 - 28-02-2024 *\/\n.elementor-widget-text-editor.elementor-drop-cap-view-stacked .elementor-drop-cap{background-color:#69727d;color:#fff}.elementor-widget-text-editor.elementor-drop-cap-view-framed .elementor-drop-cap{color:#69727d;border:3px solid;background-color:transparent}.elementor-widget-text-editor:not(.elementor-drop-cap-view-default) .elementor-drop-cap{margin-top:8px}.elementor-widget-text-editor:not(.elementor-drop-cap-view-default) .elementor-drop-cap-letter{width:1em;height:1em}.elementor-widget-text-editor .elementor-drop-cap{float:left;text-align:center;line-height:1;font-size:50px}.elementor-widget-text-editor .elementor-drop-cap-letter{display:inline-block}<\/style>\t\t\t\t<p>OnActive Drink, uma nova bebida funcional e\u00a0saborosa com o\u00a0exclusivo\u00a0SMART COMPLEX, que oferece 10 benef\u00edcios em um \u00fanico produto. Uma combina\u00e7\u00e3o de dois\u00a0ativos especiais, a Lute\u00edna FloraGLO\u00ae e a\u00a0Zeaxantina natural OPTISHARP\u00ae, nutrientes que apoiam a sa\u00fade e a qualidade da sua vis\u00e3o, pois contribuem para aumentar a densidade ocular do pigmento macular, exercendo uma fun\u00e7\u00e3o de filtro da luz azul, protegendo os olhos. Auxiliam na melhora da aten\u00e7\u00e3o, mem\u00f3ria visual e apoia a flexibilidade cognitiva, que \u00e9 a capacidade de adaptar os pensamentos diante de mudan\u00e7as e novas informa\u00e7\u00f5es. Al\u00e9m de um blend \u00fanico com prote\u00ednas de alta\u00a0qualidade, 23 vitaminas e\u00a0minerais e antioxidantes, oferecendo energia, imunidade, vitalidade e disposi\u00e7\u00e3o.\u00a0Feitos especialmente para agregar nutri\u00e7\u00e3o inteligente e preservar a sa\u00fade do seu corpo.<\/p>\t\t\t\t\t\t<\/div>\n\t\t\t\t<\/div>\n\t\t\t\t<\/div>\n\t\t<div class=\"elementor-element elementor-element-a59a1dd e-con-full e-flex e-con e-child\" data-id=\"a59a1dd\" data-element_type=\"container\" data-settings=\"{&quot;content_width&quot;:&quot;full&quot;}\">\n\t\t\t\t<div class=\"elementor-element elementor-element-669a377 elementor-widget elementor-widget-heading\" data-id=\"669a377\" data-element_type=\"widget\" data-widget_type=\"heading.default\">\n\t\t\t\t<div class=\"elementor-widget-container\">\n\t\t\t<h2 class=\"elementor-heading-title elementor-size-default\">COMO FUNCIONA?\n<\/h2>\t\t<\/div>\n\t\t\t\t<\/div>\n\t\t\t\t<div class=\"elementor-element elementor-element-9852fcb elementor-widget elementor-widget-text-editor\" data-id=\"9852fcb\" data-element_type=\"widget\" data-widget_type=\"text-editor.default\">\n\t\t\t\t<div class=\"elementor-widget-container\">\n\t\t\t\t\t\t\t<p>Vers\u00e1til e pr\u00e1tico, \u00e9 uma \u00f3tima op\u00e7\u00e3o de lanche e pode ser preparado com \u00e1gua, leite, NutreV ou combinado com outros alimentos. Inclua OnActive Drink na sua rotina em lanches pela manh\u00e3, tarde ou durante a ceia. Conte com mais um produto desenvolvido pela Herbalife para te ajudar a ter uma longevidade ativa e saud\u00e1vel! Sua atitude do hoje para um novo amanh\u00e3!<\/p><p>Cont\u00e9m blend proteico exclusivo com prote\u00edna isolada de soja e prote\u00edna do soro do leite: mix de prote\u00ednas com todos os amino\u00e1cidos essenciais para nosso corpo! Uma combina\u00e7\u00e3o de nutrientes que auxiliam no metabolismo, na manuten\u00e7\u00e3o da sa\u00fade dos olhos e na diminui\u00e7\u00e3o de radicais livres relacionados ao processo de envelhecimento. Cuidadosamente pensado para te ajudar a suprir suas necessidades de forma pr\u00e1tica e saborosa!<\/p>\t\t\t\t\t\t<\/div>\n\t\t\t\t<\/div>\n\t\t\t\t<\/div>\n\t\t\t\t\t<\/div>\n\t\t\t\t<\/div>\n\t\t<div class=\"elementor-element elementor-element-e5a099f e-flex e-con-boxed e-con e-parent\" data-id=\"e5a099f\" data-element_type=\"container\" data-settings=\"{&quot;background_background&quot;:&quot;classic&quot;,&quot;content_width&quot;:&quot;boxed&quot;}\" data-core-v316-plus=\"true\">\n\t\t\t\t\t<div class=\"e-con-inner\">\n\t\t<div class=\"elementor-element elementor-element-08de5ed e-con-full e-flex e-con e-child\" data-id=\"08de5ed\" data-element_type=\"container\" data-settings=\"{&quot;content_width&quot;:&quot;full&quot;}\">\n\t\t\t\t<div class=\"elementor-element elementor-element-071801d elementor-widget elementor-widget-image\" data-id=\"071801d\" data-element_type=\"widget\" data-widget_type=\"image.default\">\n\t\t\t\t<div class=\"elementor-widget-container\">\n\t\t\t\t\t\t\t\t\t\t\t\t\t<img decoding=\"async\" width=\"550\" height=\"580\" src=\"https:\/\/meuherba.com\/wp-content\/uploads\/2024\/03\/90-8661c-onactive-drink.png\" class=\"attachment-large size-large wp-image-704\" alt=\"\" srcset=\"https:\/\/meuherba.com\/wp-content\/uploads\/2024\/03\/90-8661c-onactive-drink.png 550w, https:\/\/meuherba.com\/wp-content\/uploads\/2024\/03\/90-8661c-onactive-drink-284x300.png 284w\" sizes=\"(max-width: 550px) 100vw, 550px\" \/>\t\t\t\t\t\t\t\t\t\t\t\t\t<\/div>\n\t\t\t\t<\/div>\n\t\t\t\t<\/div>\n\t\t<div class=\"elementor-element elementor-element-413f009 e-con-full e-flex e-con e-child\" data-id=\"413f009\" data-element_type=\"container\" data-settings=\"{&quot;content_width&quot;:&quot;full&quot;}\">\n\t\t\t\t<div class=\"elementor-element elementor-element-2b5778d elementor-widget elementor-widget-image\" data-id=\"2b5778d\" data-element_type=\"widget\" data-widget_type=\"image.default\">\n\t\t\t\t<div class=\"elementor-widget-container\">\n\t\t\t\t\t\t\t\t\t\t\t\t\t<img decoding=\"async\" width=\"530\" height=\"300\" src=\"https:\/\/meuherba.com\/wp-content\/uploads\/2024\/03\/90-1421b-onactive-drink.png\" class=\"attachment-large size-large wp-image-705\" alt=\"\" srcset=\"https:\/\/meuherba.com\/wp-content\/uploads\/2024\/03\/90-1421b-onactive-drink.png 530w, https:\/\/meuherba.com\/wp-content\/uploads\/2024\/03\/90-1421b-onactive-drink-300x170.png 300w\" sizes=\"(max-width: 530px) 100vw, 530px\" \/>\t\t\t\t\t\t\t\t\t\t\t\t\t<\/div>\n\t\t\t\t<\/div>\n\t\t\t\t<\/div>\n\t\t\t\t\t<\/div>\n\t\t\t\t<\/div>\n\t\t<div class=\"elementor-element elementor-element-2cf7c5e e-flex e-con-boxed e-con e-parent\" data-id=\"2cf7c5e\" data-element_type=\"container\" data-settings=\"{&quot;content_width&quot;:&quot;boxed&quot;}\" data-core-v316-plus=\"true\">\n\t\t\t\t\t<div class=\"e-con-inner\">\n\t\t\t\t<div class=\"elementor-element elementor-element-4c99f32 elementor-widget elementor-widget-heading\" data-id=\"4c99f32\" data-element_type=\"widget\" data-widget_type=\"heading.default\">\n\t\t\t\t<div class=\"elementor-widget-container\">\n\t\t\t<h2 class=\"elementor-heading-title elementor-size-default\">INFORMA\u00c7\u00c3O NUTRICIONAL\n<\/h2>\t\t<\/div>\n\t\t\t\t<\/div>\n\t\t\t\t<div class=\"elementor-element elementor-element-95b77ac elementor-widget elementor-widget-image\" data-id=\"95b77ac\" data-element_type=\"widget\" data-widget_type=\"image.default\">\n\t\t\t\t<div class=\"elementor-widget-container\">\n\t\t\t\t\t\t\t\t\t\t\t\t\t<img loading=\"lazy\" decoding=\"async\" width=\"800\" height=\"666\" src=\"https:\/\/meuherba.com\/wp-content\/uploads\/2024\/03\/90-2468d-onactive-drink-1024x853.png\" class=\"attachment-large size-large wp-image-706\" alt=\"\" srcset=\"https:\/\/meuherba.com\/wp-content\/uploads\/2024\/03\/90-2468d-onactive-drink-1024x853.png 1024w, https:\/\/meuherba.com\/wp-content\/uploads\/2024\/03\/90-2468d-onactive-drink-300x250.png 300w, https:\/\/meuherba.com\/wp-content\/uploads\/2024\/03\/90-2468d-onactive-drink-768x640.png 768w, https:\/\/meuherba.com\/wp-content\/uploads\/2024\/03\/90-2468d-onactive-drink-1536x1280.png 1536w, https:\/\/meuherba.com\/wp-content\/uploads\/2024\/03\/90-2468d-onactive-drink-1320x1100.png 1320w, https:\/\/meuherba.com\/wp-content\/uploads\/2024\/03\/90-2468d-onactive-drink.png 1920w\" sizes=\"(max-width: 800px) 100vw, 800px\" \/>\t\t\t\t\t\t\t\t\t\t\t\t\t<\/div>\n\t\t\t\t<\/div>\n\t\t\t\t\t<\/div>\n\t\t\t\t<\/div>\n\t\t\t\t<\/div>\n\t\t","protected":false},"excerpt":{"rendered":"<p>OnActive Drink Quero adiquirir NUTRI\u00c7\u00c3O INTELIGENTE PARA UMA VIDA ATIVA OnActive Drink, uma nova bebida funcional e\u00a0saborosa com o\u00a0exclusivo\u00a0SMART COMPLEX, que oferece 10 benef\u00edcios em um \u00fanico produto. Uma combina\u00e7\u00e3o de dois\u00a0ativos especiais, a Lute\u00edna FloraGLO\u00ae e a\u00a0Zeaxantina natural OPTISHARP\u00ae, nutrientes que apoiam a sa\u00fade e a qualidade da sua vis\u00e3o, pois contribuem para aumentar [&hellip;]<\/p>\n","protected":false},"author":1,"featured_media":0,"parent":0,"menu_order":0,"comment_status":"closed","ping_status":"closed","template":"elementor_header_footer","meta":{"footnotes":""},"_links":{"self":[{"href":"https:\/\/meuherba.com\/index.php\/wp-json\/wp\/v2\/pages\/694"}],"collection":[{"href":"https:\/\/meuherba.com\/index.php\/wp-json\/wp\/v2\/pages"}],"about":[{"href":"https:\/\/meuherba.com\/index.php\/wp-json\/wp\/v2\/types\/page"}],"author":[{"embeddable":true,"href":"https:\/\/meuherba.com\/index.php\/wp-json\/wp\/v2\/users\/1"}],"replies":[{"embeddable":true,"href":"https:\/\/meuherba.com\/index.php\/wp-json\/wp\/v2\/comments?post=694"}],"version-history":[{"count":25,"href":"https:\/\/meuherba.com\/index.php\/wp-json\/wp\/v2\/pages\/694\/revisions"}],"predecessor-version":[{"id":2105,"href":"https:\/\/meuherba.com\/index.php\/wp-json\/wp\/v2\/pages\/694\/revisions\/2105"}],"wp:attachment":[{"href":"https:\/\/meuherba.com\/index.php\/wp-json\/wp\/v2\/media?parent=694"}],"curies":[{"name":"wp","href":"https:\/\/api.w.org\/{rel}","templated":true}]}}