{"id":367,"date":"2024-03-08T10:30:17","date_gmt":"2024-03-08T13:30:17","guid":{"rendered":"https:\/\/meuherba.com\/?page_id=367"},"modified":"2024-03-21T17:23:16","modified_gmt":"2024-03-21T20:23:16","slug":"nrg","status":"publish","type":"page","link":"https:\/\/meuherba.com\/index.php\/nrg\/","title":{"rendered":"NRG"},"content":{"rendered":"\t\t<div data-elementor-type=\"wp-page\" data-elementor-id=\"367\" class=\"elementor elementor-367\" data-elementor-post-type=\"page\">\n\t\t\t\t<div class=\"elementor-element elementor-element-20efc45 e-flex e-con-boxed e-con e-parent\" data-id=\"20efc45\" data-element_type=\"container\" data-settings=\"{&quot;content_width&quot;:&quot;boxed&quot;}\" data-core-v316-plus=\"true\">\n\t\t\t\t\t<div class=\"e-con-inner\">\n\t\t<div class=\"elementor-element elementor-element-ac22efe e-con-full e-flex e-con e-child\" data-id=\"ac22efe\" data-element_type=\"container\" data-settings=\"{&quot;content_width&quot;:&quot;full&quot;}\">\n\t\t\t\t<div class=\"elementor-element elementor-element-8c3e92f elementor-widget elementor-widget-image\" data-id=\"8c3e92f\" data-element_type=\"widget\" data-widget_type=\"image.default\">\n\t\t\t\t<div class=\"elementor-widget-container\">\n\t\t\t<style>\/*! elementor - v3.19.0 - 28-02-2024 *\/\n.elementor-widget-image{text-align:center}.elementor-widget-image a{display:inline-block}.elementor-widget-image a img[src$=\".svg\"]{width:48px}.elementor-widget-image img{vertical-align:middle;display:inline-block}<\/style>\t\t\t\t\t\t\t\t\t\t<img fetchpriority=\"high\" decoding=\"async\" width=\"303\" height=\"320\" src=\"https:\/\/meuherba.com\/wp-content\/uploads\/2024\/03\/r-4404-nrg-guara-1.webp\" class=\"attachment-large size-large wp-image-382\" alt=\"\" srcset=\"https:\/\/meuherba.com\/wp-content\/uploads\/2024\/03\/r-4404-nrg-guara-1.webp 303w, https:\/\/meuherba.com\/wp-content\/uploads\/2024\/03\/r-4404-nrg-guara-1-284x300.webp 284w, https:\/\/meuherba.com\/wp-content\/uploads\/2024\/03\/r-4404-nrg-guara-1-64x68.webp 64w\" sizes=\"(max-width: 303px) 100vw, 303px\" \/>\t\t\t\t\t\t\t\t\t\t\t\t\t<\/div>\n\t\t\t\t<\/div>\n\t\t\t\t<\/div>\n\t\t<div class=\"elementor-element elementor-element-ba44d06 e-con-full e-flex e-con e-child\" data-id=\"ba44d06\" data-element_type=\"container\" data-settings=\"{&quot;content_width&quot;:&quot;full&quot;}\">\n\t\t\t\t<div class=\"elementor-element elementor-element-62405fe elementor-widget elementor-widget-heading\" data-id=\"62405fe\" data-element_type=\"widget\" data-widget_type=\"heading.default\">\n\t\t\t\t<div class=\"elementor-widget-container\">\n\t\t\t<style>\/*! elementor - v3.19.0 - 28-02-2024 *\/\n.elementor-heading-title{padding:0;margin:0;line-height:1}.elementor-widget-heading .elementor-heading-title[class*=elementor-size-]>a{color:inherit;font-size:inherit;line-height:inherit}.elementor-widget-heading .elementor-heading-title.elementor-size-small{font-size:15px}.elementor-widget-heading .elementor-heading-title.elementor-size-medium{font-size:19px}.elementor-widget-heading .elementor-heading-title.elementor-size-large{font-size:29px}.elementor-widget-heading .elementor-heading-title.elementor-size-xl{font-size:39px}.elementor-widget-heading .elementor-heading-title.elementor-size-xxl{font-size:59px}<\/style><h2 class=\"elementor-heading-title elementor-size-default\">NRG Guaran\u00e1 Tropical 100g<\/h2>\t\t<\/div>\n\t\t\t\t<\/div>\n\t\t\t\t<div class=\"elementor-element elementor-element-3199e5e elementor-widget elementor-widget-text-editor\" data-id=\"3199e5e\" data-element_type=\"widget\" data-widget_type=\"text-editor.default\">\n\t\t\t\t<div class=\"elementor-widget-container\">\n\t\t\t<style>\/*! elementor - v3.19.0 - 28-02-2024 *\/\n.elementor-widget-text-editor.elementor-drop-cap-view-stacked .elementor-drop-cap{background-color:#69727d;color:#fff}.elementor-widget-text-editor.elementor-drop-cap-view-framed .elementor-drop-cap{color:#69727d;border:3px solid;background-color:transparent}.elementor-widget-text-editor:not(.elementor-drop-cap-view-default) .elementor-drop-cap{margin-top:8px}.elementor-widget-text-editor:not(.elementor-drop-cap-view-default) .elementor-drop-cap-letter{width:1em;height:1em}.elementor-widget-text-editor .elementor-drop-cap{float:left;text-align:center;line-height:1;font-size:50px}.elementor-widget-text-editor .elementor-drop-cap-letter{display:inline-block}<\/style>\t\t\t\t<p>Obs: caso seu sabor n\u00e3o seja esse, fale agora mesmo qual sabor voc\u00ea deseja clicando no bot\u00e3o abaixo\u00a0<\/p>\t\t\t\t\t\t<\/div>\n\t\t\t\t<\/div>\n\t\t\t\t<div class=\"elementor-element elementor-element-03bb4aa elementor-align-left elementor-mobile-align-center elementor-widget elementor-widget-button\" data-id=\"03bb4aa\" data-element_type=\"widget\" data-widget_type=\"button.default\">\n\t\t\t\t<div class=\"elementor-widget-container\">\n\t\t\t\t\t<div class=\"elementor-button-wrapper\">\n\t\t\t<a class=\"elementor-button elementor-button-link elementor-size-sm\" href=\"https:\/\/api.whatsapp.com\/send?phone=5511971829371&#038;text=Ol%C3%A1,%20gostaria%20de%20adquirir%20um%20NRG\">\n\t\t\t\t\t\t<span class=\"elementor-button-content-wrapper\">\n\t\t\t\t\t\t<span class=\"elementor-button-text\">saiba mais<\/span>\n\t\t<\/span>\n\t\t\t\t\t<\/a>\n\t\t<\/div>\n\t\t\t\t<\/div>\n\t\t\t\t<\/div>\n\t\t\t\t<\/div>\n\t\t\t\t\t<\/div>\n\t\t\t\t<\/div>\n\t\t<div class=\"elementor-element elementor-element-1f93c68 e-flex e-con-boxed e-con e-parent\" data-id=\"1f93c68\" data-element_type=\"container\" data-settings=\"{&quot;background_background&quot;:&quot;classic&quot;,&quot;content_width&quot;:&quot;boxed&quot;}\" data-core-v316-plus=\"true\">\n\t\t\t\t\t<div class=\"e-con-inner\">\n\t\t\t\t\t<\/div>\n\t\t\t\t<\/div>\n\t\t<div class=\"elementor-element elementor-element-94738f2 e-flex e-con-boxed e-con e-parent\" data-id=\"94738f2\" data-element_type=\"container\" data-settings=\"{&quot;content_width&quot;:&quot;boxed&quot;}\" data-core-v316-plus=\"true\">\n\t\t\t\t\t<div class=\"e-con-inner\">\n\t\t<div class=\"elementor-element elementor-element-cc9a0c8 e-con-full e-flex e-con e-child\" data-id=\"cc9a0c8\" data-element_type=\"container\" data-settings=\"{&quot;content_width&quot;:&quot;full&quot;}\">\n\t\t\t\t<div class=\"elementor-element elementor-element-b11599d elementor-widget elementor-widget-heading\" data-id=\"b11599d\" data-element_type=\"widget\" data-widget_type=\"heading.default\">\n\t\t\t\t<div class=\"elementor-widget-container\">\n\t\t\t<h2 class=\"elementor-heading-title elementor-size-default\">N-R-G | ENERGIA REFRESCANTE PARA O DIA A DIA\n<\/h2>\t\t<\/div>\n\t\t\t\t<\/div>\n\t\t\t\t<div class=\"elementor-element elementor-element-960b67d elementor-widget elementor-widget-text-editor\" data-id=\"960b67d\" data-element_type=\"widget\" data-widget_type=\"text-editor.default\">\n\t\t\t\t<div class=\"elementor-widget-container\">\n\t\t\t\t\t\t\t<p>Perfeito para quem busca disposi\u00e7\u00e3o para manter o estilo de vida ativo;<\/p><p>Ajuda no estado de concentra\u00e7\u00e3o e alerta;<\/p><p>Vers\u00e3o pr\u00e1tica de consumo do guaran\u00e1;<\/p><p>Cont\u00e9m 32 mg de cafe\u00edna por por\u00e7\u00e3o;<\/p><p>Aumenta a sensa\u00e7\u00e3o de energia;<\/p><p>Auxilia a Hidrata\u00e7\u00e3o;<\/p><p>Para ser saboreado quente ou frio;<\/p><p>Deliciosa alternativa a refrigerantes ou sucos a\u00e7ucarados.<\/p>\t\t\t\t\t\t<\/div>\n\t\t\t\t<\/div>\n\t\t\t\t<\/div>\n\t\t<div class=\"elementor-element elementor-element-62fa508 e-con-full e-flex e-con e-child\" data-id=\"62fa508\" data-element_type=\"container\" data-settings=\"{&quot;content_width&quot;:&quot;full&quot;}\">\n\t\t\t\t<div class=\"elementor-element elementor-element-5dfe795 elementor-widget elementor-widget-heading\" data-id=\"5dfe795\" data-element_type=\"widget\" data-widget_type=\"heading.default\">\n\t\t\t\t<div class=\"elementor-widget-container\">\n\t\t\t<h2 class=\"elementor-heading-title elementor-size-default\">COMO FUNCIONA?\n<\/h2>\t\t<\/div>\n\t\t\t\t<\/div>\n\t\t\t\t<div class=\"elementor-element elementor-element-bf8c630 elementor-widget elementor-widget-text-editor\" data-id=\"bf8c630\" data-element_type=\"widget\" data-widget_type=\"text-editor.default\">\n\t\t\t\t<div class=\"elementor-widget-container\">\n\t\t\t\t\t\t\t<p>O N-R-G* \u00e9 destinado a pessoas que buscam disposi\u00e7\u00e3o e hidrata\u00e7\u00e3o, como as que t\u00eam um estilo de vida ativo e praticam exerc\u00edcio f\u00edsico.<\/p><p>\u00a0<\/p><p>N-R-G P\u00d3: *P\u00f3 para o Preparo de Composto L\u00edquido \u00e0 base de ch\u00e1 preto e guaran\u00e1. Crian\u00e7as, gestantes, nutrizes, idosos e portadores de enfermidades devem consultar o m\u00e9dico ou nutricionista antes de consumir este produto. N\u00e3o \u00e9 recomendado o consumo com bebida alco\u00f3lica. N\u00c3O CONT\u00c9M GL\u00daTEN<\/p>\t\t\t\t\t\t<\/div>\n\t\t\t\t<\/div>\n\t\t\t\t<\/div>\n\t\t\t\t\t<\/div>\n\t\t\t\t<\/div>\n\t\t<div class=\"elementor-element elementor-element-7931d33 e-flex e-con-boxed e-con e-parent\" data-id=\"7931d33\" data-element_type=\"container\" data-settings=\"{&quot;background_background&quot;:&quot;classic&quot;,&quot;content_width&quot;:&quot;boxed&quot;}\" data-core-v316-plus=\"true\">\n\t\t\t\t\t<div class=\"e-con-inner\">\n\t\t<div class=\"elementor-element elementor-element-ee9b339 e-con-full e-flex e-con e-child\" data-id=\"ee9b339\" data-element_type=\"container\" data-settings=\"{&quot;content_width&quot;:&quot;full&quot;}\">\n\t\t\t\t<div class=\"elementor-element elementor-element-75d22dc elementor-widget elementor-widget-image\" data-id=\"75d22dc\" data-element_type=\"widget\" data-widget_type=\"image.default\">\n\t\t\t\t<div class=\"elementor-widget-container\">\n\t\t\t\t\t\t\t\t\t\t\t\t\t<img decoding=\"async\" width=\"690\" height=\"510\" src=\"https:\/\/meuherba.com\/wp-content\/uploads\/2024\/03\/32-1073c-herbal-concentrate-.png\" class=\"attachment-large size-large wp-image-336\" alt=\"\" srcset=\"https:\/\/meuherba.com\/wp-content\/uploads\/2024\/03\/32-1073c-herbal-concentrate-.png 690w, https:\/\/meuherba.com\/wp-content\/uploads\/2024\/03\/32-1073c-herbal-concentrate--300x222.png 300w, https:\/\/meuherba.com\/wp-content\/uploads\/2024\/03\/32-1073c-herbal-concentrate--600x443.png 600w, https:\/\/meuherba.com\/wp-content\/uploads\/2024\/03\/32-1073c-herbal-concentrate--64x47.png 64w\" sizes=\"(max-width: 690px) 100vw, 690px\" \/>\t\t\t\t\t\t\t\t\t\t\t\t\t<\/div>\n\t\t\t\t<\/div>\n\t\t\t\t<\/div>\n\t\t<div class=\"elementor-element elementor-element-152d8f1 e-con-full e-flex e-con e-child\" data-id=\"152d8f1\" data-element_type=\"container\" data-settings=\"{&quot;content_width&quot;:&quot;full&quot;}\">\n\t\t\t\t<div class=\"elementor-element elementor-element-ae42119 elementor-widget elementor-widget-heading\" data-id=\"ae42119\" data-element_type=\"widget\" data-widget_type=\"heading.default\">\n\t\t\t\t<div class=\"elementor-widget-container\">\n\t\t\t<h2 class=\"elementor-heading-title elementor-size-default\">COMO PREPARAR<\/h2>\t\t<\/div>\n\t\t\t\t<\/div>\n\t\t\t\t<div class=\"elementor-element elementor-element-76a5599 elementor-widget elementor-widget-image\" data-id=\"76a5599\" data-element_type=\"widget\" data-widget_type=\"image.default\">\n\t\t\t\t<div class=\"elementor-widget-container\">\n\t\t\t\t\t\t\t\t\t\t\t\t\t<img decoding=\"async\" width=\"530\" height=\"300\" src=\"https:\/\/meuherba.com\/wp-content\/uploads\/2024\/03\/32-4485b-herbal-concentrate-.png\" class=\"attachment-large size-large wp-image-337\" alt=\"\" srcset=\"https:\/\/meuherba.com\/wp-content\/uploads\/2024\/03\/32-4485b-herbal-concentrate-.png 530w, https:\/\/meuherba.com\/wp-content\/uploads\/2024\/03\/32-4485b-herbal-concentrate--300x170.png 300w, https:\/\/meuherba.com\/wp-content\/uploads\/2024\/03\/32-4485b-herbal-concentrate--64x36.png 64w\" sizes=\"(max-width: 530px) 100vw, 530px\" \/>\t\t\t\t\t\t\t\t\t\t\t\t\t<\/div>\n\t\t\t\t<\/div>\n\t\t\t\t<\/div>\n\t\t\t\t\t<\/div>\n\t\t\t\t<\/div>\n\t\t<div class=\"elementor-element elementor-element-3f11141 e-flex e-con-boxed e-con e-parent\" data-id=\"3f11141\" data-element_type=\"container\" data-settings=\"{&quot;content_width&quot;:&quot;boxed&quot;}\" data-core-v316-plus=\"true\">\n\t\t\t\t\t<div class=\"e-con-inner\">\n\t\t\t\t<div class=\"elementor-element elementor-element-21ac179 elementor-widget elementor-widget-heading\" data-id=\"21ac179\" data-element_type=\"widget\" data-widget_type=\"heading.default\">\n\t\t\t\t<div class=\"elementor-widget-container\">\n\t\t\t<h2 class=\"elementor-heading-title elementor-size-default\">INFORMA\u00c7\u00c3O NUTRICIONAL\n<\/h2>\t\t<\/div>\n\t\t\t\t<\/div>\n\t\t\t\t<div class=\"elementor-element elementor-element-b4e4235 elementor-widget-mobile__width-initial elementor-widget elementor-widget-image\" data-id=\"b4e4235\" data-element_type=\"widget\" data-widget_type=\"image.default\">\n\t\t\t\t<div class=\"elementor-widget-container\">\n\t\t\t\t\t\t\t\t\t\t\t\t\t<img loading=\"lazy\" decoding=\"async\" width=\"800\" height=\"170\" src=\"https:\/\/meuherba.com\/wp-content\/uploads\/2024\/03\/27-7098d-nrg-guarana-tropica-1024x217.png\" class=\"attachment-large size-large wp-image-1268\" alt=\"\" srcset=\"https:\/\/meuherba.com\/wp-content\/uploads\/2024\/03\/27-7098d-nrg-guarana-tropica-1024x217.png 1024w, https:\/\/meuherba.com\/wp-content\/uploads\/2024\/03\/27-7098d-nrg-guarana-tropica-300x64.png 300w, https:\/\/meuherba.com\/wp-content\/uploads\/2024\/03\/27-7098d-nrg-guarana-tropica-768x163.png 768w, https:\/\/meuherba.com\/wp-content\/uploads\/2024\/03\/27-7098d-nrg-guarana-tropica-1536x326.png 1536w, https:\/\/meuherba.com\/wp-content\/uploads\/2024\/03\/27-7098d-nrg-guarana-tropica-1320x280.png 1320w, https:\/\/meuherba.com\/wp-content\/uploads\/2024\/03\/27-7098d-nrg-guarana-tropica.png 1920w\" sizes=\"(max-width: 800px) 100vw, 800px\" \/>\t\t\t\t\t\t\t\t\t\t\t\t\t<\/div>\n\t\t\t\t<\/div>\n\t\t\t\t\t<\/div>\n\t\t\t\t<\/div>\n\t\t\t\t<\/div>\n\t\t","protected":false},"excerpt":{"rendered":"<p>NRG Guaran\u00e1 Tropical 100g Obs: caso seu sabor n\u00e3o seja esse, fale agora mesmo qual sabor voc\u00ea deseja clicando no bot\u00e3o abaixo\u00a0 saiba mais N-R-G | ENERGIA REFRESCANTE PARA O DIA A DIA Perfeito para quem busca disposi\u00e7\u00e3o para manter o estilo de vida ativo; Ajuda no estado de concentra\u00e7\u00e3o e alerta; Vers\u00e3o pr\u00e1tica de [&hellip;]<\/p>\n","protected":false},"author":1,"featured_media":0,"parent":0,"menu_order":0,"comment_status":"closed","ping_status":"closed","template":"elementor_header_footer","meta":{"footnotes":""},"_links":{"self":[{"href":"https:\/\/meuherba.com\/index.php\/wp-json\/wp\/v2\/pages\/367"}],"collection":[{"href":"https:\/\/meuherba.com\/index.php\/wp-json\/wp\/v2\/pages"}],"about":[{"href":"https:\/\/meuherba.com\/index.php\/wp-json\/wp\/v2\/types\/page"}],"author":[{"embeddable":true,"href":"https:\/\/meuherba.com\/index.php\/wp-json\/wp\/v2\/users\/1"}],"replies":[{"embeddable":true,"href":"https:\/\/meuherba.com\/index.php\/wp-json\/wp\/v2\/comments?post=367"}],"version-history":[{"count":67,"href":"https:\/\/meuherba.com\/index.php\/wp-json\/wp\/v2\/pages\/367\/revisions"}],"predecessor-version":[{"id":2081,"href":"https:\/\/meuherba.com\/index.php\/wp-json\/wp\/v2\/pages\/367\/revisions\/2081"}],"wp:attachment":[{"href":"https:\/\/meuherba.com\/index.php\/wp-json\/wp\/v2\/media?parent=367"}],"curies":[{"name":"wp","href":"https:\/\/api.w.org\/{rel}","templated":true}]}}