{"id":1224,"date":"2024-03-14T09:57:09","date_gmt":"2024-03-14T12:57:09","guid":{"rendered":"https:\/\/meuherba.com\/?page_id=1224"},"modified":"2024-03-21T18:20:41","modified_gmt":"2024-03-21T21:20:41","slug":"whey-protein-3w-chocolate-510g","status":"publish","type":"page","link":"https:\/\/meuherba.com\/index.php\/whey-protein-3w-chocolate-510g\/","title":{"rendered":"Whey Protein 3W Chocolate 510g"},"content":{"rendered":"\t\t<div data-elementor-type=\"wp-page\" data-elementor-id=\"1224\" class=\"elementor elementor-1224\" data-elementor-post-type=\"page\">\n\t\t\t\t<div class=\"elementor-element elementor-element-a512d73 e-flex e-con-boxed e-con e-parent\" data-id=\"a512d73\" data-element_type=\"container\" data-settings=\"{&quot;content_width&quot;:&quot;boxed&quot;}\" data-core-v316-plus=\"true\">\n\t\t\t\t\t<div class=\"e-con-inner\">\n\t\t<div class=\"elementor-element elementor-element-148aaaa e-con-full e-flex e-con e-child\" data-id=\"148aaaa\" data-element_type=\"container\" data-settings=\"{&quot;content_width&quot;:&quot;full&quot;}\">\n\t\t\t\t<div class=\"elementor-element elementor-element-31b7f30 elementor-widget elementor-widget-image\" data-id=\"31b7f30\" data-element_type=\"widget\" data-widget_type=\"image.default\">\n\t\t\t\t<div class=\"elementor-widget-container\">\n\t\t\t<style>\/*! elementor - v3.19.0 - 28-02-2024 *\/\n.elementor-widget-image{text-align:center}.elementor-widget-image a{display:inline-block}.elementor-widget-image a img[src$=\".svg\"]{width:48px}.elementor-widget-image img{vertical-align:middle;display:inline-block}<\/style>\t\t\t\t\t\t\t\t\t\t<img fetchpriority=\"high\" decoding=\"async\" width=\"303\" height=\"320\" src=\"https:\/\/meuherba.com\/wp-content\/uploads\/2024\/03\/1r-1309-whey-pro-1.webp\" class=\"attachment-large size-large wp-image-601\" alt=\"\" srcset=\"https:\/\/meuherba.com\/wp-content\/uploads\/2024\/03\/1r-1309-whey-pro-1.webp 303w, https:\/\/meuherba.com\/wp-content\/uploads\/2024\/03\/1r-1309-whey-pro-1-284x300.webp 284w, https:\/\/meuherba.com\/wp-content\/uploads\/2024\/03\/1r-1309-whey-pro-1-64x68.webp 64w\" sizes=\"(max-width: 303px) 100vw, 303px\" \/>\t\t\t\t\t\t\t\t\t\t\t\t\t<\/div>\n\t\t\t\t<\/div>\n\t\t\t\t<\/div>\n\t\t<div class=\"elementor-element elementor-element-8250634 e-con-full e-flex e-con e-child\" data-id=\"8250634\" data-element_type=\"container\" data-settings=\"{&quot;content_width&quot;:&quot;full&quot;}\">\n\t\t\t\t<div class=\"elementor-element elementor-element-e2da5ca elementor-widget elementor-widget-heading\" data-id=\"e2da5ca\" data-element_type=\"widget\" data-widget_type=\"heading.default\">\n\t\t\t\t<div class=\"elementor-widget-container\">\n\t\t\t<style>\/*! elementor - v3.19.0 - 28-02-2024 *\/\n.elementor-heading-title{padding:0;margin:0;line-height:1}.elementor-widget-heading .elementor-heading-title[class*=elementor-size-]>a{color:inherit;font-size:inherit;line-height:inherit}.elementor-widget-heading .elementor-heading-title.elementor-size-small{font-size:15px}.elementor-widget-heading .elementor-heading-title.elementor-size-medium{font-size:19px}.elementor-widget-heading .elementor-heading-title.elementor-size-large{font-size:29px}.elementor-widget-heading .elementor-heading-title.elementor-size-xl{font-size:39px}.elementor-widget-heading .elementor-heading-title.elementor-size-xxl{font-size:59px}<\/style><h2 class=\"elementor-heading-title elementor-size-default\">Whey Protein 3W Chocolate 510g\n<\/h2>\t\t<\/div>\n\t\t\t\t<\/div>\n\t\t\t\t<div class=\"elementor-element elementor-element-e7481d0 elementor-align-left elementor-mobile-align-center elementor-widget elementor-widget-button\" data-id=\"e7481d0\" data-element_type=\"widget\" data-widget_type=\"button.default\">\n\t\t\t\t<div class=\"elementor-widget-container\">\n\t\t\t\t\t<div class=\"elementor-button-wrapper\">\n\t\t\t<a class=\"elementor-button elementor-button-link elementor-size-sm\" href=\"https:\/\/api.whatsapp.com\/send?phone=5511971829371&#038;text=Ol%C3%A1,%20gostaria%20de%20adquirir%20Whey%20Protein%203W%20Chocolate%20510g\">\n\t\t\t\t\t\t<span class=\"elementor-button-content-wrapper\">\n\t\t\t\t\t\t<span class=\"elementor-button-text\">Quero adiquirir<\/span>\n\t\t<\/span>\n\t\t\t\t\t<\/a>\n\t\t<\/div>\n\t\t\t\t<\/div>\n\t\t\t\t<\/div>\n\t\t\t\t<\/div>\n\t\t\t\t\t<\/div>\n\t\t\t\t<\/div>\n\t\t<div class=\"elementor-element elementor-element-d1e0cd3 e-flex e-con-boxed e-con e-parent\" data-id=\"d1e0cd3\" data-element_type=\"container\" data-settings=\"{&quot;background_background&quot;:&quot;classic&quot;,&quot;content_width&quot;:&quot;boxed&quot;}\" data-core-v316-plus=\"true\">\n\t\t\t\t\t<div class=\"e-con-inner\">\n\t\t\t\t\t<\/div>\n\t\t\t\t<\/div>\n\t\t<div class=\"elementor-element elementor-element-b0d9e5b e-flex e-con-boxed e-con e-parent\" data-id=\"b0d9e5b\" data-element_type=\"container\" data-settings=\"{&quot;content_width&quot;:&quot;boxed&quot;}\" data-core-v316-plus=\"true\">\n\t\t\t\t\t<div class=\"e-con-inner\">\n\t\t<div class=\"elementor-element elementor-element-d556b1b e-con-full e-flex e-con e-child\" data-id=\"d556b1b\" data-element_type=\"container\" data-settings=\"{&quot;content_width&quot;:&quot;full&quot;}\">\n\t\t\t\t<div class=\"elementor-element elementor-element-7978823 elementor-widget elementor-widget-heading\" data-id=\"7978823\" data-element_type=\"widget\" data-widget_type=\"heading.default\">\n\t\t\t\t<div class=\"elementor-widget-container\">\n\t\t\t<h2 class=\"elementor-heading-title elementor-size-default\">WHEY PROTEIN 3W AO DELICIOSO SABOR CHOCOLATE\n<\/h2>\t\t<\/div>\n\t\t\t\t<\/div>\n\t\t\t\t<div class=\"elementor-element elementor-element-81111e5 elementor-widget elementor-widget-text-editor\" data-id=\"81111e5\" data-element_type=\"widget\" data-widget_type=\"text-editor.default\">\n\t\t\t\t<div class=\"elementor-widget-container\">\n\t\t\t<style>\/*! elementor - v3.19.0 - 28-02-2024 *\/\n.elementor-widget-text-editor.elementor-drop-cap-view-stacked .elementor-drop-cap{background-color:#69727d;color:#fff}.elementor-widget-text-editor.elementor-drop-cap-view-framed .elementor-drop-cap{color:#69727d;border:3px solid;background-color:transparent}.elementor-widget-text-editor:not(.elementor-drop-cap-view-default) .elementor-drop-cap{margin-top:8px}.elementor-widget-text-editor:not(.elementor-drop-cap-view-default) .elementor-drop-cap-letter{width:1em;height:1em}.elementor-widget-text-editor .elementor-drop-cap{float:left;text-align:center;line-height:1;font-size:50px}.elementor-widget-text-editor .elementor-drop-cap-letter{display:inline-block}<\/style>\t\t\t\t<p>25g de prote\u00ednas por por\u00e7\u00e3o;<\/p><p>Cont\u00e9m Whey: Isolado, Concentrado e Hidrolisado<\/p><p>*Essas informa\u00e7\u00f5es s\u00e3o de conhecimento cient\u00edfico sobre o(s) nutriente(s).<\/p>\t\t\t\t\t\t<\/div>\n\t\t\t\t<\/div>\n\t\t\t\t<\/div>\n\t\t<div class=\"elementor-element elementor-element-499f816 e-con-full e-flex e-con e-child\" data-id=\"499f816\" data-element_type=\"container\" data-settings=\"{&quot;content_width&quot;:&quot;full&quot;}\">\n\t\t\t\t<div class=\"elementor-element elementor-element-99c50aa elementor-widget elementor-widget-heading\" data-id=\"99c50aa\" data-element_type=\"widget\" data-widget_type=\"heading.default\">\n\t\t\t\t<div class=\"elementor-widget-container\">\n\t\t\t<h2 class=\"elementor-heading-title elementor-size-default\">COMO FUNCIONA?\n<\/h2>\t\t<\/div>\n\t\t\t\t<\/div>\n\t\t\t\t<div class=\"elementor-element elementor-element-bd55a0d elementor-widget elementor-widget-text-editor\" data-id=\"bd55a0d\" data-element_type=\"widget\" data-widget_type=\"text-editor.default\">\n\t\t\t\t<div class=\"elementor-widget-container\">\n\t\t\t\t\t\t\t<p>Disponibiliza\u00e7\u00e3o gradual de prote\u00ednas;<\/p><p>Auxilia na forma\u00e7\u00e3o dos m\u00fasculos e ossos;<\/p><p>Contribui para a recupera\u00e7\u00e3o muscular p\u00f3s-exerc\u00edcio*.<br \/><br \/>\u00a0N\u00c3O CONT\u00c9M GL\u00daTEN. AL\u00c9RGICOS: CONT\u00c9M DERIVADOS DE LEITE E SOJA. CONT\u00c9M LACTOSE.<\/p>\t\t\t\t\t\t<\/div>\n\t\t\t\t<\/div>\n\t\t\t\t<\/div>\n\t\t\t\t\t<\/div>\n\t\t\t\t<\/div>\n\t\t<div class=\"elementor-element elementor-element-0bbbb61 e-flex e-con-boxed e-con e-parent\" data-id=\"0bbbb61\" data-element_type=\"container\" data-settings=\"{&quot;background_background&quot;:&quot;classic&quot;,&quot;content_width&quot;:&quot;boxed&quot;}\" data-core-v316-plus=\"true\">\n\t\t\t\t\t<div class=\"e-con-inner\">\n\t\t<div class=\"elementor-element elementor-element-3aca8b1 e-con-full e-flex e-con e-child\" data-id=\"3aca8b1\" data-element_type=\"container\" data-settings=\"{&quot;content_width&quot;:&quot;full&quot;}\">\n\t\t\t\t<div class=\"elementor-element elementor-element-3755ea0 elementor-widget elementor-widget-image\" data-id=\"3755ea0\" data-element_type=\"widget\" data-widget_type=\"image.default\">\n\t\t\t\t<div class=\"elementor-widget-container\">\n\t\t\t\t\t\t\t\t\t\t\t\t\t<img decoding=\"async\" width=\"690\" height=\"510\" src=\"https:\/\/meuherba.com\/wp-content\/uploads\/2024\/03\/63-3908c-whey-protein-3w-cho.png\" class=\"attachment-large size-large wp-image-1229\" alt=\"\" srcset=\"https:\/\/meuherba.com\/wp-content\/uploads\/2024\/03\/63-3908c-whey-protein-3w-cho.png 690w, https:\/\/meuherba.com\/wp-content\/uploads\/2024\/03\/63-3908c-whey-protein-3w-cho-300x222.png 300w\" sizes=\"(max-width: 690px) 100vw, 690px\" \/>\t\t\t\t\t\t\t\t\t\t\t\t\t<\/div>\n\t\t\t\t<\/div>\n\t\t\t\t<\/div>\n\t\t<div class=\"elementor-element elementor-element-f4adbff e-con-full e-flex e-con e-child\" data-id=\"f4adbff\" data-element_type=\"container\" data-settings=\"{&quot;content_width&quot;:&quot;full&quot;}\">\n\t\t\t\t<div class=\"elementor-element elementor-element-0cc8db9 elementor-widget elementor-widget-image\" data-id=\"0cc8db9\" data-element_type=\"widget\" data-widget_type=\"image.default\">\n\t\t\t\t<div class=\"elementor-widget-container\">\n\t\t\t\t\t\t\t\t\t\t\t\t\t<img decoding=\"async\" width=\"530\" height=\"300\" src=\"https:\/\/meuherba.com\/wp-content\/uploads\/2024\/03\/63-9310b-whey-protein-3w-cho.png\" class=\"attachment-large size-large wp-image-1230\" alt=\"\" srcset=\"https:\/\/meuherba.com\/wp-content\/uploads\/2024\/03\/63-9310b-whey-protein-3w-cho.png 530w, https:\/\/meuherba.com\/wp-content\/uploads\/2024\/03\/63-9310b-whey-protein-3w-cho-300x170.png 300w\" sizes=\"(max-width: 530px) 100vw, 530px\" \/>\t\t\t\t\t\t\t\t\t\t\t\t\t<\/div>\n\t\t\t\t<\/div>\n\t\t\t\t<\/div>\n\t\t\t\t\t<\/div>\n\t\t\t\t<\/div>\n\t\t<div class=\"elementor-element elementor-element-b7075ee e-flex e-con-boxed e-con e-parent\" data-id=\"b7075ee\" data-element_type=\"container\" data-settings=\"{&quot;content_width&quot;:&quot;boxed&quot;}\" data-core-v316-plus=\"true\">\n\t\t\t\t\t<div class=\"e-con-inner\">\n\t\t\t\t<div class=\"elementor-element elementor-element-052aa6f elementor-widget elementor-widget-heading\" data-id=\"052aa6f\" data-element_type=\"widget\" data-widget_type=\"heading.default\">\n\t\t\t\t<div class=\"elementor-widget-container\">\n\t\t\t<h2 class=\"elementor-heading-title elementor-size-default\">INFORMA\u00c7\u00c3O NUTRICIONAL\n<\/h2>\t\t<\/div>\n\t\t\t\t<\/div>\n\t\t\t\t<div class=\"elementor-element elementor-element-f104f08 elementor-widget elementor-widget-image\" data-id=\"f104f08\" data-element_type=\"widget\" data-widget_type=\"image.default\">\n\t\t\t\t<div class=\"elementor-widget-container\">\n\t\t\t\t\t\t\t\t\t\t\t\t\t<img loading=\"lazy\" decoding=\"async\" width=\"800\" height=\"378\" src=\"https:\/\/meuherba.com\/wp-content\/uploads\/2024\/03\/63-9802d-whey-protein-3w-cho-1024x484.png\" class=\"attachment-large size-large wp-image-1231\" alt=\"\" srcset=\"https:\/\/meuherba.com\/wp-content\/uploads\/2024\/03\/63-9802d-whey-protein-3w-cho-1024x484.png 1024w, https:\/\/meuherba.com\/wp-content\/uploads\/2024\/03\/63-9802d-whey-protein-3w-cho-300x142.png 300w, https:\/\/meuherba.com\/wp-content\/uploads\/2024\/03\/63-9802d-whey-protein-3w-cho-768x363.png 768w, https:\/\/meuherba.com\/wp-content\/uploads\/2024\/03\/63-9802d-whey-protein-3w-cho-1536x726.png 1536w, https:\/\/meuherba.com\/wp-content\/uploads\/2024\/03\/63-9802d-whey-protein-3w-cho-1320x624.png 1320w, https:\/\/meuherba.com\/wp-content\/uploads\/2024\/03\/63-9802d-whey-protein-3w-cho.png 1920w\" sizes=\"(max-width: 800px) 100vw, 800px\" \/>\t\t\t\t\t\t\t\t\t\t\t\t\t<\/div>\n\t\t\t\t<\/div>\n\t\t\t\t\t<\/div>\n\t\t\t\t<\/div>\n\t\t\t\t<\/div>\n\t\t","protected":false},"excerpt":{"rendered":"<p>Whey Protein 3W Chocolate 510g Quero adiquirir WHEY PROTEIN 3W AO DELICIOSO SABOR CHOCOLATE 25g de prote\u00ednas por por\u00e7\u00e3o; Cont\u00e9m Whey: Isolado, Concentrado e Hidrolisado *Essas informa\u00e7\u00f5es s\u00e3o de conhecimento cient\u00edfico sobre o(s) nutriente(s). COMO FUNCIONA? Disponibiliza\u00e7\u00e3o gradual de prote\u00ednas; Auxilia na forma\u00e7\u00e3o dos m\u00fasculos e ossos; Contribui para a recupera\u00e7\u00e3o muscular p\u00f3s-exerc\u00edcio*. \u00a0N\u00c3O CONT\u00c9M [&hellip;]<\/p>\n","protected":false},"author":1,"featured_media":0,"parent":0,"menu_order":0,"comment_status":"closed","ping_status":"closed","template":"elementor_header_footer","meta":{"footnotes":""},"_links":{"self":[{"href":"https:\/\/meuherba.com\/index.php\/wp-json\/wp\/v2\/pages\/1224"}],"collection":[{"href":"https:\/\/meuherba.com\/index.php\/wp-json\/wp\/v2\/pages"}],"about":[{"href":"https:\/\/meuherba.com\/index.php\/wp-json\/wp\/v2\/types\/page"}],"author":[{"embeddable":true,"href":"https:\/\/meuherba.com\/index.php\/wp-json\/wp\/v2\/users\/1"}],"replies":[{"embeddable":true,"href":"https:\/\/meuherba.com\/index.php\/wp-json\/wp\/v2\/comments?post=1224"}],"version-history":[{"count":16,"href":"https:\/\/meuherba.com\/index.php\/wp-json\/wp\/v2\/pages\/1224\/revisions"}],"predecessor-version":[{"id":2188,"href":"https:\/\/meuherba.com\/index.php\/wp-json\/wp\/v2\/pages\/1224\/revisions\/2188"}],"wp:attachment":[{"href":"https:\/\/meuherba.com\/index.php\/wp-json\/wp\/v2\/media?parent=1224"}],"curies":[{"name":"wp","href":"https:\/\/api.w.org\/{rel}","templated":true}]}}