{"id":1203,"date":"2024-03-14T09:52:29","date_gmt":"2024-03-14T12:52:29","guid":{"rendered":"https:\/\/meuherba.com\/?page_id=1203"},"modified":"2024-03-21T18:19:34","modified_gmt":"2024-03-21T21:19:34","slug":"tri-core-protein-blend-chocolate-1010g","status":"publish","type":"page","link":"https:\/\/meuherba.com\/index.php\/tri-core-protein-blend-chocolate-1010g\/","title":{"rendered":"Tri-Core Protein Blend Chocolate 1010g"},"content":{"rendered":"\t\t<div data-elementor-type=\"wp-page\" data-elementor-id=\"1203\" class=\"elementor elementor-1203\" data-elementor-post-type=\"page\">\n\t\t\t\t<div class=\"elementor-element elementor-element-ea249af e-flex e-con-boxed e-con e-parent\" data-id=\"ea249af\" data-element_type=\"container\" data-settings=\"{&quot;content_width&quot;:&quot;boxed&quot;}\" data-core-v316-plus=\"true\">\n\t\t\t\t\t<div class=\"e-con-inner\">\n\t\t<div class=\"elementor-element elementor-element-4658a4d e-con-full e-flex e-con e-child\" data-id=\"4658a4d\" data-element_type=\"container\" data-settings=\"{&quot;content_width&quot;:&quot;full&quot;}\">\n\t\t\t\t<div class=\"elementor-element elementor-element-9f5ca06 elementor-widget elementor-widget-image\" data-id=\"9f5ca06\" data-element_type=\"widget\" data-widget_type=\"image.default\">\n\t\t\t\t<div class=\"elementor-widget-container\">\n\t\t\t<style>\/*! elementor - v3.19.0 - 28-02-2024 *\/\n.elementor-widget-image{text-align:center}.elementor-widget-image a{display:inline-block}.elementor-widget-image a img[src$=\".svg\"]{width:48px}.elementor-widget-image img{vertical-align:middle;display:inline-block}<\/style>\t\t\t\t\t\t\t\t\t\t<img fetchpriority=\"high\" decoding=\"async\" width=\"303\" height=\"320\" src=\"https:\/\/meuherba.com\/wp-content\/uploads\/2024\/03\/1p-9317-tri-core.webp\" class=\"attachment-large size-large wp-image-600\" alt=\"\" srcset=\"https:\/\/meuherba.com\/wp-content\/uploads\/2024\/03\/1p-9317-tri-core.webp 303w, https:\/\/meuherba.com\/wp-content\/uploads\/2024\/03\/1p-9317-tri-core-284x300.webp 284w, https:\/\/meuherba.com\/wp-content\/uploads\/2024\/03\/1p-9317-tri-core-64x68.webp 64w\" sizes=\"(max-width: 303px) 100vw, 303px\" \/>\t\t\t\t\t\t\t\t\t\t\t\t\t<\/div>\n\t\t\t\t<\/div>\n\t\t\t\t<\/div>\n\t\t<div class=\"elementor-element elementor-element-81ed24b e-con-full e-flex e-con e-child\" data-id=\"81ed24b\" data-element_type=\"container\" data-settings=\"{&quot;content_width&quot;:&quot;full&quot;}\">\n\t\t\t\t<div class=\"elementor-element elementor-element-03e7c03 elementor-widget elementor-widget-heading\" data-id=\"03e7c03\" data-element_type=\"widget\" data-widget_type=\"heading.default\">\n\t\t\t\t<div class=\"elementor-widget-container\">\n\t\t\t<style>\/*! elementor - v3.19.0 - 28-02-2024 *\/\n.elementor-heading-title{padding:0;margin:0;line-height:1}.elementor-widget-heading .elementor-heading-title[class*=elementor-size-]>a{color:inherit;font-size:inherit;line-height:inherit}.elementor-widget-heading .elementor-heading-title.elementor-size-small{font-size:15px}.elementor-widget-heading .elementor-heading-title.elementor-size-medium{font-size:19px}.elementor-widget-heading .elementor-heading-title.elementor-size-large{font-size:29px}.elementor-widget-heading .elementor-heading-title.elementor-size-xl{font-size:39px}.elementor-widget-heading .elementor-heading-title.elementor-size-xxl{font-size:59px}<\/style><h2 class=\"elementor-heading-title elementor-size-default\">Tri-Core Protein Blend Chocolate 1010g\n<\/h2>\t\t<\/div>\n\t\t\t\t<\/div>\n\t\t\t\t<div class=\"elementor-element elementor-element-0632390 elementor-align-left elementor-mobile-align-center elementor-widget elementor-widget-button\" data-id=\"0632390\" data-element_type=\"widget\" data-widget_type=\"button.default\">\n\t\t\t\t<div class=\"elementor-widget-container\">\n\t\t\t\t\t<div class=\"elementor-button-wrapper\">\n\t\t\t<a class=\"elementor-button elementor-button-link elementor-size-sm\" href=\"https:\/\/api.whatsapp.com\/send?phone=5511971829371&#038;text=Ol%C3%A1,%20gostaria%20de%20adquirir%20Tri-Core%20Protein%20Blend%20Chocolate%201010g\">\n\t\t\t\t\t\t<span class=\"elementor-button-content-wrapper\">\n\t\t\t\t\t\t<span class=\"elementor-button-text\">Quero adiquirir<\/span>\n\t\t<\/span>\n\t\t\t\t\t<\/a>\n\t\t<\/div>\n\t\t\t\t<\/div>\n\t\t\t\t<\/div>\n\t\t\t\t<\/div>\n\t\t\t\t\t<\/div>\n\t\t\t\t<\/div>\n\t\t<div class=\"elementor-element elementor-element-50678a9 e-flex e-con-boxed e-con e-parent\" data-id=\"50678a9\" data-element_type=\"container\" data-settings=\"{&quot;background_background&quot;:&quot;classic&quot;,&quot;content_width&quot;:&quot;boxed&quot;}\" data-core-v316-plus=\"true\">\n\t\t\t\t\t<div class=\"e-con-inner\">\n\t\t\t\t\t<\/div>\n\t\t\t\t<\/div>\n\t\t<div class=\"elementor-element elementor-element-ef04641 e-flex e-con-boxed e-con e-parent\" data-id=\"ef04641\" data-element_type=\"container\" data-settings=\"{&quot;content_width&quot;:&quot;boxed&quot;}\" data-core-v316-plus=\"true\">\n\t\t\t\t\t<div class=\"e-con-inner\">\n\t\t<div class=\"elementor-element elementor-element-9a81358 e-con-full e-flex e-con e-child\" data-id=\"9a81358\" data-element_type=\"container\" data-settings=\"{&quot;content_width&quot;:&quot;full&quot;}\">\n\t\t\t\t<div class=\"elementor-element elementor-element-f61af10 elementor-widget elementor-widget-heading\" data-id=\"f61af10\" data-element_type=\"widget\" data-widget_type=\"heading.default\">\n\t\t\t\t<div class=\"elementor-widget-container\">\n\t\t\t<h2 class=\"elementor-heading-title elementor-size-default\">TRI-CORE PROTEIN BLEND | RECUPERA\u00c7\u00c3O E FOR\u00c7A\n<\/h2>\t\t<\/div>\n\t\t\t\t<\/div>\n\t\t\t\t<div class=\"elementor-element elementor-element-eea5ad0 elementor-widget elementor-widget-text-editor\" data-id=\"eea5ad0\" data-element_type=\"widget\" data-widget_type=\"text-editor.default\">\n\t\t\t\t<div class=\"elementor-widget-container\">\n\t\t\t<style>\/*! elementor - v3.19.0 - 28-02-2024 *\/\n.elementor-widget-text-editor.elementor-drop-cap-view-stacked .elementor-drop-cap{background-color:#69727d;color:#fff}.elementor-widget-text-editor.elementor-drop-cap-view-framed .elementor-drop-cap{color:#69727d;border:3px solid;background-color:transparent}.elementor-widget-text-editor:not(.elementor-drop-cap-view-default) .elementor-drop-cap{margin-top:8px}.elementor-widget-text-editor:not(.elementor-drop-cap-view-default) .elementor-drop-cap-letter{width:1em;height:1em}.elementor-widget-text-editor .elementor-drop-cap{float:left;text-align:center;line-height:1;font-size:50px}.elementor-widget-text-editor .elementor-drop-cap-letter{display:inline-block}<\/style>\t\t\t\t<div class=\"col-lg-6\"><p>Antes conhecido como Rebuild Strenght &#8211; Novo nome, mesma f\u00f3rmula.<\/p><div>\u00a0<\/div><div>O Tri-Core Protein Blend* \u00e9 um suplemento proteico para atletas.<\/div><div>\u00a0<\/div><div>Ideal para ser usado ap\u00f3s a pr\u00e1tica esportiva intensa, principalmente quando forem atividades de for\u00e7a.<\/div><div>\u00a0<\/div><div>Reconstru\u00e7\u00e3o e crescimento muscular.<\/div><\/div><div class=\"col-lg-6\">\u00a0<\/div>\t\t\t\t\t\t<\/div>\n\t\t\t\t<\/div>\n\t\t\t\t<\/div>\n\t\t<div class=\"elementor-element elementor-element-d320399 e-con-full e-flex e-con e-child\" data-id=\"d320399\" data-element_type=\"container\" data-settings=\"{&quot;content_width&quot;:&quot;full&quot;}\">\n\t\t\t\t<div class=\"elementor-element elementor-element-3cd5e20 elementor-widget elementor-widget-heading\" data-id=\"3cd5e20\" data-element_type=\"widget\" data-widget_type=\"heading.default\">\n\t\t\t\t<div class=\"elementor-widget-container\">\n\t\t\t<h2 class=\"elementor-heading-title elementor-size-default\">COMO FUNCIONA?\n<\/h2>\t\t<\/div>\n\t\t\t\t<\/div>\n\t\t\t\t<div class=\"elementor-element elementor-element-3b8189a elementor-widget elementor-widget-text-editor\" data-id=\"3b8189a\" data-element_type=\"widget\" data-widget_type=\"text-editor.default\">\n\t\t\t\t<div class=\"elementor-widget-container\">\n\t\t\t\t\t\t\t<p>As prote\u00ednas auxiliam na recupera\u00e7\u00e3o e\/ou for\u00e7a muscular ap\u00f3s treinos com esfor\u00e7o muscular intenso.<\/p><p>Fornece um blend de prote\u00ednas do soro do leite isolada e concentrada, que possuem diferentes velocidades de absor\u00e7\u00e3o, associadas com carboidratos simples que s\u00e3o absorvidos rapidamente, permitindo que o m\u00fasculo\u00a0 seja \u201cabastecido\u201d com esses nutrientes.<\/p><p>*Suplemento proteico para atletas &#8211; sabor chocolate. DIAB\u00c9TICOS: CONT\u00c9M FRUTOSE E SACAROSE. AL\u00c9RGICOS: CONT\u00c9M DERIVADOS DE LEITE E SOJA.N\u00c3O CONT\u00c9M GL\u00daTEN. CONT\u00c9M LACTOSE<\/p>\t\t\t\t\t\t<\/div>\n\t\t\t\t<\/div>\n\t\t\t\t<\/div>\n\t\t\t\t\t<\/div>\n\t\t\t\t<\/div>\n\t\t<div class=\"elementor-element elementor-element-53badde e-flex e-con-boxed e-con e-parent\" data-id=\"53badde\" data-element_type=\"container\" data-settings=\"{&quot;background_background&quot;:&quot;classic&quot;,&quot;content_width&quot;:&quot;boxed&quot;}\" data-core-v316-plus=\"true\">\n\t\t\t\t\t<div class=\"e-con-inner\">\n\t\t<div class=\"elementor-element elementor-element-c2b50a1 e-con-full e-flex e-con e-child\" data-id=\"c2b50a1\" data-element_type=\"container\" data-settings=\"{&quot;content_width&quot;:&quot;full&quot;}\">\n\t\t\t\t<div class=\"elementor-element elementor-element-ffb898d elementor-widget elementor-widget-image\" data-id=\"ffb898d\" data-element_type=\"widget\" data-widget_type=\"image.default\">\n\t\t\t\t<div class=\"elementor-widget-container\">\n\t\t\t\t\t\t\t\t\t\t\t\t\t<img decoding=\"async\" width=\"690\" height=\"510\" src=\"https:\/\/meuherba.com\/wp-content\/uploads\/2024\/03\/61-5544c-tri-core-protein-bl.png\" class=\"attachment-large size-large wp-image-1212\" alt=\"\" srcset=\"https:\/\/meuherba.com\/wp-content\/uploads\/2024\/03\/61-5544c-tri-core-protein-bl.png 690w, https:\/\/meuherba.com\/wp-content\/uploads\/2024\/03\/61-5544c-tri-core-protein-bl-300x222.png 300w\" sizes=\"(max-width: 690px) 100vw, 690px\" \/>\t\t\t\t\t\t\t\t\t\t\t\t\t<\/div>\n\t\t\t\t<\/div>\n\t\t\t\t<\/div>\n\t\t<div class=\"elementor-element elementor-element-0e52a06 e-con-full e-flex e-con e-child\" data-id=\"0e52a06\" data-element_type=\"container\" data-settings=\"{&quot;content_width&quot;:&quot;full&quot;}\">\n\t\t\t\t<div class=\"elementor-element elementor-element-bf5fac9 elementor-widget elementor-widget-image\" data-id=\"bf5fac9\" data-element_type=\"widget\" data-widget_type=\"image.default\">\n\t\t\t\t<div class=\"elementor-widget-container\">\n\t\t\t\t\t\t\t\t\t\t\t\t\t<img decoding=\"async\" width=\"800\" height=\"453\" src=\"https:\/\/meuherba.com\/wp-content\/uploads\/2024\/03\/61-5425b-tri-core-protein-bl-1024x580.png\" class=\"attachment-large size-large wp-image-1213\" alt=\"\" srcset=\"https:\/\/meuherba.com\/wp-content\/uploads\/2024\/03\/61-5425b-tri-core-protein-bl-1024x580.png 1024w, https:\/\/meuherba.com\/wp-content\/uploads\/2024\/03\/61-5425b-tri-core-protein-bl-300x170.png 300w, https:\/\/meuherba.com\/wp-content\/uploads\/2024\/03\/61-5425b-tri-core-protein-bl-768x435.png 768w, https:\/\/meuherba.com\/wp-content\/uploads\/2024\/03\/61-5425b-tri-core-protein-bl-1536x869.png 1536w, https:\/\/meuherba.com\/wp-content\/uploads\/2024\/03\/61-5425b-tri-core-protein-bl-1320x747.png 1320w, https:\/\/meuherba.com\/wp-content\/uploads\/2024\/03\/61-5425b-tri-core-protein-bl.png 2048w\" sizes=\"(max-width: 800px) 100vw, 800px\" \/>\t\t\t\t\t\t\t\t\t\t\t\t\t<\/div>\n\t\t\t\t<\/div>\n\t\t\t\t<\/div>\n\t\t\t\t\t<\/div>\n\t\t\t\t<\/div>\n\t\t<div class=\"elementor-element elementor-element-cec914c e-flex e-con-boxed e-con e-parent\" data-id=\"cec914c\" data-element_type=\"container\" data-settings=\"{&quot;content_width&quot;:&quot;boxed&quot;}\" data-core-v316-plus=\"true\">\n\t\t\t\t\t<div class=\"e-con-inner\">\n\t\t\t\t<div class=\"elementor-element elementor-element-32ef061 elementor-widget elementor-widget-heading\" data-id=\"32ef061\" data-element_type=\"widget\" data-widget_type=\"heading.default\">\n\t\t\t\t<div class=\"elementor-widget-container\">\n\t\t\t<h2 class=\"elementor-heading-title elementor-size-default\">INFORMA\u00c7\u00c3O NUTRICIONAL\n<\/h2>\t\t<\/div>\n\t\t\t\t<\/div>\n\t\t\t\t<div class=\"elementor-element elementor-element-6051893 elementor-widget elementor-widget-image\" data-id=\"6051893\" data-element_type=\"widget\" data-widget_type=\"image.default\">\n\t\t\t\t<div class=\"elementor-widget-container\">\n\t\t\t\t\t\t\t\t\t\t\t\t\t<img loading=\"lazy\" decoding=\"async\" width=\"800\" height=\"464\" src=\"https:\/\/meuherba.com\/wp-content\/uploads\/2024\/03\/61-1912d-tri-core-protein-bl-1024x594.png\" class=\"attachment-large size-large wp-image-1217\" alt=\"\" srcset=\"https:\/\/meuherba.com\/wp-content\/uploads\/2024\/03\/61-1912d-tri-core-protein-bl-1024x594.png 1024w, https:\/\/meuherba.com\/wp-content\/uploads\/2024\/03\/61-1912d-tri-core-protein-bl-300x174.png 300w, https:\/\/meuherba.com\/wp-content\/uploads\/2024\/03\/61-1912d-tri-core-protein-bl-768x445.png 768w, https:\/\/meuherba.com\/wp-content\/uploads\/2024\/03\/61-1912d-tri-core-protein-bl-1536x890.png 1536w, https:\/\/meuherba.com\/wp-content\/uploads\/2024\/03\/61-1912d-tri-core-protein-bl-1320x765.png 1320w, https:\/\/meuherba.com\/wp-content\/uploads\/2024\/03\/61-1912d-tri-core-protein-bl.png 1920w\" sizes=\"(max-width: 800px) 100vw, 800px\" \/>\t\t\t\t\t\t\t\t\t\t\t\t\t<\/div>\n\t\t\t\t<\/div>\n\t\t\t\t\t<\/div>\n\t\t\t\t<\/div>\n\t\t\t\t<\/div>\n\t\t","protected":false},"excerpt":{"rendered":"<p>Tri-Core Protein Blend Chocolate 1010g Quero adiquirir TRI-CORE PROTEIN BLEND | RECUPERA\u00c7\u00c3O E FOR\u00c7A Antes conhecido como Rebuild Strenght &#8211; Novo nome, mesma f\u00f3rmula. \u00a0O Tri-Core Protein Blend* \u00e9 um suplemento proteico para atletas.\u00a0Ideal para ser usado ap\u00f3s a pr\u00e1tica esportiva intensa, principalmente quando forem atividades de for\u00e7a.\u00a0Reconstru\u00e7\u00e3o e crescimento muscular.\u00a0 COMO FUNCIONA? As prote\u00ednas [&hellip;]<\/p>\n","protected":false},"author":1,"featured_media":0,"parent":0,"menu_order":0,"comment_status":"closed","ping_status":"closed","template":"elementor_header_footer","meta":{"footnotes":""},"_links":{"self":[{"href":"https:\/\/meuherba.com\/index.php\/wp-json\/wp\/v2\/pages\/1203"}],"collection":[{"href":"https:\/\/meuherba.com\/index.php\/wp-json\/wp\/v2\/pages"}],"about":[{"href":"https:\/\/meuherba.com\/index.php\/wp-json\/wp\/v2\/types\/page"}],"author":[{"embeddable":true,"href":"https:\/\/meuherba.com\/index.php\/wp-json\/wp\/v2\/users\/1"}],"replies":[{"embeddable":true,"href":"https:\/\/meuherba.com\/index.php\/wp-json\/wp\/v2\/comments?post=1203"}],"version-history":[{"count":22,"href":"https:\/\/meuherba.com\/index.php\/wp-json\/wp\/v2\/pages\/1203\/revisions"}],"predecessor-version":[{"id":2185,"href":"https:\/\/meuherba.com\/index.php\/wp-json\/wp\/v2\/pages\/1203\/revisions\/2185"}],"wp:attachment":[{"href":"https:\/\/meuherba.com\/index.php\/wp-json\/wp\/v2\/media?parent=1203"}],"curies":[{"name":"wp","href":"https:\/\/api.w.org\/{rel}","templated":true}]}}