{"id":1184,"date":"2024-03-14T09:27:45","date_gmt":"2024-03-14T12:27:45","guid":{"rendered":"https:\/\/meuherba.com\/?page_id=1184"},"modified":"2024-03-21T18:17:49","modified_gmt":"2024-03-21T21:17:49","slug":"liftoff-amora-intenso-15-saches","status":"publish","type":"page","link":"https:\/\/meuherba.com\/index.php\/liftoff-amora-intenso-15-saches\/","title":{"rendered":"Liftoff Amora Intenso 15 Sach\u00eas"},"content":{"rendered":"\t\t<div data-elementor-type=\"wp-page\" data-elementor-id=\"1184\" class=\"elementor elementor-1184\" data-elementor-post-type=\"page\">\n\t\t\t\t<div class=\"elementor-element elementor-element-0800f40 e-flex e-con-boxed e-con e-parent\" data-id=\"0800f40\" data-element_type=\"container\" data-settings=\"{&quot;content_width&quot;:&quot;boxed&quot;}\" data-core-v316-plus=\"true\">\n\t\t\t\t\t<div class=\"e-con-inner\">\n\t\t<div class=\"elementor-element elementor-element-b7e219f e-con-full e-flex e-con e-child\" data-id=\"b7e219f\" data-element_type=\"container\" data-settings=\"{&quot;content_width&quot;:&quot;full&quot;}\">\n\t\t\t\t<div class=\"elementor-element elementor-element-e6aa8eb elementor-widget elementor-widget-image\" data-id=\"e6aa8eb\" data-element_type=\"widget\" data-widget_type=\"image.default\">\n\t\t\t\t<div class=\"elementor-widget-container\">\n\t\t\t<style>\/*! elementor - v3.19.0 - 28-02-2024 *\/\n.elementor-widget-image{text-align:center}.elementor-widget-image a{display:inline-block}.elementor-widget-image a img[src$=\".svg\"]{width:48px}.elementor-widget-image img{vertical-align:middle;display:inline-block}<\/style>\t\t\t\t\t\t\t\t\t\t<img fetchpriority=\"high\" decoding=\"async\" width=\"303\" height=\"320\" src=\"https:\/\/meuherba.com\/wp-content\/uploads\/2024\/03\/2e-9197-liftoff-1.webp\" class=\"attachment-large size-large wp-image-599\" alt=\"\" srcset=\"https:\/\/meuherba.com\/wp-content\/uploads\/2024\/03\/2e-9197-liftoff-1.webp 303w, https:\/\/meuherba.com\/wp-content\/uploads\/2024\/03\/2e-9197-liftoff-1-284x300.webp 284w, https:\/\/meuherba.com\/wp-content\/uploads\/2024\/03\/2e-9197-liftoff-1-64x68.webp 64w\" sizes=\"(max-width: 303px) 100vw, 303px\" \/>\t\t\t\t\t\t\t\t\t\t\t\t\t<\/div>\n\t\t\t\t<\/div>\n\t\t\t\t<\/div>\n\t\t<div class=\"elementor-element elementor-element-d1cbb90 e-con-full e-flex e-con e-child\" data-id=\"d1cbb90\" data-element_type=\"container\" data-settings=\"{&quot;content_width&quot;:&quot;full&quot;}\">\n\t\t\t\t<div class=\"elementor-element elementor-element-75d52c8 elementor-widget elementor-widget-heading\" data-id=\"75d52c8\" data-element_type=\"widget\" data-widget_type=\"heading.default\">\n\t\t\t\t<div class=\"elementor-widget-container\">\n\t\t\t<style>\/*! elementor - v3.19.0 - 28-02-2024 *\/\n.elementor-heading-title{padding:0;margin:0;line-height:1}.elementor-widget-heading .elementor-heading-title[class*=elementor-size-]>a{color:inherit;font-size:inherit;line-height:inherit}.elementor-widget-heading .elementor-heading-title.elementor-size-small{font-size:15px}.elementor-widget-heading .elementor-heading-title.elementor-size-medium{font-size:19px}.elementor-widget-heading .elementor-heading-title.elementor-size-large{font-size:29px}.elementor-widget-heading .elementor-heading-title.elementor-size-xl{font-size:39px}.elementor-widget-heading .elementor-heading-title.elementor-size-xxl{font-size:59px}<\/style><h2 class=\"elementor-heading-title elementor-size-default\">Liftoff Amora Intenso 15 Sach\u00eas\n<\/h2>\t\t<\/div>\n\t\t\t\t<\/div>\n\t\t\t\t<div class=\"elementor-element elementor-element-5f7841f elementor-align-left elementor-mobile-align-center elementor-widget elementor-widget-button\" data-id=\"5f7841f\" data-element_type=\"widget\" data-widget_type=\"button.default\">\n\t\t\t\t<div class=\"elementor-widget-container\">\n\t\t\t\t\t<div class=\"elementor-button-wrapper\">\n\t\t\t<a class=\"elementor-button elementor-button-link elementor-size-sm\" href=\"https:\/\/api.whatsapp.com\/send?phone=5511971829371&#038;text=Ol%C3%A1,%20gostaria%20de%20adquirir%20Liftoff%20Amora%20Intenso%2015%20Sach%C3%AAs\">\n\t\t\t\t\t\t<span class=\"elementor-button-content-wrapper\">\n\t\t\t\t\t\t<span class=\"elementor-button-text\">Quero adiquirir<\/span>\n\t\t<\/span>\n\t\t\t\t\t<\/a>\n\t\t<\/div>\n\t\t\t\t<\/div>\n\t\t\t\t<\/div>\n\t\t\t\t<\/div>\n\t\t\t\t\t<\/div>\n\t\t\t\t<\/div>\n\t\t<div class=\"elementor-element elementor-element-def3bee e-flex e-con-boxed e-con e-parent\" data-id=\"def3bee\" data-element_type=\"container\" data-settings=\"{&quot;background_background&quot;:&quot;classic&quot;,&quot;content_width&quot;:&quot;boxed&quot;}\" data-core-v316-plus=\"true\">\n\t\t\t\t\t<div class=\"e-con-inner\">\n\t\t\t\t\t<\/div>\n\t\t\t\t<\/div>\n\t\t<div class=\"elementor-element elementor-element-42e046d e-flex e-con-boxed e-con e-parent\" data-id=\"42e046d\" data-element_type=\"container\" data-settings=\"{&quot;content_width&quot;:&quot;boxed&quot;}\" data-core-v316-plus=\"true\">\n\t\t\t\t\t<div class=\"e-con-inner\">\n\t\t<div class=\"elementor-element elementor-element-1e506fd e-con-full e-flex e-con e-child\" data-id=\"1e506fd\" data-element_type=\"container\" data-settings=\"{&quot;content_width&quot;:&quot;full&quot;}\">\n\t\t\t\t<div class=\"elementor-element elementor-element-0cecdaa elementor-widget elementor-widget-heading\" data-id=\"0cecdaa\" data-element_type=\"widget\" data-widget_type=\"heading.default\">\n\t\t\t\t<div class=\"elementor-widget-container\">\n\t\t\t<h2 class=\"elementor-heading-title elementor-size-default\">LIFTOFF POTENCIALIZE SUA SENSA\u00c7\u00c3O DE ENERGIA\n<\/h2>\t\t<\/div>\n\t\t\t\t<\/div>\n\t\t\t\t<div class=\"elementor-element elementor-element-695222f elementor-widget elementor-widget-text-editor\" data-id=\"695222f\" data-element_type=\"widget\" data-widget_type=\"text-editor.default\">\n\t\t\t\t<div class=\"elementor-widget-container\">\n\t\t\t<style>\/*! elementor - v3.19.0 - 28-02-2024 *\/\n.elementor-widget-text-editor.elementor-drop-cap-view-stacked .elementor-drop-cap{background-color:#69727d;color:#fff}.elementor-widget-text-editor.elementor-drop-cap-view-framed .elementor-drop-cap{color:#69727d;border:3px solid;background-color:transparent}.elementor-widget-text-editor:not(.elementor-drop-cap-view-default) .elementor-drop-cap{margin-top:8px}.elementor-widget-text-editor:not(.elementor-drop-cap-view-default) .elementor-drop-cap-letter{width:1em;height:1em}.elementor-widget-text-editor .elementor-drop-cap{float:left;text-align:center;line-height:1;font-size:50px}.elementor-widget-text-editor .elementor-drop-cap-letter{display:inline-block}<\/style>\t\t\t\t<div class=\"col-lg-6\"><p>Com mais uma novidade exclusiva, a Herbalife Nutrition convida voc\u00ea a decolar com o mais novo Liftoff!<\/p><p>Conhe\u00e7a este suplemento alimentar com um blend exclusivo de cafe\u00edna + taurina que estimula o sistema nervoso central, te ajudando a se sentir com energia e promovendo foco e concentra\u00e7\u00e3o.<\/p><p>Al\u00e9m de\u00a0 ser baixo em calorias e sem a\u00e7\u00facares, o Liftoff cont\u00e9m vitaminas do Complexo B e C que auxiliam no metabolismo energ\u00e9tico + Biotina que contribui para a manuten\u00e7\u00e3o do cabelo e da pele.<\/p><p>A sua bebida ideal para os momentos onde voc\u00ea sentir que precisa elevar o seu est\u00edmulo, desde o pr\u00e9-treino, at\u00e9 os estudos, trabalho, e tamb\u00e9m pra quando precisar de mais disposi\u00e7\u00e3o para as noites!<\/p><\/div><div class=\"col-lg-6\">\u00a0<\/div>\t\t\t\t\t\t<\/div>\n\t\t\t\t<\/div>\n\t\t\t\t<\/div>\n\t\t<div class=\"elementor-element elementor-element-dd9b297 e-con-full e-flex e-con e-child\" data-id=\"dd9b297\" data-element_type=\"container\" data-settings=\"{&quot;content_width&quot;:&quot;full&quot;}\">\n\t\t\t\t<div class=\"elementor-element elementor-element-dbd73cd elementor-widget elementor-widget-heading\" data-id=\"dbd73cd\" data-element_type=\"widget\" data-widget_type=\"heading.default\">\n\t\t\t\t<div class=\"elementor-widget-container\">\n\t\t\t<h2 class=\"elementor-heading-title elementor-size-default\">COMO FUNCIONA?\n<\/h2>\t\t<\/div>\n\t\t\t\t<\/div>\n\t\t\t\t<div class=\"elementor-element elementor-element-31e7d06 elementor-widget elementor-widget-text-editor\" data-id=\"31e7d06\" data-element_type=\"widget\" data-widget_type=\"text-editor.default\">\n\t\t\t\t<div class=\"elementor-widget-container\">\n\t\t\t\t\t\t\t<p>Pensando na praticidade para o dia a dia, o Liftoff conta com 15 sach\u00eas individuais, perfeito para carregar com voc\u00ea e simples de fazer!<\/p><p>Aposte tamb\u00e9m na combina\u00e7\u00e3o do sabor delicioso, refrescante e levemente efervescente com outros produtos da Herbalife Nutrition.\u00a0\u00a0<\/p><p>Para voc\u00ea alcan\u00e7ar seu objetivos e potencializar sua sensa\u00e7\u00e3o de energia a qualquer momento!<\/p><p>Uma combina\u00e7\u00e3o in\u00e9dita da Herbalife Nutrition de m\u00faltiplos benef\u00edcios e estimuladores de energia em uma s\u00f3 bebida.<\/p><p>Ideal para ajudar voc\u00ea a se sentir com energia antes do treino ou para quando se precisa de uma concentra\u00e7\u00e3o extra. Tenha sempre um com voc\u00ea!<\/p><p>Cont\u00e9m 84mg de cafe\u00edna por por\u00e7\u00e3o, que auxilia no aumento do estado de alerta e na melhora da concentra\u00e7\u00e3o.<\/p>\t\t\t\t\t\t<\/div>\n\t\t\t\t<\/div>\n\t\t\t\t<\/div>\n\t\t\t\t\t<\/div>\n\t\t\t\t<\/div>\n\t\t<div class=\"elementor-element elementor-element-e48fb15 e-flex e-con-boxed e-con e-parent\" data-id=\"e48fb15\" data-element_type=\"container\" data-settings=\"{&quot;background_background&quot;:&quot;classic&quot;,&quot;content_width&quot;:&quot;boxed&quot;}\" data-core-v316-plus=\"true\">\n\t\t\t\t\t<div class=\"e-con-inner\">\n\t\t<div class=\"elementor-element elementor-element-242cfb7 e-con-full e-flex e-con e-child\" data-id=\"242cfb7\" data-element_type=\"container\" data-settings=\"{&quot;content_width&quot;:&quot;full&quot;}\">\n\t\t\t\t<div class=\"elementor-element elementor-element-e9c1a85 elementor-widget elementor-widget-image\" data-id=\"e9c1a85\" data-element_type=\"widget\" data-widget_type=\"image.default\">\n\t\t\t\t<div class=\"elementor-widget-container\">\n\t\t\t\t\t\t\t\t\t\t\t\t\t<img decoding=\"async\" width=\"690\" height=\"510\" src=\"https:\/\/meuherba.com\/wp-content\/uploads\/2024\/03\/86-8763c-liftoff-amora-inten.png\" class=\"attachment-large size-large wp-image-1191\" alt=\"\" srcset=\"https:\/\/meuherba.com\/wp-content\/uploads\/2024\/03\/86-8763c-liftoff-amora-inten.png 690w, https:\/\/meuherba.com\/wp-content\/uploads\/2024\/03\/86-8763c-liftoff-amora-inten-300x222.png 300w\" sizes=\"(max-width: 690px) 100vw, 690px\" \/>\t\t\t\t\t\t\t\t\t\t\t\t\t<\/div>\n\t\t\t\t<\/div>\n\t\t\t\t<\/div>\n\t\t<div class=\"elementor-element elementor-element-fa349c6 e-con-full e-flex e-con e-child\" data-id=\"fa349c6\" data-element_type=\"container\" data-settings=\"{&quot;content_width&quot;:&quot;full&quot;}\">\n\t\t\t\t<div class=\"elementor-element elementor-element-d5ff3b8 elementor-widget elementor-widget-image\" data-id=\"d5ff3b8\" data-element_type=\"widget\" data-widget_type=\"image.default\">\n\t\t\t\t<div class=\"elementor-widget-container\">\n\t\t\t\t\t\t\t\t\t\t\t\t\t<img decoding=\"async\" width=\"530\" height=\"300\" src=\"https:\/\/meuherba.com\/wp-content\/uploads\/2024\/03\/86-9266b-liftoff-amora-inten.png\" class=\"attachment-large size-large wp-image-1192\" alt=\"\" srcset=\"https:\/\/meuherba.com\/wp-content\/uploads\/2024\/03\/86-9266b-liftoff-amora-inten.png 530w, https:\/\/meuherba.com\/wp-content\/uploads\/2024\/03\/86-9266b-liftoff-amora-inten-300x170.png 300w\" sizes=\"(max-width: 530px) 100vw, 530px\" \/>\t\t\t\t\t\t\t\t\t\t\t\t\t<\/div>\n\t\t\t\t<\/div>\n\t\t\t\t<\/div>\n\t\t\t\t\t<\/div>\n\t\t\t\t<\/div>\n\t\t<div class=\"elementor-element elementor-element-44d009b e-flex e-con-boxed e-con e-parent\" data-id=\"44d009b\" data-element_type=\"container\" data-settings=\"{&quot;content_width&quot;:&quot;boxed&quot;}\" data-core-v316-plus=\"true\">\n\t\t\t\t\t<div class=\"e-con-inner\">\n\t\t\t\t<div class=\"elementor-element elementor-element-dbefd42 elementor-widget elementor-widget-heading\" data-id=\"dbefd42\" data-element_type=\"widget\" data-widget_type=\"heading.default\">\n\t\t\t\t<div class=\"elementor-widget-container\">\n\t\t\t<h2 class=\"elementor-heading-title elementor-size-default\">INFORMA\u00c7\u00c3O NUTRICIONAL\n<\/h2>\t\t<\/div>\n\t\t\t\t<\/div>\n\t\t\t\t<div class=\"elementor-element elementor-element-6780b5f elementor-widget elementor-widget-image\" data-id=\"6780b5f\" data-element_type=\"widget\" data-widget_type=\"image.default\">\n\t\t\t\t<div class=\"elementor-widget-container\">\n\t\t\t\t\t\t\t\t\t\t\t\t\t<img loading=\"lazy\" decoding=\"async\" width=\"800\" height=\"396\" src=\"https:\/\/meuherba.com\/wp-content\/uploads\/2024\/03\/86mob-3345d-liftoff-amora-in.png\" class=\"attachment-large size-large wp-image-1193\" alt=\"\" srcset=\"https:\/\/meuherba.com\/wp-content\/uploads\/2024\/03\/86mob-3345d-liftoff-amora-in.png 1000w, https:\/\/meuherba.com\/wp-content\/uploads\/2024\/03\/86mob-3345d-liftoff-amora-in-300x149.png 300w, https:\/\/meuherba.com\/wp-content\/uploads\/2024\/03\/86mob-3345d-liftoff-amora-in-768x380.png 768w\" sizes=\"(max-width: 800px) 100vw, 800px\" \/>\t\t\t\t\t\t\t\t\t\t\t\t\t<\/div>\n\t\t\t\t<\/div>\n\t\t\t\t\t<\/div>\n\t\t\t\t<\/div>\n\t\t\t\t<\/div>\n\t\t","protected":false},"excerpt":{"rendered":"<p>Liftoff Amora Intenso 15 Sach\u00eas Quero adiquirir LIFTOFF POTENCIALIZE SUA SENSA\u00c7\u00c3O DE ENERGIA Com mais uma novidade exclusiva, a Herbalife Nutrition convida voc\u00ea a decolar com o mais novo Liftoff! Conhe\u00e7a este suplemento alimentar com um blend exclusivo de cafe\u00edna + taurina que estimula o sistema nervoso central, te ajudando a se sentir com energia [&hellip;]<\/p>\n","protected":false},"author":1,"featured_media":0,"parent":0,"menu_order":0,"comment_status":"closed","ping_status":"closed","template":"elementor_header_footer","meta":{"footnotes":""},"_links":{"self":[{"href":"https:\/\/meuherba.com\/index.php\/wp-json\/wp\/v2\/pages\/1184"}],"collection":[{"href":"https:\/\/meuherba.com\/index.php\/wp-json\/wp\/v2\/pages"}],"about":[{"href":"https:\/\/meuherba.com\/index.php\/wp-json\/wp\/v2\/types\/page"}],"author":[{"embeddable":true,"href":"https:\/\/meuherba.com\/index.php\/wp-json\/wp\/v2\/users\/1"}],"replies":[{"embeddable":true,"href":"https:\/\/meuherba.com\/index.php\/wp-json\/wp\/v2\/comments?post=1184"}],"version-history":[{"count":22,"href":"https:\/\/meuherba.com\/index.php\/wp-json\/wp\/v2\/pages\/1184\/revisions"}],"predecessor-version":[{"id":2182,"href":"https:\/\/meuherba.com\/index.php\/wp-json\/wp\/v2\/pages\/1184\/revisions\/2182"}],"wp:attachment":[{"href":"https:\/\/meuherba.com\/index.php\/wp-json\/wp\/v2\/media?parent=1184"}],"curies":[{"name":"wp","href":"https:\/\/api.w.org\/{rel}","templated":true}]}}