{"id":1157,"date":"2024-03-14T09:23:51","date_gmt":"2024-03-14T12:23:51","guid":{"rendered":"https:\/\/meuherba.com\/?page_id=1157"},"modified":"2024-03-21T18:17:10","modified_gmt":"2024-03-21T21:17:10","slug":"glutamina-150g","status":"publish","type":"page","link":"https:\/\/meuherba.com\/index.php\/glutamina-150g\/","title":{"rendered":"Glutamina 150g"},"content":{"rendered":"\t\t<div data-elementor-type=\"wp-page\" data-elementor-id=\"1157\" class=\"elementor elementor-1157\" data-elementor-post-type=\"page\">\n\t\t\t\t<div class=\"elementor-element elementor-element-e3e1c0d e-flex e-con-boxed e-con e-parent\" data-id=\"e3e1c0d\" data-element_type=\"container\" data-settings=\"{&quot;content_width&quot;:&quot;boxed&quot;}\" data-core-v316-plus=\"true\">\n\t\t\t\t\t<div class=\"e-con-inner\">\n\t\t<div class=\"elementor-element elementor-element-9c92f7d e-con-full e-flex e-con e-child\" data-id=\"9c92f7d\" data-element_type=\"container\" data-settings=\"{&quot;content_width&quot;:&quot;full&quot;}\">\n\t\t\t\t<div class=\"elementor-element elementor-element-a4881bb elementor-widget elementor-widget-image\" data-id=\"a4881bb\" data-element_type=\"widget\" data-widget_type=\"image.default\">\n\t\t\t\t<div class=\"elementor-widget-container\">\n\t\t\t<style>\/*! elementor - v3.19.0 - 28-02-2024 *\/\n.elementor-widget-image{text-align:center}.elementor-widget-image a{display:inline-block}.elementor-widget-image a img[src$=\".svg\"]{width:48px}.elementor-widget-image img{vertical-align:middle;display:inline-block}<\/style>\t\t\t\t\t\t\t\t\t\t<img fetchpriority=\"high\" decoding=\"async\" width=\"303\" height=\"320\" src=\"https:\/\/meuherba.com\/wp-content\/uploads\/2024\/03\/23-7217-glutamin.webp\" class=\"attachment-large size-large wp-image-595\" alt=\"\" srcset=\"https:\/\/meuherba.com\/wp-content\/uploads\/2024\/03\/23-7217-glutamin.webp 303w, https:\/\/meuherba.com\/wp-content\/uploads\/2024\/03\/23-7217-glutamin-284x300.webp 284w, https:\/\/meuherba.com\/wp-content\/uploads\/2024\/03\/23-7217-glutamin-64x68.webp 64w\" sizes=\"(max-width: 303px) 100vw, 303px\" \/>\t\t\t\t\t\t\t\t\t\t\t\t\t<\/div>\n\t\t\t\t<\/div>\n\t\t\t\t<\/div>\n\t\t<div class=\"elementor-element elementor-element-18df504 e-con-full e-flex e-con e-child\" data-id=\"18df504\" data-element_type=\"container\" data-settings=\"{&quot;content_width&quot;:&quot;full&quot;}\">\n\t\t\t\t<div class=\"elementor-element elementor-element-bd65fa0 elementor-widget elementor-widget-heading\" data-id=\"bd65fa0\" data-element_type=\"widget\" data-widget_type=\"heading.default\">\n\t\t\t\t<div class=\"elementor-widget-container\">\n\t\t\t<style>\/*! elementor - v3.19.0 - 28-02-2024 *\/\n.elementor-heading-title{padding:0;margin:0;line-height:1}.elementor-widget-heading .elementor-heading-title[class*=elementor-size-]>a{color:inherit;font-size:inherit;line-height:inherit}.elementor-widget-heading .elementor-heading-title.elementor-size-small{font-size:15px}.elementor-widget-heading .elementor-heading-title.elementor-size-medium{font-size:19px}.elementor-widget-heading .elementor-heading-title.elementor-size-large{font-size:29px}.elementor-widget-heading .elementor-heading-title.elementor-size-xl{font-size:39px}.elementor-widget-heading .elementor-heading-title.elementor-size-xxl{font-size:59px}<\/style><h2 class=\"elementor-heading-title elementor-size-default\">Glutamina 150g\n<\/h2>\t\t<\/div>\n\t\t\t\t<\/div>\n\t\t\t\t<div class=\"elementor-element elementor-element-8823a45 elementor-align-left elementor-mobile-align-center elementor-widget elementor-widget-button\" data-id=\"8823a45\" data-element_type=\"widget\" data-widget_type=\"button.default\">\n\t\t\t\t<div class=\"elementor-widget-container\">\n\t\t\t\t\t<div class=\"elementor-button-wrapper\">\n\t\t\t<a class=\"elementor-button elementor-button-link elementor-size-sm\" href=\"https:\/\/api.whatsapp.com\/send?phone=5511971829371&#038;text=Ol%C3%A1,%20gostaria%20de%20adquirir%20Glutamina%20150g\">\n\t\t\t\t\t\t<span class=\"elementor-button-content-wrapper\">\n\t\t\t\t\t\t<span class=\"elementor-button-text\">Quero adiquirir<\/span>\n\t\t<\/span>\n\t\t\t\t\t<\/a>\n\t\t<\/div>\n\t\t\t\t<\/div>\n\t\t\t\t<\/div>\n\t\t\t\t<\/div>\n\t\t\t\t\t<\/div>\n\t\t\t\t<\/div>\n\t\t<div class=\"elementor-element elementor-element-ef2307d e-flex e-con-boxed e-con e-parent\" data-id=\"ef2307d\" data-element_type=\"container\" data-settings=\"{&quot;background_background&quot;:&quot;classic&quot;,&quot;content_width&quot;:&quot;boxed&quot;}\" data-core-v316-plus=\"true\">\n\t\t\t\t\t<div class=\"e-con-inner\">\n\t\t\t\t\t<\/div>\n\t\t\t\t<\/div>\n\t\t<div class=\"elementor-element elementor-element-18d635c e-flex e-con-boxed e-con e-parent\" data-id=\"18d635c\" data-element_type=\"container\" data-settings=\"{&quot;content_width&quot;:&quot;boxed&quot;}\" data-core-v316-plus=\"true\">\n\t\t\t\t\t<div class=\"e-con-inner\">\n\t\t<div class=\"elementor-element elementor-element-0f0237f e-con-full e-flex e-con e-child\" data-id=\"0f0237f\" data-element_type=\"container\" data-settings=\"{&quot;content_width&quot;:&quot;full&quot;}\">\n\t\t\t\t<div class=\"elementor-element elementor-element-9028ed0 elementor-widget elementor-widget-heading\" data-id=\"9028ed0\" data-element_type=\"widget\" data-widget_type=\"heading.default\">\n\t\t\t\t<div class=\"elementor-widget-container\">\n\t\t\t<h2 class=\"elementor-heading-title elementor-size-default\">GLUTAMINA VERS\u00c1TIL E SEM SABOR\n<\/h2>\t\t<\/div>\n\t\t\t\t<\/div>\n\t\t\t\t<div class=\"elementor-element elementor-element-9cdc380 elementor-widget elementor-widget-text-editor\" data-id=\"9cdc380\" data-element_type=\"widget\" data-widget_type=\"text-editor.default\">\n\t\t\t\t<div class=\"elementor-widget-container\">\n\t\t\t<style>\/*! elementor - v3.19.0 - 28-02-2024 *\/\n.elementor-widget-text-editor.elementor-drop-cap-view-stacked .elementor-drop-cap{background-color:#69727d;color:#fff}.elementor-widget-text-editor.elementor-drop-cap-view-framed .elementor-drop-cap{color:#69727d;border:3px solid;background-color:transparent}.elementor-widget-text-editor:not(.elementor-drop-cap-view-default) .elementor-drop-cap{margin-top:8px}.elementor-widget-text-editor:not(.elementor-drop-cap-view-default) .elementor-drop-cap-letter{width:1em;height:1em}.elementor-widget-text-editor .elementor-drop-cap{float:left;text-align:center;line-height:1;font-size:50px}.elementor-widget-text-editor .elementor-drop-cap-letter{display:inline-block}<\/style>\t\t\t\t<div class=\"col-lg-6\"><p>5g de pura L-glutamina por por\u00e7\u00e3o.<\/p><p>L-glutamina da AJINOMOTO Co., reconhecido internacionalmente por seu padr\u00e3o de qualidade.<\/p><\/div><div class=\"col-lg-6\">\u00a0<\/div>\t\t\t\t\t\t<\/div>\n\t\t\t\t<\/div>\n\t\t\t\t<\/div>\n\t\t<div class=\"elementor-element elementor-element-4594889 e-con-full e-flex e-con e-child\" data-id=\"4594889\" data-element_type=\"container\" data-settings=\"{&quot;content_width&quot;:&quot;full&quot;}\">\n\t\t\t\t<div class=\"elementor-element elementor-element-028973b elementor-widget elementor-widget-heading\" data-id=\"028973b\" data-element_type=\"widget\" data-widget_type=\"heading.default\">\n\t\t\t\t<div class=\"elementor-widget-container\">\n\t\t\t<h2 class=\"elementor-heading-title elementor-size-default\">COMO FUNCIONA?\n<\/h2>\t\t<\/div>\n\t\t\t\t<\/div>\n\t\t\t\t<div class=\"elementor-element elementor-element-6048a84 elementor-widget elementor-widget-text-editor\" data-id=\"6048a84\" data-element_type=\"widget\" data-widget_type=\"text-editor.default\">\n\t\t\t\t<div class=\"elementor-widget-container\">\n\t\t\t\t\t\t\t<section id=\"bannerprod1\"><div class=\"container py-5\"><div class=\"row mob-remove-br\"><div class=\"col-lg-6\"><p>Refor\u00e7o na repara\u00e7\u00e3o muscular ap\u00f3s o exerc\u00edcio*.\u00a0<\/p><p>Apoia um sistema imunol\u00f3gico saud\u00e1vel ap\u00f3s per\u00edodos de exerc\u00edcios mais intensos*.<br \/><br \/>*Essas informa\u00e7\u00f5es s\u00e3o de conhecimento cient\u00edfico sobre o(s) nutriente(s). N\u00c3O CONT\u00c9M GL\u00daTEN.<\/p><p>\u00a0<\/p><p>\u00a0<\/p><\/div><\/div><\/div><\/section><section id=\"bannerprod2\" class=\"bg-green\"><div class=\"container\"><div class=\"row d-flex align-items-center\"><div class=\"col-lg-6 align-self-stretch\">\u00a0<\/div><\/div><\/div><\/section>\t\t\t\t\t\t<\/div>\n\t\t\t\t<\/div>\n\t\t\t\t<\/div>\n\t\t\t\t\t<\/div>\n\t\t\t\t<\/div>\n\t\t<div class=\"elementor-element elementor-element-ec62915 e-flex e-con-boxed e-con e-parent\" data-id=\"ec62915\" data-element_type=\"container\" data-settings=\"{&quot;background_background&quot;:&quot;classic&quot;,&quot;content_width&quot;:&quot;boxed&quot;}\" data-core-v316-plus=\"true\">\n\t\t\t\t\t<div class=\"e-con-inner\">\n\t\t<div class=\"elementor-element elementor-element-6522a15 e-con-full e-flex e-con e-child\" data-id=\"6522a15\" data-element_type=\"container\" data-settings=\"{&quot;content_width&quot;:&quot;full&quot;}\">\n\t\t\t\t<div class=\"elementor-element elementor-element-2a67c34 elementor-widget elementor-widget-image\" data-id=\"2a67c34\" data-element_type=\"widget\" data-widget_type=\"image.default\">\n\t\t\t\t<div class=\"elementor-widget-container\">\n\t\t\t\t\t\t\t\t\t\t\t\t\t<img decoding=\"async\" width=\"690\" height=\"510\" src=\"https:\/\/meuherba.com\/wp-content\/uploads\/2024\/03\/75-8503c-glutamina-150g.png\" class=\"attachment-large size-large wp-image-1172\" alt=\"\" srcset=\"https:\/\/meuherba.com\/wp-content\/uploads\/2024\/03\/75-8503c-glutamina-150g.png 690w, https:\/\/meuherba.com\/wp-content\/uploads\/2024\/03\/75-8503c-glutamina-150g-300x222.png 300w\" sizes=\"(max-width: 690px) 100vw, 690px\" \/>\t\t\t\t\t\t\t\t\t\t\t\t\t<\/div>\n\t\t\t\t<\/div>\n\t\t\t\t<\/div>\n\t\t<div class=\"elementor-element elementor-element-83a8339 e-con-full e-flex e-con e-child\" data-id=\"83a8339\" data-element_type=\"container\" data-settings=\"{&quot;content_width&quot;:&quot;full&quot;}\">\n\t\t\t\t<div class=\"elementor-element elementor-element-67c0e59 elementor-widget elementor-widget-image\" data-id=\"67c0e59\" data-element_type=\"widget\" data-widget_type=\"image.default\">\n\t\t\t\t<div class=\"elementor-widget-container\">\n\t\t\t\t\t\t\t\t\t\t\t\t\t<img decoding=\"async\" width=\"530\" height=\"300\" src=\"https:\/\/meuherba.com\/wp-content\/uploads\/2024\/03\/75-6215b-glutamina-150g.png\" class=\"attachment-large size-large wp-image-1173\" alt=\"\" srcset=\"https:\/\/meuherba.com\/wp-content\/uploads\/2024\/03\/75-6215b-glutamina-150g.png 530w, https:\/\/meuherba.com\/wp-content\/uploads\/2024\/03\/75-6215b-glutamina-150g-300x170.png 300w\" sizes=\"(max-width: 530px) 100vw, 530px\" \/>\t\t\t\t\t\t\t\t\t\t\t\t\t<\/div>\n\t\t\t\t<\/div>\n\t\t\t\t<\/div>\n\t\t\t\t\t<\/div>\n\t\t\t\t<\/div>\n\t\t<div class=\"elementor-element elementor-element-f4b71d3 e-flex e-con-boxed e-con e-parent\" data-id=\"f4b71d3\" data-element_type=\"container\" data-settings=\"{&quot;content_width&quot;:&quot;boxed&quot;}\" data-core-v316-plus=\"true\">\n\t\t\t\t\t<div class=\"e-con-inner\">\n\t\t\t\t<div class=\"elementor-element elementor-element-d912ed5 elementor-widget elementor-widget-heading\" data-id=\"d912ed5\" data-element_type=\"widget\" data-widget_type=\"heading.default\">\n\t\t\t\t<div class=\"elementor-widget-container\">\n\t\t\t<h2 class=\"elementor-heading-title elementor-size-default\">INFORMA\u00c7\u00c3O NUTRICIONAL\n<\/h2>\t\t<\/div>\n\t\t\t\t<\/div>\n\t\t\t\t<div class=\"elementor-element elementor-element-51d2caf elementor-widget elementor-widget-image\" data-id=\"51d2caf\" data-element_type=\"widget\" data-widget_type=\"image.default\">\n\t\t\t\t<div class=\"elementor-widget-container\">\n\t\t\t\t\t\t\t\t\t\t\t\t\t<img loading=\"lazy\" decoding=\"async\" width=\"800\" height=\"202\" src=\"https:\/\/meuherba.com\/wp-content\/uploads\/2024\/03\/75-9472d-glutamina-150g-1024x259.png\" class=\"attachment-large size-large wp-image-1177\" alt=\"\" srcset=\"https:\/\/meuherba.com\/wp-content\/uploads\/2024\/03\/75-9472d-glutamina-150g-1024x259.png 1024w, https:\/\/meuherba.com\/wp-content\/uploads\/2024\/03\/75-9472d-glutamina-150g-300x76.png 300w, https:\/\/meuherba.com\/wp-content\/uploads\/2024\/03\/75-9472d-glutamina-150g-768x194.png 768w, https:\/\/meuherba.com\/wp-content\/uploads\/2024\/03\/75-9472d-glutamina-150g-1536x388.png 1536w, https:\/\/meuherba.com\/wp-content\/uploads\/2024\/03\/75-9472d-glutamina-150g-1320x333.png 1320w, https:\/\/meuherba.com\/wp-content\/uploads\/2024\/03\/75-9472d-glutamina-150g.png 1920w\" sizes=\"(max-width: 800px) 100vw, 800px\" \/>\t\t\t\t\t\t\t\t\t\t\t\t\t<\/div>\n\t\t\t\t<\/div>\n\t\t\t\t\t<\/div>\n\t\t\t\t<\/div>\n\t\t\t\t<\/div>\n\t\t","protected":false},"excerpt":{"rendered":"<p>Glutamina 150g Quero adiquirir GLUTAMINA VERS\u00c1TIL E SEM SABOR 5g de pura L-glutamina por por\u00e7\u00e3o. L-glutamina da AJINOMOTO Co., reconhecido internacionalmente por seu padr\u00e3o de qualidade. \u00a0 COMO FUNCIONA? Refor\u00e7o na repara\u00e7\u00e3o muscular ap\u00f3s o exerc\u00edcio*.\u00a0 Apoia um sistema imunol\u00f3gico saud\u00e1vel ap\u00f3s per\u00edodos de exerc\u00edcios mais intensos*. *Essas informa\u00e7\u00f5es s\u00e3o de conhecimento cient\u00edfico sobre o(s) [&hellip;]<\/p>\n","protected":false},"author":1,"featured_media":0,"parent":0,"menu_order":0,"comment_status":"closed","ping_status":"closed","template":"elementor_header_footer","meta":{"footnotes":""},"_links":{"self":[{"href":"https:\/\/meuherba.com\/index.php\/wp-json\/wp\/v2\/pages\/1157"}],"collection":[{"href":"https:\/\/meuherba.com\/index.php\/wp-json\/wp\/v2\/pages"}],"about":[{"href":"https:\/\/meuherba.com\/index.php\/wp-json\/wp\/v2\/types\/page"}],"author":[{"embeddable":true,"href":"https:\/\/meuherba.com\/index.php\/wp-json\/wp\/v2\/users\/1"}],"replies":[{"embeddable":true,"href":"https:\/\/meuherba.com\/index.php\/wp-json\/wp\/v2\/comments?post=1157"}],"version-history":[{"count":31,"href":"https:\/\/meuherba.com\/index.php\/wp-json\/wp\/v2\/pages\/1157\/revisions"}],"predecessor-version":[{"id":2179,"href":"https:\/\/meuherba.com\/index.php\/wp-json\/wp\/v2\/pages\/1157\/revisions\/2179"}],"wp:attachment":[{"href":"https:\/\/meuherba.com\/index.php\/wp-json\/wp\/v2\/media?parent=1157"}],"curies":[{"name":"wp","href":"https:\/\/api.w.org\/{rel}","templated":true}]}}