{"id":1135,"date":"2024-03-14T09:19:26","date_gmt":"2024-03-14T12:19:26","guid":{"rendered":"https:\/\/meuherba.com\/?page_id=1135"},"modified":"2024-03-21T18:16:21","modified_gmt":"2024-03-21T21:16:21","slug":"creatina-premium-sabor-neutro-150g","status":"publish","type":"page","link":"https:\/\/meuherba.com\/index.php\/creatina-premium-sabor-neutro-150g\/","title":{"rendered":"Creatina Premium Sabor Neutro 150g"},"content":{"rendered":"\t\t<div data-elementor-type=\"wp-page\" data-elementor-id=\"1135\" class=\"elementor elementor-1135\" data-elementor-post-type=\"page\">\n\t\t\t\t<div class=\"elementor-element elementor-element-03f8f8f e-flex e-con-boxed e-con e-parent\" data-id=\"03f8f8f\" data-element_type=\"container\" data-settings=\"{&quot;content_width&quot;:&quot;boxed&quot;}\" data-core-v316-plus=\"true\">\n\t\t\t\t\t<div class=\"e-con-inner\">\n\t\t<div class=\"elementor-element elementor-element-6a5956c e-con-full e-flex e-con e-child\" data-id=\"6a5956c\" data-element_type=\"container\" data-settings=\"{&quot;content_width&quot;:&quot;full&quot;}\">\n\t\t\t\t<div class=\"elementor-element elementor-element-4d35204 elementor-widget elementor-widget-image\" data-id=\"4d35204\" data-element_type=\"widget\" data-widget_type=\"image.default\">\n\t\t\t\t<div class=\"elementor-widget-container\">\n\t\t\t<style>\/*! elementor - v3.19.0 - 28-02-2024 *\/\n.elementor-widget-image{text-align:center}.elementor-widget-image a{display:inline-block}.elementor-widget-image a img[src$=\".svg\"]{width:48px}.elementor-widget-image img{vertical-align:middle;display:inline-block}<\/style>\t\t\t\t\t\t\t\t\t\t<img fetchpriority=\"high\" decoding=\"async\" width=\"303\" height=\"320\" src=\"https:\/\/meuherba.com\/wp-content\/uploads\/2024\/03\/2k-7873-creatina.webp\" class=\"attachment-large size-large wp-image-594\" alt=\"\" srcset=\"https:\/\/meuherba.com\/wp-content\/uploads\/2024\/03\/2k-7873-creatina.webp 303w, https:\/\/meuherba.com\/wp-content\/uploads\/2024\/03\/2k-7873-creatina-284x300.webp 284w, https:\/\/meuherba.com\/wp-content\/uploads\/2024\/03\/2k-7873-creatina-64x68.webp 64w\" sizes=\"(max-width: 303px) 100vw, 303px\" \/>\t\t\t\t\t\t\t\t\t\t\t\t\t<\/div>\n\t\t\t\t<\/div>\n\t\t\t\t<\/div>\n\t\t<div class=\"elementor-element elementor-element-9c854f7 e-con-full e-flex e-con e-child\" data-id=\"9c854f7\" data-element_type=\"container\" data-settings=\"{&quot;content_width&quot;:&quot;full&quot;}\">\n\t\t\t\t<div class=\"elementor-element elementor-element-8ff30eb elementor-widget elementor-widget-heading\" data-id=\"8ff30eb\" data-element_type=\"widget\" data-widget_type=\"heading.default\">\n\t\t\t\t<div class=\"elementor-widget-container\">\n\t\t\t<style>\/*! elementor - v3.19.0 - 28-02-2024 *\/\n.elementor-heading-title{padding:0;margin:0;line-height:1}.elementor-widget-heading .elementor-heading-title[class*=elementor-size-]>a{color:inherit;font-size:inherit;line-height:inherit}.elementor-widget-heading .elementor-heading-title.elementor-size-small{font-size:15px}.elementor-widget-heading .elementor-heading-title.elementor-size-medium{font-size:19px}.elementor-widget-heading .elementor-heading-title.elementor-size-large{font-size:29px}.elementor-widget-heading .elementor-heading-title.elementor-size-xl{font-size:39px}.elementor-widget-heading .elementor-heading-title.elementor-size-xxl{font-size:59px}<\/style><h2 class=\"elementor-heading-title elementor-size-default\">Creatina Premium Sabor Neutro 150g\n<\/h2>\t\t<\/div>\n\t\t\t\t<\/div>\n\t\t\t\t<div class=\"elementor-element elementor-element-30279e4 elementor-align-left elementor-mobile-align-center elementor-widget elementor-widget-button\" data-id=\"30279e4\" data-element_type=\"widget\" data-widget_type=\"button.default\">\n\t\t\t\t<div class=\"elementor-widget-container\">\n\t\t\t\t\t<div class=\"elementor-button-wrapper\">\n\t\t\t<a class=\"elementor-button elementor-button-link elementor-size-sm\" href=\"https:\/\/api.whatsapp.com\/send?phone=5511971829371&#038;text=Ol%C3%A1,%20gostaria%20de%20adquirir%20Creatina%20Premium%20Sabor%20Neutro\">\n\t\t\t\t\t\t<span class=\"elementor-button-content-wrapper\">\n\t\t\t\t\t\t<span class=\"elementor-button-text\">Quero adiquirir<\/span>\n\t\t<\/span>\n\t\t\t\t\t<\/a>\n\t\t<\/div>\n\t\t\t\t<\/div>\n\t\t\t\t<\/div>\n\t\t\t\t<\/div>\n\t\t\t\t\t<\/div>\n\t\t\t\t<\/div>\n\t\t<div class=\"elementor-element elementor-element-51fafcc e-flex e-con-boxed e-con e-parent\" data-id=\"51fafcc\" data-element_type=\"container\" data-settings=\"{&quot;background_background&quot;:&quot;classic&quot;,&quot;content_width&quot;:&quot;boxed&quot;}\" data-core-v316-plus=\"true\">\n\t\t\t\t\t<div class=\"e-con-inner\">\n\t\t\t\t\t<\/div>\n\t\t\t\t<\/div>\n\t\t<div class=\"elementor-element elementor-element-05f710e e-flex e-con-boxed e-con e-parent\" data-id=\"05f710e\" data-element_type=\"container\" data-settings=\"{&quot;content_width&quot;:&quot;boxed&quot;}\" data-core-v316-plus=\"true\">\n\t\t\t\t\t<div class=\"e-con-inner\">\n\t\t<div class=\"elementor-element elementor-element-eec3237 e-con-full e-flex e-con e-child\" data-id=\"eec3237\" data-element_type=\"container\" data-settings=\"{&quot;content_width&quot;:&quot;full&quot;}\">\n\t\t\t\t<div class=\"elementor-element elementor-element-8aaeacc elementor-widget elementor-widget-heading\" data-id=\"8aaeacc\" data-element_type=\"widget\" data-widget_type=\"heading.default\">\n\t\t\t\t<div class=\"elementor-widget-container\">\n\t\t\t<h2 class=\"elementor-heading-title elementor-size-default\">CREATINA PREMIUM HERBALIFE24\n<\/h2>\t\t<\/div>\n\t\t\t\t<\/div>\n\t\t\t\t<div class=\"elementor-element elementor-element-acc1e39 elementor-widget elementor-widget-text-editor\" data-id=\"acc1e39\" data-element_type=\"widget\" data-widget_type=\"text-editor.default\">\n\t\t\t\t<div class=\"elementor-widget-container\">\n\t\t\t<style>\/*! elementor - v3.19.0 - 28-02-2024 *\/\n.elementor-widget-text-editor.elementor-drop-cap-view-stacked .elementor-drop-cap{background-color:#69727d;color:#fff}.elementor-widget-text-editor.elementor-drop-cap-view-framed .elementor-drop-cap{color:#69727d;border:3px solid;background-color:transparent}.elementor-widget-text-editor:not(.elementor-drop-cap-view-default) .elementor-drop-cap{margin-top:8px}.elementor-widget-text-editor:not(.elementor-drop-cap-view-default) .elementor-drop-cap-letter{width:1em;height:1em}.elementor-widget-text-editor .elementor-drop-cap{float:left;text-align:center;line-height:1;font-size:50px}.elementor-widget-text-editor .elementor-drop-cap-letter{display:inline-block}<\/style>\t\t\t\t<p>Um dos produtos mais estudados pela ci\u00eancia esportiva, a Creatina Premium da Herbalife auxilia no processo de ganho muscular e melhora a performance do seu treino. Fornece energia, favorecendo um melhor desempenho f\u00edsico, gerando mais for\u00e7a, resist\u00eancia ao m\u00fasculo e melhor recupera\u00e7\u00e3o muscular.<\/p><p>A suplementa\u00e7\u00e3o de creatina contribui para o desenvolvimento da massa muscular, o que apoia a qualidade de vida, pois a manuten\u00e7\u00e3o e desenvolvimento da massa muscular est\u00e1 associada a uma melhor qualidade de vida e autonomia, al\u00e9m disso, ela auxilia no aumento do desempenho f\u00edsico durante os exerc\u00edcios repetidos de curta dura\u00e7\u00e3o e alta intensidade.<\/p><p>A creatina vem ganhando espa\u00e7o tamb\u00e9m para alguns objetivos de qualidade de vida e at\u00e9 suplementa\u00e7\u00e3o em idosos.<\/p><p>Creatina Premium Herbalife24<br \/>\u2022 100% Pura<br \/>\u2022 Monohidratada<br \/>\u2022 Vegano<br \/>\u2022 0 kcal<br \/>\u2022 Livre de subst\u00e2ncias proibidas no esporte<br \/>\u2022 Sem aditivos, s\u00f3dio ou gl\u00faten.<\/p>\t\t\t\t\t\t<\/div>\n\t\t\t\t<\/div>\n\t\t\t\t<\/div>\n\t\t<div class=\"elementor-element elementor-element-80dec74 e-con-full e-flex e-con e-child\" data-id=\"80dec74\" data-element_type=\"container\" data-settings=\"{&quot;content_width&quot;:&quot;full&quot;}\">\n\t\t\t\t<div class=\"elementor-element elementor-element-c84053c elementor-widget elementor-widget-heading\" data-id=\"c84053c\" data-element_type=\"widget\" data-widget_type=\"heading.default\">\n\t\t\t\t<div class=\"elementor-widget-container\">\n\t\t\t<h2 class=\"elementor-heading-title elementor-size-default\">POR QUE CONSUMIR CREATINA?\n<\/h2>\t\t<\/div>\n\t\t\t\t<\/div>\n\t\t\t\t<div class=\"elementor-element elementor-element-06b1fe9 elementor-widget elementor-widget-text-editor\" data-id=\"06b1fe9\" data-element_type=\"widget\" data-widget_type=\"text-editor.default\">\n\t\t\t\t<div class=\"elementor-widget-container\">\n\t\t\t\t\t\t\t<p>Auxilia no aumento do desempenho f\u00edsico durante exerc\u00edcios<br \/>Melhora a performance nos treinos<br \/>Ajuda no ganho de massa muscular<br \/>Contribui para o aumento da for\u00e7a muscular<br \/>Pode apoiar a recupera\u00e7\u00e3o em per\u00edodos de perda muscular<br \/>Ferramenta \u00fatil para a sarcopenia: juntamente com a atividade f\u00edsica, ajuda a preservar a massa muscular, contribuindo para uma melhor qualidade de vida<br \/>A creatina est\u00e1 sendo estudada para: sa\u00fade \u00f3ssea em mulheres na p\u00f3s-menopausa e manuten\u00e7\u00e3o da fun\u00e7\u00e3o cognitiva<\/p><p>Momentos de consumo<\/p><p>Uma vez por dia, a qualquer hora<br \/>Pr\u00e9 ou P\u00f3s Treino<br \/>Pelo tempo que voc\u00ea quiser, sem a necessidade de fazer pausas no uso<br \/>Misturada com produtos Herbalife como: Shake, Herbal Concentrate, NRG, Liftoff, Fiber Concentrate ou OnActive Drink.<\/p>\t\t\t\t\t\t<\/div>\n\t\t\t\t<\/div>\n\t\t\t\t<\/div>\n\t\t\t\t\t<\/div>\n\t\t\t\t<\/div>\n\t\t<div class=\"elementor-element elementor-element-e335c99 e-flex e-con-boxed e-con e-parent\" data-id=\"e335c99\" data-element_type=\"container\" data-settings=\"{&quot;background_background&quot;:&quot;classic&quot;,&quot;content_width&quot;:&quot;boxed&quot;}\" data-core-v316-plus=\"true\">\n\t\t\t\t\t<div class=\"e-con-inner\">\n\t\t<div class=\"elementor-element elementor-element-6beab54 e-con-full e-flex e-con e-child\" data-id=\"6beab54\" data-element_type=\"container\" data-settings=\"{&quot;content_width&quot;:&quot;full&quot;}\">\n\t\t\t\t<div class=\"elementor-element elementor-element-e48c3cd elementor-widget elementor-widget-image\" data-id=\"e48c3cd\" data-element_type=\"widget\" data-widget_type=\"image.default\">\n\t\t\t\t<div class=\"elementor-widget-container\">\n\t\t\t\t\t\t\t\t\t\t\t\t\t<img decoding=\"async\" width=\"550\" height=\"580\" src=\"https:\/\/meuherba.com\/wp-content\/uploads\/2024\/03\/2k-7932-creatina-1.png\" class=\"attachment-large size-large wp-image-1146\" alt=\"\" srcset=\"https:\/\/meuherba.com\/wp-content\/uploads\/2024\/03\/2k-7932-creatina-1.png 550w, https:\/\/meuherba.com\/wp-content\/uploads\/2024\/03\/2k-7932-creatina-1-284x300.png 284w\" sizes=\"(max-width: 550px) 100vw, 550px\" \/>\t\t\t\t\t\t\t\t\t\t\t\t\t<\/div>\n\t\t\t\t<\/div>\n\t\t\t\t<\/div>\n\t\t<div class=\"elementor-element elementor-element-41d9419 e-con-full e-flex e-con e-child\" data-id=\"41d9419\" data-element_type=\"container\" data-settings=\"{&quot;content_width&quot;:&quot;full&quot;}\">\n\t\t\t\t<div class=\"elementor-element elementor-element-5b9573f elementor-widget elementor-widget-image\" data-id=\"5b9573f\" data-element_type=\"widget\" data-widget_type=\"image.default\">\n\t\t\t\t<div class=\"elementor-widget-container\">\n\t\t\t\t\t\t\t\t\t\t\t\t\t<img decoding=\"async\" width=\"530\" height=\"300\" src=\"https:\/\/meuherba.com\/wp-content\/uploads\/2024\/03\/92-5160b-creatina-premium-sa.png\" class=\"attachment-large size-large wp-image-1145\" alt=\"\" srcset=\"https:\/\/meuherba.com\/wp-content\/uploads\/2024\/03\/92-5160b-creatina-premium-sa.png 530w, https:\/\/meuherba.com\/wp-content\/uploads\/2024\/03\/92-5160b-creatina-premium-sa-300x170.png 300w\" sizes=\"(max-width: 530px) 100vw, 530px\" \/>\t\t\t\t\t\t\t\t\t\t\t\t\t<\/div>\n\t\t\t\t<\/div>\n\t\t\t\t<\/div>\n\t\t\t\t\t<\/div>\n\t\t\t\t<\/div>\n\t\t<div class=\"elementor-element elementor-element-59d998f e-flex e-con-boxed e-con e-parent\" data-id=\"59d998f\" data-element_type=\"container\" data-settings=\"{&quot;content_width&quot;:&quot;boxed&quot;}\" data-core-v316-plus=\"true\">\n\t\t\t\t\t<div class=\"e-con-inner\">\n\t\t\t\t<div class=\"elementor-element elementor-element-55ad945 elementor-widget elementor-widget-heading\" data-id=\"55ad945\" data-element_type=\"widget\" data-widget_type=\"heading.default\">\n\t\t\t\t<div class=\"elementor-widget-container\">\n\t\t\t<h2 class=\"elementor-heading-title elementor-size-default\">INFORMA\u00c7\u00c3O NUTRICIONAL\n<\/h2>\t\t<\/div>\n\t\t\t\t<\/div>\n\t\t\t\t<div class=\"elementor-element elementor-element-a72ccb5 elementor-widget elementor-widget-image\" data-id=\"a72ccb5\" data-element_type=\"widget\" data-widget_type=\"image.default\">\n\t\t\t\t<div class=\"elementor-widget-container\">\n\t\t\t\t\t\t\t\t\t\t\t\t\t<img loading=\"lazy\" decoding=\"async\" width=\"800\" height=\"439\" src=\"https:\/\/meuherba.com\/wp-content\/uploads\/2024\/03\/92-3342d-creatina-premium-1024x562.png\" class=\"attachment-large size-large wp-image-1150\" alt=\"\" srcset=\"https:\/\/meuherba.com\/wp-content\/uploads\/2024\/03\/92-3342d-creatina-premium-1024x562.png 1024w, https:\/\/meuherba.com\/wp-content\/uploads\/2024\/03\/92-3342d-creatina-premium-300x165.png 300w, https:\/\/meuherba.com\/wp-content\/uploads\/2024\/03\/92-3342d-creatina-premium-768x421.png 768w, https:\/\/meuherba.com\/wp-content\/uploads\/2024\/03\/92-3342d-creatina-premium-1536x842.png 1536w, https:\/\/meuherba.com\/wp-content\/uploads\/2024\/03\/92-3342d-creatina-premium-1320x724.png 1320w, https:\/\/meuherba.com\/wp-content\/uploads\/2024\/03\/92-3342d-creatina-premium.png 1920w\" sizes=\"(max-width: 800px) 100vw, 800px\" \/>\t\t\t\t\t\t\t\t\t\t\t\t\t<\/div>\n\t\t\t\t<\/div>\n\t\t\t\t\t<\/div>\n\t\t\t\t<\/div>\n\t\t\t\t<\/div>\n\t\t","protected":false},"excerpt":{"rendered":"<p>Creatina Premium Sabor Neutro 150g Quero adiquirir CREATINA PREMIUM HERBALIFE24 Um dos produtos mais estudados pela ci\u00eancia esportiva, a Creatina Premium da Herbalife auxilia no processo de ganho muscular e melhora a performance do seu treino. Fornece energia, favorecendo um melhor desempenho f\u00edsico, gerando mais for\u00e7a, resist\u00eancia ao m\u00fasculo e melhor recupera\u00e7\u00e3o muscular. A suplementa\u00e7\u00e3o [&hellip;]<\/p>\n","protected":false},"author":1,"featured_media":0,"parent":0,"menu_order":0,"comment_status":"closed","ping_status":"closed","template":"elementor_header_footer","meta":{"footnotes":""},"_links":{"self":[{"href":"https:\/\/meuherba.com\/index.php\/wp-json\/wp\/v2\/pages\/1135"}],"collection":[{"href":"https:\/\/meuherba.com\/index.php\/wp-json\/wp\/v2\/pages"}],"about":[{"href":"https:\/\/meuherba.com\/index.php\/wp-json\/wp\/v2\/types\/page"}],"author":[{"embeddable":true,"href":"https:\/\/meuherba.com\/index.php\/wp-json\/wp\/v2\/users\/1"}],"replies":[{"embeddable":true,"href":"https:\/\/meuherba.com\/index.php\/wp-json\/wp\/v2\/comments?post=1135"}],"version-history":[{"count":31,"href":"https:\/\/meuherba.com\/index.php\/wp-json\/wp\/v2\/pages\/1135\/revisions"}],"predecessor-version":[{"id":2176,"href":"https:\/\/meuherba.com\/index.php\/wp-json\/wp\/v2\/pages\/1135\/revisions\/2176"}],"wp:attachment":[{"href":"https:\/\/meuherba.com\/index.php\/wp-json\/wp\/v2\/media?parent=1135"}],"curies":[{"name":"wp","href":"https:\/\/api.w.org\/{rel}","templated":true}]}}