{"id":1092,"date":"2024-03-14T08:47:09","date_gmt":"2024-03-14T11:47:09","guid":{"rendered":"https:\/\/meuherba.com\/?page_id=1092"},"modified":"2024-03-21T18:05:30","modified_gmt":"2024-03-21T21:05:30","slug":"sabonete-liquido-para-as-maos-soft-green-cha-verde-250ml","status":"publish","type":"page","link":"https:\/\/meuherba.com\/index.php\/sabonete-liquido-para-as-maos-soft-green-cha-verde-250ml\/","title":{"rendered":"Sabonete L\u00edquido para as m\u00e3os Soft Green Ch\u00e1 verde 250ml"},"content":{"rendered":"\t\t<div data-elementor-type=\"wp-page\" data-elementor-id=\"1092\" class=\"elementor elementor-1092\" data-elementor-post-type=\"page\">\n\t\t\t\t<div class=\"elementor-element elementor-element-0ec523b e-flex e-con-boxed e-con e-parent\" data-id=\"0ec523b\" data-element_type=\"container\" data-settings=\"{&quot;content_width&quot;:&quot;boxed&quot;}\" data-core-v316-plus=\"true\">\n\t\t\t\t\t<div class=\"e-con-inner\">\n\t\t<div class=\"elementor-element elementor-element-cf567c9 e-con-full e-flex e-con e-child\" data-id=\"cf567c9\" data-element_type=\"container\" data-settings=\"{&quot;content_width&quot;:&quot;full&quot;}\">\n\t\t\t\t<div class=\"elementor-element elementor-element-14feb5a elementor-widget elementor-widget-image\" data-id=\"14feb5a\" data-element_type=\"widget\" data-widget_type=\"image.default\">\n\t\t\t\t<div class=\"elementor-widget-container\">\n\t\t\t<style>\/*! elementor - v3.19.0 - 28-02-2024 *\/\n.elementor-widget-image{text-align:center}.elementor-widget-image a{display:inline-block}.elementor-widget-image a img[src$=\".svg\"]{width:48px}.elementor-widget-image img{vertical-align:middle;display:inline-block}<\/style>\t\t\t\t\t\t\t\t\t\t<img fetchpriority=\"high\" decoding=\"async\" width=\"303\" height=\"320\" src=\"https:\/\/meuherba.com\/wp-content\/uploads\/2024\/03\/i-9236-sabonete-.webp\" class=\"attachment-large size-large wp-image-570\" alt=\"\" srcset=\"https:\/\/meuherba.com\/wp-content\/uploads\/2024\/03\/i-9236-sabonete-.webp 303w, https:\/\/meuherba.com\/wp-content\/uploads\/2024\/03\/i-9236-sabonete--284x300.webp 284w, https:\/\/meuherba.com\/wp-content\/uploads\/2024\/03\/i-9236-sabonete--64x68.webp 64w\" sizes=\"(max-width: 303px) 100vw, 303px\" \/>\t\t\t\t\t\t\t\t\t\t\t\t\t<\/div>\n\t\t\t\t<\/div>\n\t\t\t\t<\/div>\n\t\t<div class=\"elementor-element elementor-element-9254b09 e-con-full e-flex e-con e-child\" data-id=\"9254b09\" data-element_type=\"container\" data-settings=\"{&quot;content_width&quot;:&quot;full&quot;}\">\n\t\t\t\t<div class=\"elementor-element elementor-element-b90a1c7 elementor-widget elementor-widget-heading\" data-id=\"b90a1c7\" data-element_type=\"widget\" data-widget_type=\"heading.default\">\n\t\t\t\t<div class=\"elementor-widget-container\">\n\t\t\t<style>\/*! elementor - v3.19.0 - 28-02-2024 *\/\n.elementor-heading-title{padding:0;margin:0;line-height:1}.elementor-widget-heading .elementor-heading-title[class*=elementor-size-]>a{color:inherit;font-size:inherit;line-height:inherit}.elementor-widget-heading .elementor-heading-title.elementor-size-small{font-size:15px}.elementor-widget-heading .elementor-heading-title.elementor-size-medium{font-size:19px}.elementor-widget-heading .elementor-heading-title.elementor-size-large{font-size:29px}.elementor-widget-heading .elementor-heading-title.elementor-size-xl{font-size:39px}.elementor-widget-heading .elementor-heading-title.elementor-size-xxl{font-size:59px}<\/style><h2 class=\"elementor-heading-title elementor-size-default\">Sabonete L\u00edquido para as m\u00e3os Soft Green Ch\u00e1 verde 250ml\n<\/h2>\t\t<\/div>\n\t\t\t\t<\/div>\n\t\t\t\t<div class=\"elementor-element elementor-element-cfc16fc elementor-align-left elementor-mobile-align-center elementor-widget elementor-widget-button\" data-id=\"cfc16fc\" data-element_type=\"widget\" data-widget_type=\"button.default\">\n\t\t\t\t<div class=\"elementor-widget-container\">\n\t\t\t\t\t<div class=\"elementor-button-wrapper\">\n\t\t\t<a class=\"elementor-button elementor-button-link elementor-size-sm\" href=\"https:\/\/api.whatsapp.com\/send?phone=5511971829371&#038;text=Ol%C3%A1,%20gostaria%20de%20adquirir%20Sabonete%20L%C3%ADquido%20para%20as%20m%C3%A3os%20Soft%20Green%20Ch%C3%A1%20verde\">\n\t\t\t\t\t\t<span class=\"elementor-button-content-wrapper\">\n\t\t\t\t\t\t<span class=\"elementor-button-text\">Quero adiquirir<\/span>\n\t\t<\/span>\n\t\t\t\t\t<\/a>\n\t\t<\/div>\n\t\t\t\t<\/div>\n\t\t\t\t<\/div>\n\t\t\t\t<\/div>\n\t\t\t\t\t<\/div>\n\t\t\t\t<\/div>\n\t\t<div class=\"elementor-element elementor-element-2b26fc4 e-flex e-con-boxed e-con e-parent\" data-id=\"2b26fc4\" data-element_type=\"container\" data-settings=\"{&quot;background_background&quot;:&quot;classic&quot;,&quot;content_width&quot;:&quot;boxed&quot;}\" data-core-v316-plus=\"true\">\n\t\t\t\t\t<div class=\"e-con-inner\">\n\t\t\t\t\t<\/div>\n\t\t\t\t<\/div>\n\t\t<div class=\"elementor-element elementor-element-6538c1b e-flex e-con-boxed e-con e-parent\" data-id=\"6538c1b\" data-element_type=\"container\" data-settings=\"{&quot;content_width&quot;:&quot;boxed&quot;}\" data-core-v316-plus=\"true\">\n\t\t\t\t\t<div class=\"e-con-inner\">\n\t\t<div class=\"elementor-element elementor-element-bfe30a9 e-con-full e-flex e-con e-child\" data-id=\"bfe30a9\" data-element_type=\"container\" data-settings=\"{&quot;content_width&quot;:&quot;full&quot;}\">\n\t\t\t\t<div class=\"elementor-element elementor-element-c59dcc3 elementor-widget elementor-widget-heading\" data-id=\"c59dcc3\" data-element_type=\"widget\" data-widget_type=\"heading.default\">\n\t\t\t\t<div class=\"elementor-widget-container\">\n\t\t\t<h2 class=\"elementor-heading-title elementor-size-default\">LINHA SOFT GREEN | CUIDA DE VOC\u00ca DIARIAMENTE!<\/h2>\t\t<\/div>\n\t\t\t\t<\/div>\n\t\t\t\t<div class=\"elementor-element elementor-element-ba00e38 elementor-widget elementor-widget-text-editor\" data-id=\"ba00e38\" data-element_type=\"widget\" data-widget_type=\"text-editor.default\">\n\t\t\t\t<div class=\"elementor-widget-container\">\n\t\t\t<style>\/*! elementor - v3.19.0 - 28-02-2024 *\/\n.elementor-widget-text-editor.elementor-drop-cap-view-stacked .elementor-drop-cap{background-color:#69727d;color:#fff}.elementor-widget-text-editor.elementor-drop-cap-view-framed .elementor-drop-cap{color:#69727d;border:3px solid;background-color:transparent}.elementor-widget-text-editor:not(.elementor-drop-cap-view-default) .elementor-drop-cap{margin-top:8px}.elementor-widget-text-editor:not(.elementor-drop-cap-view-default) .elementor-drop-cap-letter{width:1em;height:1em}.elementor-widget-text-editor .elementor-drop-cap{float:left;text-align:center;line-height:1;font-size:50px}.elementor-widget-text-editor .elementor-drop-cap-letter{display:inline-block}<\/style>\t\t\t\t<p>F\u00f3rmula elaborada com ch\u00e1 verde que limpa suavemente a pele sem remover sua prote\u00e7\u00e3o natural.<\/p><p>Dermatologicamente testado e aprovado, possui pH fisiol\u00f3gico para reduzir o risco de incompatibilidades.<\/p><p>Limpa, perfuma e deixa a pele com toque macio.<\/p>\t\t\t\t\t\t<\/div>\n\t\t\t\t<\/div>\n\t\t\t\t<\/div>\n\t\t<div class=\"elementor-element elementor-element-98af29c e-con-full e-flex e-con e-child\" data-id=\"98af29c\" data-element_type=\"container\" data-settings=\"{&quot;content_width&quot;:&quot;full&quot;}\">\n\t\t\t\t<div class=\"elementor-element elementor-element-17a3906 elementor-widget elementor-widget-heading\" data-id=\"17a3906\" data-element_type=\"widget\" data-widget_type=\"heading.default\">\n\t\t\t\t<div class=\"elementor-widget-container\">\n\t\t\t<h2 class=\"elementor-heading-title elementor-size-default\">\nVOC\u00ca SABIA?\n<\/h2>\t\t<\/div>\n\t\t\t\t<\/div>\n\t\t\t\t<div class=\"elementor-element elementor-element-0597b71 elementor-widget elementor-widget-text-editor\" data-id=\"0597b71\" data-element_type=\"widget\" data-widget_type=\"text-editor.default\">\n\t\t\t\t<div class=\"elementor-widget-container\">\n\t\t\t\t\t\t\t<p>\u00a0<\/p><div>Sabonete l\u00edquido para as m\u00e3os limpa sem agredir a pele com o equil\u00edbrio e o frescor do ch\u00e1 verde.<br \/><br \/>Limpa e protege as m\u00e3os | Toque macio | Todos os tipos de pele | Uso di\u00e1rio (ou sempre que necess\u00e1rio).<\/div><div>\u00a0<\/div><div>1. Aplique nas m\u00e3os molhadas, massageando-as suavemente |\u00a02. Enx\u00e1gue em seguida |\u00a03. \u00c9 recomend\u00e1vel utilizar o Creme Hidratante para as m\u00e3os Soft Green em seguida.<\/div>\t\t\t\t\t\t<\/div>\n\t\t\t\t<\/div>\n\t\t\t\t<\/div>\n\t\t\t\t\t<\/div>\n\t\t\t\t<\/div>\n\t\t<div class=\"elementor-element elementor-element-69eb390 e-flex e-con-boxed e-con e-parent\" data-id=\"69eb390\" data-element_type=\"container\" data-settings=\"{&quot;background_background&quot;:&quot;classic&quot;,&quot;content_width&quot;:&quot;boxed&quot;}\" data-core-v316-plus=\"true\">\n\t\t\t\t\t<div class=\"e-con-inner\">\n\t\t<div class=\"elementor-element elementor-element-ca332c9 e-con-full e-flex e-con e-child\" data-id=\"ca332c9\" data-element_type=\"container\" data-settings=\"{&quot;content_width&quot;:&quot;full&quot;}\">\n\t\t\t\t<div class=\"elementor-element elementor-element-b9e91c3 elementor-widget elementor-widget-image\" data-id=\"b9e91c3\" data-element_type=\"widget\" data-widget_type=\"image.default\">\n\t\t\t\t<div class=\"elementor-widget-container\">\n\t\t\t\t\t\t\t\t\t\t\t\t\t<img decoding=\"async\" width=\"690\" height=\"510\" src=\"https:\/\/meuherba.com\/wp-content\/uploads\/2024\/03\/18-7775c-sabonete-liquido-pa.png\" class=\"attachment-large size-large wp-image-1094\" alt=\"\" srcset=\"https:\/\/meuherba.com\/wp-content\/uploads\/2024\/03\/18-7775c-sabonete-liquido-pa.png 690w, https:\/\/meuherba.com\/wp-content\/uploads\/2024\/03\/18-7775c-sabonete-liquido-pa-300x222.png 300w\" sizes=\"(max-width: 690px) 100vw, 690px\" \/>\t\t\t\t\t\t\t\t\t\t\t\t\t<\/div>\n\t\t\t\t<\/div>\n\t\t\t\t<\/div>\n\t\t<div class=\"elementor-element elementor-element-6de6fc3 e-con-full e-flex e-con e-child\" data-id=\"6de6fc3\" data-element_type=\"container\" data-settings=\"{&quot;content_width&quot;:&quot;full&quot;}\">\n\t\t\t\t<div class=\"elementor-element elementor-element-1cd1fd9 elementor-widget elementor-widget-image\" data-id=\"1cd1fd9\" data-element_type=\"widget\" data-widget_type=\"image.default\">\n\t\t\t\t<div class=\"elementor-widget-container\">\n\t\t\t\t\t\t\t\t\t\t\t\t\t<img decoding=\"async\" width=\"530\" height=\"300\" src=\"https:\/\/meuherba.com\/wp-content\/uploads\/2024\/03\/18-2866b-sabonete-liquido-pa.png\" class=\"attachment-large size-large wp-image-1095\" alt=\"\" srcset=\"https:\/\/meuherba.com\/wp-content\/uploads\/2024\/03\/18-2866b-sabonete-liquido-pa.png 530w, https:\/\/meuherba.com\/wp-content\/uploads\/2024\/03\/18-2866b-sabonete-liquido-pa-300x170.png 300w\" sizes=\"(max-width: 530px) 100vw, 530px\" \/>\t\t\t\t\t\t\t\t\t\t\t\t\t<\/div>\n\t\t\t\t<\/div>\n\t\t\t\t<\/div>\n\t\t\t\t\t<\/div>\n\t\t\t\t<\/div>\n\t\t\t\t<\/div>\n\t\t","protected":false},"excerpt":{"rendered":"<p>Sabonete L\u00edquido para as m\u00e3os Soft Green Ch\u00e1 verde 250ml Quero adiquirir LINHA SOFT GREEN | CUIDA DE VOC\u00ca DIARIAMENTE! F\u00f3rmula elaborada com ch\u00e1 verde que limpa suavemente a pele sem remover sua prote\u00e7\u00e3o natural. Dermatologicamente testado e aprovado, possui pH fisiol\u00f3gico para reduzir o risco de incompatibilidades. Limpa, perfuma e deixa a pele com [&hellip;]<\/p>\n","protected":false},"author":1,"featured_media":0,"parent":0,"menu_order":0,"comment_status":"closed","ping_status":"closed","template":"elementor_header_footer","meta":{"footnotes":""},"_links":{"self":[{"href":"https:\/\/meuherba.com\/index.php\/wp-json\/wp\/v2\/pages\/1092"}],"collection":[{"href":"https:\/\/meuherba.com\/index.php\/wp-json\/wp\/v2\/pages"}],"about":[{"href":"https:\/\/meuherba.com\/index.php\/wp-json\/wp\/v2\/types\/page"}],"author":[{"embeddable":true,"href":"https:\/\/meuherba.com\/index.php\/wp-json\/wp\/v2\/users\/1"}],"replies":[{"embeddable":true,"href":"https:\/\/meuherba.com\/index.php\/wp-json\/wp\/v2\/comments?post=1092"}],"version-history":[{"count":16,"href":"https:\/\/meuherba.com\/index.php\/wp-json\/wp\/v2\/pages\/1092\/revisions"}],"predecessor-version":[{"id":2164,"href":"https:\/\/meuherba.com\/index.php\/wp-json\/wp\/v2\/pages\/1092\/revisions\/2164"}],"wp:attachment":[{"href":"https:\/\/meuherba.com\/index.php\/wp-json\/wp\/v2\/media?parent=1092"}],"curies":[{"name":"wp","href":"https:\/\/api.w.org\/{rel}","templated":true}]}}