{"id":1070,"date":"2024-03-14T08:40:56","date_gmt":"2024-03-14T11:40:56","guid":{"rendered":"https:\/\/meuherba.com\/?page_id=1070"},"modified":"2024-03-21T18:04:00","modified_gmt":"2024-03-21T21:04:00","slug":"sabonete-em-barra-soft-green-cha-verde-90g","status":"publish","type":"page","link":"https:\/\/meuherba.com\/index.php\/sabonete-em-barra-soft-green-cha-verde-90g\/","title":{"rendered":"Sabonete em Barra Soft Green Ch\u00e1 verde 90g"},"content":{"rendered":"\t\t<div data-elementor-type=\"wp-page\" data-elementor-id=\"1070\" class=\"elementor elementor-1070\" data-elementor-post-type=\"page\">\n\t\t\t\t<div class=\"elementor-element elementor-element-419e3d7 e-flex e-con-boxed e-con e-parent\" data-id=\"419e3d7\" data-element_type=\"container\" data-settings=\"{&quot;content_width&quot;:&quot;boxed&quot;}\" data-core-v316-plus=\"true\">\n\t\t\t\t\t<div class=\"e-con-inner\">\n\t\t<div class=\"elementor-element elementor-element-d239b27 e-con-full e-flex e-con e-child\" data-id=\"d239b27\" data-element_type=\"container\" data-settings=\"{&quot;content_width&quot;:&quot;full&quot;}\">\n\t\t\t\t<div class=\"elementor-element elementor-element-bd5cb85 elementor-widget elementor-widget-image\" data-id=\"bd5cb85\" data-element_type=\"widget\" data-widget_type=\"image.default\">\n\t\t\t\t<div class=\"elementor-widget-container\">\n\t\t\t<style>\/*! elementor - v3.19.0 - 28-02-2024 *\/\n.elementor-widget-image{text-align:center}.elementor-widget-image a{display:inline-block}.elementor-widget-image a img[src$=\".svg\"]{width:48px}.elementor-widget-image img{vertical-align:middle;display:inline-block}<\/style>\t\t\t\t\t\t\t\t\t\t<img fetchpriority=\"high\" decoding=\"async\" width=\"303\" height=\"320\" src=\"https:\/\/meuherba.com\/wp-content\/uploads\/2024\/03\/k-1527-sabonete-.webp\" class=\"attachment-large size-large wp-image-568\" alt=\"\" srcset=\"https:\/\/meuherba.com\/wp-content\/uploads\/2024\/03\/k-1527-sabonete-.webp 303w, https:\/\/meuherba.com\/wp-content\/uploads\/2024\/03\/k-1527-sabonete--284x300.webp 284w, https:\/\/meuherba.com\/wp-content\/uploads\/2024\/03\/k-1527-sabonete--64x68.webp 64w\" sizes=\"(max-width: 303px) 100vw, 303px\" \/>\t\t\t\t\t\t\t\t\t\t\t\t\t<\/div>\n\t\t\t\t<\/div>\n\t\t\t\t<\/div>\n\t\t<div class=\"elementor-element elementor-element-301334b e-con-full e-flex e-con e-child\" data-id=\"301334b\" data-element_type=\"container\" data-settings=\"{&quot;content_width&quot;:&quot;full&quot;}\">\n\t\t\t\t<div class=\"elementor-element elementor-element-2312095 elementor-widget elementor-widget-heading\" data-id=\"2312095\" data-element_type=\"widget\" data-widget_type=\"heading.default\">\n\t\t\t\t<div class=\"elementor-widget-container\">\n\t\t\t<style>\/*! elementor - v3.19.0 - 28-02-2024 *\/\n.elementor-heading-title{padding:0;margin:0;line-height:1}.elementor-widget-heading .elementor-heading-title[class*=elementor-size-]>a{color:inherit;font-size:inherit;line-height:inherit}.elementor-widget-heading .elementor-heading-title.elementor-size-small{font-size:15px}.elementor-widget-heading .elementor-heading-title.elementor-size-medium{font-size:19px}.elementor-widget-heading .elementor-heading-title.elementor-size-large{font-size:29px}.elementor-widget-heading .elementor-heading-title.elementor-size-xl{font-size:39px}.elementor-widget-heading .elementor-heading-title.elementor-size-xxl{font-size:59px}<\/style><h2 class=\"elementor-heading-title elementor-size-default\">Sabonete em Barra Soft Green Ch\u00e1 verde 90g<\/h2>\t\t<\/div>\n\t\t\t\t<\/div>\n\t\t\t\t<div class=\"elementor-element elementor-element-1e8e253 elementor-widget elementor-widget-text-editor\" data-id=\"1e8e253\" data-element_type=\"widget\" data-widget_type=\"text-editor.default\">\n\t\t\t\t<div class=\"elementor-widget-container\">\n\t\t\t<style>\/*! elementor - v3.19.0 - 28-02-2024 *\/\n.elementor-widget-text-editor.elementor-drop-cap-view-stacked .elementor-drop-cap{background-color:#69727d;color:#fff}.elementor-widget-text-editor.elementor-drop-cap-view-framed .elementor-drop-cap{color:#69727d;border:3px solid;background-color:transparent}.elementor-widget-text-editor:not(.elementor-drop-cap-view-default) .elementor-drop-cap{margin-top:8px}.elementor-widget-text-editor:not(.elementor-drop-cap-view-default) .elementor-drop-cap-letter{width:1em;height:1em}.elementor-widget-text-editor .elementor-drop-cap{float:left;text-align:center;line-height:1;font-size:50px}.elementor-widget-text-editor .elementor-drop-cap-letter{display:inline-block}<\/style>\t\t\t\t<p>Obs: caso seu sabor n\u00e3o seja esse, fale agora mesmo qual sabor voc\u00ea deseja clicando no bot\u00e3o abaixo\u00a0<\/p>\t\t\t\t\t\t<\/div>\n\t\t\t\t<\/div>\n\t\t\t\t<div class=\"elementor-element elementor-element-fadc65d elementor-align-left elementor-mobile-align-center elementor-widget elementor-widget-button\" data-id=\"fadc65d\" data-element_type=\"widget\" data-widget_type=\"button.default\">\n\t\t\t\t<div class=\"elementor-widget-container\">\n\t\t\t\t\t<div class=\"elementor-button-wrapper\">\n\t\t\t<a class=\"elementor-button elementor-button-link elementor-size-sm\" href=\"http:\/\/Ol\u00e1,%20gostaria%20de%20adquirir%20Sabonete%20em%20Barra%20Soft\">\n\t\t\t\t\t\t<span class=\"elementor-button-content-wrapper\">\n\t\t\t\t\t\t<span class=\"elementor-button-text\">Quero adiquirir<\/span>\n\t\t<\/span>\n\t\t\t\t\t<\/a>\n\t\t<\/div>\n\t\t\t\t<\/div>\n\t\t\t\t<\/div>\n\t\t\t\t<\/div>\n\t\t\t\t\t<\/div>\n\t\t\t\t<\/div>\n\t\t<div class=\"elementor-element elementor-element-e7d65e0 e-flex e-con-boxed e-con e-parent\" data-id=\"e7d65e0\" data-element_type=\"container\" data-settings=\"{&quot;background_background&quot;:&quot;classic&quot;,&quot;content_width&quot;:&quot;boxed&quot;}\" data-core-v316-plus=\"true\">\n\t\t\t\t\t<div class=\"e-con-inner\">\n\t\t\t\t\t<\/div>\n\t\t\t\t<\/div>\n\t\t<div class=\"elementor-element elementor-element-40b6743 e-flex e-con-boxed e-con e-parent\" data-id=\"40b6743\" data-element_type=\"container\" data-settings=\"{&quot;content_width&quot;:&quot;boxed&quot;}\" data-core-v316-plus=\"true\">\n\t\t\t\t\t<div class=\"e-con-inner\">\n\t\t<div class=\"elementor-element elementor-element-0c3453e e-con-full e-flex e-con e-child\" data-id=\"0c3453e\" data-element_type=\"container\" data-settings=\"{&quot;content_width&quot;:&quot;full&quot;}\">\n\t\t\t\t<div class=\"elementor-element elementor-element-342d70f elementor-widget elementor-widget-heading\" data-id=\"342d70f\" data-element_type=\"widget\" data-widget_type=\"heading.default\">\n\t\t\t\t<div class=\"elementor-widget-container\">\n\t\t\t<h2 class=\"elementor-heading-title elementor-size-default\">LINHA SOFT GREEN | CUIDA DE VOC\u00ca DIARIAMENTE!\n<\/h2>\t\t<\/div>\n\t\t\t\t<\/div>\n\t\t\t\t<div class=\"elementor-element elementor-element-07a49a7 elementor-widget elementor-widget-text-editor\" data-id=\"07a49a7\" data-element_type=\"widget\" data-widget_type=\"text-editor.default\">\n\t\t\t\t<div class=\"elementor-widget-container\">\n\t\t\t\t\t\t\t<p>F\u00f3rmula elaborada com ch\u00e1 verde, com textura leve e n\u00e3o oleosa, limpa suavemente sem ressecar a pele.<\/p><p>Produz uma espuma cremosa que proporciona frescor e suavidade a pele, produzido sem gordura animal.<\/p><p>Dermatologicamente testado, pele levemente perfumada, design pr\u00e1tico e bonito.<\/p>\t\t\t\t\t\t<\/div>\n\t\t\t\t<\/div>\n\t\t\t\t<\/div>\n\t\t<div class=\"elementor-element elementor-element-576f26c e-con-full e-flex e-con e-child\" data-id=\"576f26c\" data-element_type=\"container\" data-settings=\"{&quot;content_width&quot;:&quot;full&quot;}\">\n\t\t\t\t<div class=\"elementor-element elementor-element-f8f4b15 elementor-widget elementor-widget-heading\" data-id=\"f8f4b15\" data-element_type=\"widget\" data-widget_type=\"heading.default\">\n\t\t\t\t<div class=\"elementor-widget-container\">\n\t\t\t<h2 class=\"elementor-heading-title elementor-size-default\">SUGEST\u00c3O DE USO\n<\/h2>\t\t<\/div>\n\t\t\t\t<\/div>\n\t\t\t\t<div class=\"elementor-element elementor-element-c864bcc elementor-widget elementor-widget-text-editor\" data-id=\"c864bcc\" data-element_type=\"widget\" data-widget_type=\"text-editor.default\">\n\t\t\t\t<div class=\"elementor-widget-container\">\n\t\t\t\t\t\t\t<div>Massageie o produto sobre o corpo ap\u00f3s o banho ou sempre que necess\u00e1rio.<\/div><div>\u00a0<\/div><div>1. Espalhe sobre a pele molhada com movimentos suaves at\u00e9 obter espuma.<\/div><div>2. Enx\u00e1gue em seguida.<\/div><div>3. Para o corpo \u00e9 recomend\u00e1vel utilizar \u00f3leo de banho, gel ou creme hidratante Soft Green em seguida.<\/div><div>4. Para as m\u00e3os, recomenda-se usar em seguida o creme hidratante para m\u00e3os Soft Green.<\/div>\t\t\t\t\t\t<\/div>\n\t\t\t\t<\/div>\n\t\t\t\t<\/div>\n\t\t\t\t\t<\/div>\n\t\t\t\t<\/div>\n\t\t<div class=\"elementor-element elementor-element-5bf05d6 e-flex e-con-boxed e-con e-parent\" data-id=\"5bf05d6\" data-element_type=\"container\" data-settings=\"{&quot;background_background&quot;:&quot;classic&quot;,&quot;content_width&quot;:&quot;boxed&quot;}\" data-core-v316-plus=\"true\">\n\t\t\t\t\t<div class=\"e-con-inner\">\n\t\t<div class=\"elementor-element elementor-element-28d38ea e-con-full e-flex e-con e-child\" data-id=\"28d38ea\" data-element_type=\"container\" data-settings=\"{&quot;content_width&quot;:&quot;full&quot;}\">\n\t\t\t\t<div class=\"elementor-element elementor-element-3a10b69 elementor-widget elementor-widget-image\" data-id=\"3a10b69\" data-element_type=\"widget\" data-widget_type=\"image.default\">\n\t\t\t\t<div class=\"elementor-widget-container\">\n\t\t\t\t\t\t\t\t\t\t\t\t\t<img decoding=\"async\" width=\"690\" height=\"510\" src=\"https:\/\/meuherba.com\/wp-content\/uploads\/2024\/03\/20-5236c-sabonete-em-barra-s.png\" class=\"attachment-large size-large wp-image-1078\" alt=\"\" srcset=\"https:\/\/meuherba.com\/wp-content\/uploads\/2024\/03\/20-5236c-sabonete-em-barra-s.png 690w, https:\/\/meuherba.com\/wp-content\/uploads\/2024\/03\/20-5236c-sabonete-em-barra-s-300x222.png 300w\" sizes=\"(max-width: 690px) 100vw, 690px\" \/>\t\t\t\t\t\t\t\t\t\t\t\t\t<\/div>\n\t\t\t\t<\/div>\n\t\t\t\t<\/div>\n\t\t<div class=\"elementor-element elementor-element-d2e2218 e-con-full e-flex e-con e-child\" data-id=\"d2e2218\" data-element_type=\"container\" data-settings=\"{&quot;content_width&quot;:&quot;full&quot;}\">\n\t\t\t\t<div class=\"elementor-element elementor-element-ae03fc8 elementor-widget elementor-widget-image\" data-id=\"ae03fc8\" data-element_type=\"widget\" data-widget_type=\"image.default\">\n\t\t\t\t<div class=\"elementor-widget-container\">\n\t\t\t\t\t\t\t\t\t\t\t\t\t<img decoding=\"async\" width=\"530\" height=\"300\" src=\"https:\/\/meuherba.com\/wp-content\/uploads\/2024\/03\/20-9548b-sabonete-em-barra-s.png\" class=\"attachment-large size-large wp-image-1079\" alt=\"\" srcset=\"https:\/\/meuherba.com\/wp-content\/uploads\/2024\/03\/20-9548b-sabonete-em-barra-s.png 530w, https:\/\/meuherba.com\/wp-content\/uploads\/2024\/03\/20-9548b-sabonete-em-barra-s-300x170.png 300w\" sizes=\"(max-width: 530px) 100vw, 530px\" \/>\t\t\t\t\t\t\t\t\t\t\t\t\t<\/div>\n\t\t\t\t<\/div>\n\t\t\t\t<\/div>\n\t\t\t\t\t<\/div>\n\t\t\t\t<\/div>\n\t\t\t\t<\/div>\n\t\t","protected":false},"excerpt":{"rendered":"<p>Sabonete em Barra Soft Green Ch\u00e1 verde 90g Obs: caso seu sabor n\u00e3o seja esse, fale agora mesmo qual sabor voc\u00ea deseja clicando no bot\u00e3o abaixo\u00a0 Quero adiquirir LINHA SOFT GREEN | CUIDA DE VOC\u00ca DIARIAMENTE! F\u00f3rmula elaborada com ch\u00e1 verde, com textura leve e n\u00e3o oleosa, limpa suavemente sem ressecar a pele. Produz uma [&hellip;]<\/p>\n","protected":false},"author":1,"featured_media":0,"parent":0,"menu_order":0,"comment_status":"closed","ping_status":"closed","template":"elementor_header_footer","meta":{"footnotes":""},"_links":{"self":[{"href":"https:\/\/meuherba.com\/index.php\/wp-json\/wp\/v2\/pages\/1070"}],"collection":[{"href":"https:\/\/meuherba.com\/index.php\/wp-json\/wp\/v2\/pages"}],"about":[{"href":"https:\/\/meuherba.com\/index.php\/wp-json\/wp\/v2\/types\/page"}],"author":[{"embeddable":true,"href":"https:\/\/meuherba.com\/index.php\/wp-json\/wp\/v2\/users\/1"}],"replies":[{"embeddable":true,"href":"https:\/\/meuherba.com\/index.php\/wp-json\/wp\/v2\/comments?post=1070"}],"version-history":[{"count":25,"href":"https:\/\/meuherba.com\/index.php\/wp-json\/wp\/v2\/pages\/1070\/revisions"}],"predecessor-version":[{"id":2161,"href":"https:\/\/meuherba.com\/index.php\/wp-json\/wp\/v2\/pages\/1070\/revisions\/2161"}],"wp:attachment":[{"href":"https:\/\/meuherba.com\/index.php\/wp-json\/wp\/v2\/media?parent=1070"}],"curies":[{"name":"wp","href":"https:\/\/api.w.org\/{rel}","templated":true}]}}