{"id":1028,"date":"2024-03-14T08:20:42","date_gmt":"2024-03-14T11:20:42","guid":{"rendered":"https:\/\/meuherba.com\/?page_id=1028"},"modified":"2024-03-21T18:00:53","modified_gmt":"2024-03-21T21:00:53","slug":"herbal-aloe-condicionador-250ml","status":"publish","type":"page","link":"https:\/\/meuherba.com\/index.php\/herbal-aloe-condicionador-250ml\/","title":{"rendered":"Herbal Aloe Condicionador 250ml"},"content":{"rendered":"\t\t<div data-elementor-type=\"wp-page\" data-elementor-id=\"1028\" class=\"elementor elementor-1028\" data-elementor-post-type=\"page\">\n\t\t\t\t<div class=\"elementor-element elementor-element-d29baa4 e-flex e-con-boxed e-con e-parent\" data-id=\"d29baa4\" data-element_type=\"container\" data-settings=\"{&quot;content_width&quot;:&quot;boxed&quot;}\" data-core-v316-plus=\"true\">\n\t\t\t\t\t<div class=\"e-con-inner\">\n\t\t<div class=\"elementor-element elementor-element-f697a5a e-con-full e-flex e-con e-child\" data-id=\"f697a5a\" data-element_type=\"container\" data-settings=\"{&quot;content_width&quot;:&quot;full&quot;}\">\n\t\t\t\t<div class=\"elementor-element elementor-element-f204cfa elementor-widget elementor-widget-image\" data-id=\"f204cfa\" data-element_type=\"widget\" data-widget_type=\"image.default\">\n\t\t\t\t<div class=\"elementor-widget-container\">\n\t\t\t<style>\/*! elementor - v3.19.0 - 28-02-2024 *\/\n.elementor-widget-image{text-align:center}.elementor-widget-image a{display:inline-block}.elementor-widget-image a img[src$=\".svg\"]{width:48px}.elementor-widget-image img{vertical-align:middle;display:inline-block}<\/style>\t\t\t\t\t\t\t\t\t\t<img fetchpriority=\"high\" decoding=\"async\" width=\"303\" height=\"320\" src=\"https:\/\/meuherba.com\/wp-content\/uploads\/2024\/03\/20-6104-condicio.webp\" class=\"attachment-large size-large wp-image-565\" alt=\"\" srcset=\"https:\/\/meuherba.com\/wp-content\/uploads\/2024\/03\/20-6104-condicio.webp 303w, https:\/\/meuherba.com\/wp-content\/uploads\/2024\/03\/20-6104-condicio-284x300.webp 284w, https:\/\/meuherba.com\/wp-content\/uploads\/2024\/03\/20-6104-condicio-64x68.webp 64w\" sizes=\"(max-width: 303px) 100vw, 303px\" \/>\t\t\t\t\t\t\t\t\t\t\t\t\t<\/div>\n\t\t\t\t<\/div>\n\t\t\t\t<\/div>\n\t\t<div class=\"elementor-element elementor-element-6ab626d e-con-full e-flex e-con e-child\" data-id=\"6ab626d\" data-element_type=\"container\" data-settings=\"{&quot;content_width&quot;:&quot;full&quot;}\">\n\t\t\t\t<div class=\"elementor-element elementor-element-711031d elementor-widget elementor-widget-heading\" data-id=\"711031d\" data-element_type=\"widget\" data-widget_type=\"heading.default\">\n\t\t\t\t<div class=\"elementor-widget-container\">\n\t\t\t<style>\/*! elementor - v3.19.0 - 28-02-2024 *\/\n.elementor-heading-title{padding:0;margin:0;line-height:1}.elementor-widget-heading .elementor-heading-title[class*=elementor-size-]>a{color:inherit;font-size:inherit;line-height:inherit}.elementor-widget-heading .elementor-heading-title.elementor-size-small{font-size:15px}.elementor-widget-heading .elementor-heading-title.elementor-size-medium{font-size:19px}.elementor-widget-heading .elementor-heading-title.elementor-size-large{font-size:29px}.elementor-widget-heading .elementor-heading-title.elementor-size-xl{font-size:39px}.elementor-widget-heading .elementor-heading-title.elementor-size-xxl{font-size:59px}<\/style><h2 class=\"elementor-heading-title elementor-size-default\">Herbal Aloe Condicionador 250ml\n<\/h2>\t\t<\/div>\n\t\t\t\t<\/div>\n\t\t\t\t<div class=\"elementor-element elementor-element-49b0f6a elementor-align-left elementor-mobile-align-center elementor-widget elementor-widget-button\" data-id=\"49b0f6a\" data-element_type=\"widget\" data-widget_type=\"button.default\">\n\t\t\t\t<div class=\"elementor-widget-container\">\n\t\t\t\t\t<div class=\"elementor-button-wrapper\">\n\t\t\t<a class=\"elementor-button elementor-button-link elementor-size-sm\" href=\"https:\/\/api.whatsapp.com\/send?phone=5511971829371&#038;text=Ol%C3%A1,%20gostaria%20de%20adquirir%20Herbal%20Aloe%20Condicionador%20250ml\">\n\t\t\t\t\t\t<span class=\"elementor-button-content-wrapper\">\n\t\t\t\t\t\t<span class=\"elementor-button-text\">Quero adiquirir<\/span>\n\t\t<\/span>\n\t\t\t\t\t<\/a>\n\t\t<\/div>\n\t\t\t\t<\/div>\n\t\t\t\t<\/div>\n\t\t\t\t<\/div>\n\t\t\t\t\t<\/div>\n\t\t\t\t<\/div>\n\t\t<div class=\"elementor-element elementor-element-4cfd6ce e-flex e-con-boxed e-con e-parent\" data-id=\"4cfd6ce\" data-element_type=\"container\" data-settings=\"{&quot;background_background&quot;:&quot;classic&quot;,&quot;content_width&quot;:&quot;boxed&quot;}\" data-core-v316-plus=\"true\">\n\t\t\t\t\t<div class=\"e-con-inner\">\n\t\t\t\t\t<\/div>\n\t\t\t\t<\/div>\n\t\t<div class=\"elementor-element elementor-element-029d6bc e-flex e-con-boxed e-con e-parent\" data-id=\"029d6bc\" data-element_type=\"container\" data-settings=\"{&quot;content_width&quot;:&quot;boxed&quot;}\" data-core-v316-plus=\"true\">\n\t\t\t\t\t<div class=\"e-con-inner\">\n\t\t<div class=\"elementor-element elementor-element-55cad3f e-con-full e-flex e-con e-child\" data-id=\"55cad3f\" data-element_type=\"container\" data-settings=\"{&quot;content_width&quot;:&quot;full&quot;}\">\n\t\t\t\t<div class=\"elementor-element elementor-element-30c3f2c elementor-widget elementor-widget-heading\" data-id=\"30c3f2c\" data-element_type=\"widget\" data-widget_type=\"heading.default\">\n\t\t\t\t<div class=\"elementor-widget-container\">\n\t\t\t<h2 class=\"elementor-heading-title elementor-size-default\">CONDICIONADOR FORTIFICANTE | HERBAL ALOE\n<\/h2>\t\t<\/div>\n\t\t\t\t<\/div>\n\t\t\t\t<div class=\"elementor-element elementor-element-e2b1410 elementor-widget elementor-widget-text-editor\" data-id=\"e2b1410\" data-element_type=\"widget\" data-widget_type=\"text-editor.default\">\n\t\t\t\t<div class=\"elementor-widget-container\">\n\t\t\t<style>\/*! elementor - v3.19.0 - 28-02-2024 *\/\n.elementor-widget-text-editor.elementor-drop-cap-view-stacked .elementor-drop-cap{background-color:#69727d;color:#fff}.elementor-widget-text-editor.elementor-drop-cap-view-framed .elementor-drop-cap{color:#69727d;border:3px solid;background-color:transparent}.elementor-widget-text-editor:not(.elementor-drop-cap-view-default) .elementor-drop-cap{margin-top:8px}.elementor-widget-text-editor:not(.elementor-drop-cap-view-default) .elementor-drop-cap-letter{width:1em;height:1em}.elementor-widget-text-editor .elementor-drop-cap{float:left;text-align:center;line-height:1;font-size:50px}.elementor-widget-text-editor .elementor-drop-cap-letter{display:inline-block}<\/style>\t\t\t\t<p>\u00a0<\/p><p>Condicionador para uso di\u00e1rio com micronutrientes que transformam o cabelo fortalecendo-o e deixando-o mais macio e sedoso ap\u00f3s a primeira aplica\u00e7\u00e3o.<br \/><br \/>Aloe vera fornece umidade e condiciona o cabelo. Cont\u00e9m prote\u00ednas de trigo hidrolisadas que ajudam a proteger, reparar, fortalecer e nutrir os cabelos.<br \/><br \/>Esta f\u00f3rmula ajuda a preservar a cor do cabelo, ajuda a desembara\u00e7ar e pentear cabelo quando molhado.<\/p><p>\u00a0<\/p><p>\u00a0<\/p>\t\t\t\t\t\t<\/div>\n\t\t\t\t<\/div>\n\t\t\t\t<\/div>\n\t\t<div class=\"elementor-element elementor-element-6961717 e-con-full e-flex e-con e-child\" data-id=\"6961717\" data-element_type=\"container\" data-settings=\"{&quot;content_width&quot;:&quot;full&quot;}\">\n\t\t\t\t<div class=\"elementor-element elementor-element-bda6406 elementor-widget elementor-widget-heading\" data-id=\"bda6406\" data-element_type=\"widget\" data-widget_type=\"heading.default\">\n\t\t\t\t<div class=\"elementor-widget-container\">\n\t\t\t<h2 class=\"elementor-heading-title elementor-size-default\">\nVOC\u00ca SABIA?\n<\/h2>\t\t<\/div>\n\t\t\t\t<\/div>\n\t\t\t\t<div class=\"elementor-element elementor-element-90dd588 elementor-widget elementor-widget-text-editor\" data-id=\"90dd588\" data-element_type=\"widget\" data-widget_type=\"text-editor.default\">\n\t\t\t\t<div class=\"elementor-widget-container\">\n\t\t\t\t\t\t\t<div><p>Hidrata\u00e7\u00e3o e movimento aos cabelos, refor\u00e7ando o brilho natural, a\u00a0f\u00f3rmula foi desenvolvida para facilitar o penteado e dar vitalidade aos fios.<\/p><p>Proporciona hidrata\u00e7\u00e3o e movimento aos cabelos, refor\u00e7a o brilho natural, para todos os tipos de cabelo.\u00a0Uso di\u00e1rio (durante o banho).<\/p><\/div><div><br \/>Com ingredientes bot\u00e2nicos\u00a0<strong>|<\/strong>\u00a0Deixa o cabelo 10 vezes mais forte ap\u00f3s o uso \u00fanico e reduz o cabelo quebradi\u00e7o em 90%.*<strong>\u00a0|<\/strong>\u00a0Sem adi\u00e7\u00e3o de sulfatos<\/div>\t\t\t\t\t\t<\/div>\n\t\t\t\t<\/div>\n\t\t\t\t<\/div>\n\t\t\t\t\t<\/div>\n\t\t\t\t<\/div>\n\t\t<div class=\"elementor-element elementor-element-dc0b9ec e-flex e-con-boxed e-con e-parent\" data-id=\"dc0b9ec\" data-element_type=\"container\" data-settings=\"{&quot;background_background&quot;:&quot;classic&quot;,&quot;content_width&quot;:&quot;boxed&quot;}\" data-core-v316-plus=\"true\">\n\t\t\t\t\t<div class=\"e-con-inner\">\n\t\t<div class=\"elementor-element elementor-element-a5de24a e-con-full e-flex e-con e-child\" data-id=\"a5de24a\" data-element_type=\"container\" data-settings=\"{&quot;content_width&quot;:&quot;full&quot;}\">\n\t\t\t\t<div class=\"elementor-element elementor-element-6d30722 elementor-widget elementor-widget-image\" data-id=\"6d30722\" data-element_type=\"widget\" data-widget_type=\"image.default\">\n\t\t\t\t<div class=\"elementor-widget-container\">\n\t\t\t\t\t\t\t\t\t\t\t\t\t<img decoding=\"async\" width=\"690\" height=\"510\" src=\"https:\/\/meuherba.com\/wp-content\/uploads\/2024\/03\/72-5879c-condicionador-hidra.png\" class=\"attachment-large size-large wp-image-1030\" alt=\"\" srcset=\"https:\/\/meuherba.com\/wp-content\/uploads\/2024\/03\/72-5879c-condicionador-hidra.png 690w, https:\/\/meuherba.com\/wp-content\/uploads\/2024\/03\/72-5879c-condicionador-hidra-300x222.png 300w\" sizes=\"(max-width: 690px) 100vw, 690px\" \/>\t\t\t\t\t\t\t\t\t\t\t\t\t<\/div>\n\t\t\t\t<\/div>\n\t\t\t\t<\/div>\n\t\t<div class=\"elementor-element elementor-element-36f47df e-con-full e-flex e-con e-child\" data-id=\"36f47df\" data-element_type=\"container\" data-settings=\"{&quot;content_width&quot;:&quot;full&quot;}\">\n\t\t\t\t<div class=\"elementor-element elementor-element-1cc1988 elementor-widget elementor-widget-image\" data-id=\"1cc1988\" data-element_type=\"widget\" data-widget_type=\"image.default\">\n\t\t\t\t<div class=\"elementor-widget-container\">\n\t\t\t\t\t\t\t\t\t\t\t\t\t<img decoding=\"async\" width=\"530\" height=\"300\" src=\"https:\/\/meuherba.com\/wp-content\/uploads\/2024\/03\/72-8326b-condicionador-hidra.png\" class=\"attachment-large size-large wp-image-1031\" alt=\"\" srcset=\"https:\/\/meuherba.com\/wp-content\/uploads\/2024\/03\/72-8326b-condicionador-hidra.png 530w, https:\/\/meuherba.com\/wp-content\/uploads\/2024\/03\/72-8326b-condicionador-hidra-300x170.png 300w\" sizes=\"(max-width: 530px) 100vw, 530px\" \/>\t\t\t\t\t\t\t\t\t\t\t\t\t<\/div>\n\t\t\t\t<\/div>\n\t\t\t\t<\/div>\n\t\t\t\t\t<\/div>\n\t\t\t\t<\/div>\n\t\t\t\t<\/div>\n\t\t","protected":false},"excerpt":{"rendered":"<p>Herbal Aloe Condicionador 250ml Quero adiquirir CONDICIONADOR FORTIFICANTE | HERBAL ALOE \u00a0 Condicionador para uso di\u00e1rio com micronutrientes que transformam o cabelo fortalecendo-o e deixando-o mais macio e sedoso ap\u00f3s a primeira aplica\u00e7\u00e3o. Aloe vera fornece umidade e condiciona o cabelo. Cont\u00e9m prote\u00ednas de trigo hidrolisadas que ajudam a proteger, reparar, fortalecer e nutrir os [&hellip;]<\/p>\n","protected":false},"author":1,"featured_media":0,"parent":0,"menu_order":0,"comment_status":"closed","ping_status":"closed","template":"elementor_header_footer","meta":{"footnotes":""},"_links":{"self":[{"href":"https:\/\/meuherba.com\/index.php\/wp-json\/wp\/v2\/pages\/1028"}],"collection":[{"href":"https:\/\/meuherba.com\/index.php\/wp-json\/wp\/v2\/pages"}],"about":[{"href":"https:\/\/meuherba.com\/index.php\/wp-json\/wp\/v2\/types\/page"}],"author":[{"embeddable":true,"href":"https:\/\/meuherba.com\/index.php\/wp-json\/wp\/v2\/users\/1"}],"replies":[{"embeddable":true,"href":"https:\/\/meuherba.com\/index.php\/wp-json\/wp\/v2\/comments?post=1028"}],"version-history":[{"count":16,"href":"https:\/\/meuherba.com\/index.php\/wp-json\/wp\/v2\/pages\/1028\/revisions"}],"predecessor-version":[{"id":2152,"href":"https:\/\/meuherba.com\/index.php\/wp-json\/wp\/v2\/pages\/1028\/revisions\/2152"}],"wp:attachment":[{"href":"https:\/\/meuherba.com\/index.php\/wp-json\/wp\/v2\/media?parent=1028"}],"curies":[{"name":"wp","href":"https:\/\/api.w.org\/{rel}","templated":true}]}}